{"id":160,"date":"2021-10-07T08:25:49","date_gmt":"2021-10-07T08:25:49","guid":{"rendered":"https:\/\/demo.bravisthemes.com\/lawgne\/?page_id=160"},"modified":"2026-02-04T22:30:18","modified_gmt":"2026-02-04T22:30:18","slug":"blog","status":"publish","type":"page","link":"https:\/\/detectivesmj.es\/ca\/blog\/","title":{"rendered":"Blog"},"content":{"rendered":"\t\t<div data-elementor-type=\"wp-page\" data-elementor-id=\"160\" class=\"elementor elementor-160\">\n\t\t\t\t<div class=\"elementor-element elementor-element-a9c2b9d e-flex e-con-boxed e-con e-parent\" data-id=\"a9c2b9d\" data-element_type=\"container\" data-e-type=\"container\">\n\t\t\t\t\t<div class=\"e-con-inner\">\n\t\t\t\t<div class=\"elementor-element elementor-element-4c6ab5b kng-heading-layout-1 elementor-invisible elementor-widget elementor-widget-kng_heading\" data-id=\"4c6ab5b\" data-element_type=\"widget\" data-e-type=\"widget\" data-settings=\"{&quot;_animation&quot;:&quot;fadeInUp&quot;}\" data-widget_type=\"kng_heading.default\">\n\t\t\t\t<div class=\"elementor-widget-container\">\n\t\t\t\t\t<div class=\"kng-heading-wrap text-xs-center  text-md-center text-lg-start  text-center\">\n        <h1 class=\"item-title\">\n        <span>BLOG<\/span>    <\/h1>\n    <\/div>\n\n\t\t\t\t<\/div>\n\t\t\t\t<\/div>\n\t\t\t\t\t<\/div>\n\t\t\t\t<\/div>\n\t\t        <section class=\"elementor-section elementor-top-section elementor-element elementor-element-130d220 elementor-section-boxed elementor-section-height-default elementor-section-height-default kng-section-overflow-hidden-no kng-boxed-bg-false kng-section-boxed-divider-false\" data-id=\"130d220\" data-element_type=\"section\" data-e-type=\"section\">\n                                             \n            <div class=\"elementor-container elementor-column-gap-default \">\n                    <div class=\"elementor-column elementor-col-100 elementor-top-column elementor-element elementor-element-95b554d kng-column-element-default\" data-id=\"95b554d\" data-element_type=\"column\" data-e-type=\"column\">\n                        <div class=\"elementor-widget-wrap elementor-element-populated\">\n                     \n            \n         \n        \t\t<div class=\"elementor-element elementor-element-edea48d kng-post-layout-3 elementor-widget elementor-widget-kng_post_grid\" data-id=\"edea48d\" data-element_type=\"widget\" data-e-type=\"widget\" data-widget_type=\"kng_post_grid.default\">\n\t\t\t\t<div class=\"elementor-widget-container\">\n\t\t\t\t\t\r\n<div id=\"kng_post_grid-edea48d-8491\" class=\"kng-grid kng-post-grid layout-3\" data-layoutmode=\"fitRows\" data-layout=\"masonry\" data-start-page=\"1\" data-max-pages=\"1\" data-total=\"3\" data-perpage=\"9\" data-next-link=\"\">\r\n        <div class=\"kng-grid-inner kng-grid-masonry row relative animation-time\" data-layout=\"fitRows\" style=\"margin:-15px\">\r\n                    <div class=\"kng-grid-item col-xxl-12 col-xl-12 col-lg-12 col-md-12 col-sm-12\" style=\"padding:15px;\">\n                                        <div class=\"kng-item-content row gutters-30 gutters-xl-40 kng-transition clearfix\">\n                            <div class=\"kng-featured-wrap col-12 col-sm-auto empty-none\">    <div class=\"kng-featured kng-post-standard\"><div class=\"kng-featured-inner relative\">            <div class=\"post-image kng-post-image  cropped\">\r\n                <a href=\"https:\/\/detectivesmj.es\/ca\/como-espiar-movil-pareja\/\" title=\"8871Blog\" rel=\"nofollow\"><img fetchpriority=\"high\" decoding=\"async\" width=\"740\" height=\"540\" src=\"https:\/\/detectivesmj.es\/wp-content\/uploads\/2025\/08\/EspiarMovil-740x540.jpg\" class=\"attachment-medium size-medium wp-post-image\" alt=\"post image\" \/><\/a>            <\/div>\r\n            <\/div><\/div>\r\n    <\/div>\n                            <div class=\"kng-item-content-inner col\">\n                                            <div class=\"kng-post-meta \">\n                <div class=\"kng-post-meta-inner row align-items-center\">\n                            <span class=\"kng-post-date col-auto\">\n            <span class=\"meta-inner\">\n                <span class=\"meta-icon kngi-calendar-alt-regular text-accent\"><\/span>                <span>agost 29, 2025<\/span>\n            <\/span>\n        <\/span>\n                        <\/div>\n            <\/div>\n        \n                                <h3 class=\"kng-item-content-title text-30 font-700 kng-heading\">\n                                    <a href=\"https:\/\/detectivesmj.es\/ca\/como-espiar-movil-pareja\/\">C\u00f3mo espiar el m\u00f3vil de tu pareja<\/a>\n                                <\/h3>\n                                  \n                                                                \n                                                                    <div class=\"kng-btn-wraps kng-post-item-readmore kng-transition\">\n                                        <a href=\"https:\/\/detectivesmj.es\/ca\/como-espiar-movil-pareja\/\" class=\"kng-readmore kng-readmore d-inline-block btn-link\">\n                                            <span class=\"kng-btn-content\">\n                                                <span class=\"kng-btn-text\">Leer m\u00e1s<\/span>\n                                                <span class=\"kng-btn-icon kngi-arrow-right-solid\"><\/span>\n                                            <\/span>\n                                        <\/a>\n                                    <\/div>\n                                  \n                            <\/div>\n                        <\/div>\n                                    <\/div>\n                    <div class=\"kng-grid-item col-xxl-12 col-xl-12 col-lg-12 col-md-12 col-sm-12\" style=\"padding:15px;\">\n                                        <div class=\"kng-item-content row gutters-30 gutters-xl-40 kng-transition clearfix\">\n                            <div class=\"kng-featured-wrap col-12 col-sm-auto empty-none\">    <div class=\"kng-featured kng-post-standard\"><div class=\"kng-featured-inner relative\">            <div class=\"post-image kng-post-image  cropped\">\r\n                <a href=\"https:\/\/detectivesmj.es\/ca\/impago-pension-alimentos-compensatoria\/\" title=\"8870Blog\" rel=\"nofollow\"><img decoding=\"async\" width=\"740\" height=\"540\" src=\"https:\/\/detectivesmj.es\/wp-content\/uploads\/2025\/08\/ImpagoPension-740x540.jpg\" class=\"attachment-medium size-medium wp-post-image\" alt=\"post image\" \/><\/a>            <\/div>\r\n            <\/div><\/div>\r\n    <\/div>\n                            <div class=\"kng-item-content-inner col\">\n                                            <div class=\"kng-post-meta \">\n                <div class=\"kng-post-meta-inner row align-items-center\">\n                            <span class=\"kng-post-date col-auto\">\n            <span class=\"meta-inner\">\n                <span class=\"meta-icon kngi-calendar-alt-regular text-accent\"><\/span>                <span>agost 29, 2025<\/span>\n            <\/span>\n        <\/span>\n                        <\/div>\n            <\/div>\n        \n                                <h3 class=\"kng-item-content-title text-30 font-700 kng-heading\">\n                                    <a href=\"https:\/\/detectivesmj.es\/ca\/impago-pension-alimentos-compensatoria\/\">Impago de la pensi\u00f3n de alimentos o compensatoria<\/a>\n                                <\/h3>\n                                  \n                                                                \n                                                                    <div class=\"kng-btn-wraps kng-post-item-readmore kng-transition\">\n                                        <a href=\"https:\/\/detectivesmj.es\/ca\/impago-pension-alimentos-compensatoria\/\" class=\"kng-readmore kng-readmore d-inline-block btn-link\">\n                                            <span class=\"kng-btn-content\">\n                                                <span class=\"kng-btn-text\">Leer m\u00e1s<\/span>\n                                                <span class=\"kng-btn-icon kngi-arrow-right-solid\"><\/span>\n                                            <\/span>\n                                        <\/a>\n                                    <\/div>\n                                  \n                            <\/div>\n                        <\/div>\n                                    <\/div>\n                    <div class=\"kng-grid-item col-xxl-12 col-xl-12 col-lg-12 col-md-12 col-sm-12\" style=\"padding:15px;\">\n                                        <div class=\"kng-item-content row gutters-30 gutters-xl-40 kng-transition clearfix\">\n                            <div class=\"kng-featured-wrap col-12 col-sm-auto empty-none\">    <div class=\"kng-featured kng-post-standard\"><div class=\"kng-featured-inner relative\">            <div class=\"post-image kng-post-image  cropped\">\r\n                <a href=\"https:\/\/detectivesmj.es\/ca\/localizacion-personas-mayores-edad\/\" title=\"8868Blog\" rel=\"nofollow\"><img decoding=\"async\" width=\"740\" height=\"540\" src=\"https:\/\/detectivesmj.es\/wp-content\/uploads\/2025\/08\/LocalizacionPersonas-740x540.jpg\" class=\"attachment-medium size-medium wp-post-image\" alt=\"post image\" \/><\/a>            <\/div>\r\n            <\/div><\/div>\r\n    <\/div>\n                            <div class=\"kng-item-content-inner col\">\n                                            <div class=\"kng-post-meta \">\n                <div class=\"kng-post-meta-inner row align-items-center\">\n                            <span class=\"kng-post-date col-auto\">\n            <span class=\"meta-inner\">\n                <span class=\"meta-icon kngi-calendar-alt-regular text-accent\"><\/span>                <span>agost 29, 2025<\/span>\n            <\/span>\n        <\/span>\n                        <\/div>\n            <\/div>\n        \n                                <h3 class=\"kng-item-content-title text-30 font-700 kng-heading\">\n                                    <a href=\"https:\/\/detectivesmj.es\/ca\/localizacion-personas-mayores-edad\/\">Localizaci\u00f3n de personas mayores de edad<\/a>\n                                <\/h3>\n                                  \n                                                                \n                                                                    <div class=\"kng-btn-wraps kng-post-item-readmore kng-transition\">\n                                        <a href=\"https:\/\/detectivesmj.es\/ca\/localizacion-personas-mayores-edad\/\" class=\"kng-readmore kng-readmore d-inline-block btn-link\">\n                                            <span class=\"kng-btn-content\">\n                                                <span class=\"kng-btn-text\">Leer m\u00e1s<\/span>\n                                                <span class=\"kng-btn-icon kngi-arrow-right-solid\"><\/span>\n                                            <\/span>\n                                        <\/a>\n                                    <\/div>\n                                  \n                            <\/div>\n                        <\/div>\n                                    <\/div>\n                <div class=\"kng-grid-overlay\"><\/div>\r\n    <\/div>\r\n            <div class=\"kng-post-pagination kng-grid-pagination\" data-loadmore=\"{&quot;layout&quot;:&quot;3&quot;,&quot;startPage&quot;:1,&quot;maxPages&quot;:1,&quot;total&quot;:3,&quot;perpage&quot;:9,&quot;nextLink&quot;:&quot;&quot;,&quot;source&quot;:&quot;&quot;,&quot;orderby&quot;:&quot;date&quot;,&quot;order&quot;:&quot;desc&quot;,&quot;limit&quot;:9,&quot;post_ids&quot;:&quot;&quot;,&quot;pagination_type&quot;:&quot;pagination&quot;,&quot;masonry_mode&quot;:&quot;fitRows&quot;,&quot;col_xxl&quot;:&quot;1&quot;,&quot;col_xl&quot;:&quot;1&quot;,&quot;col_lg&quot;:&quot;1&quot;,&quot;col_md&quot;:&quot;1&quot;,&quot;col_sm&quot;:&quot;1&quot;,&quot;gap&quot;:30,&quot;gap_extra&quot;:&quot;&quot;,&quot;thumbnail_size&quot;:&quot;medium&quot;,&quot;thumbnail_custom_dimension&quot;:&quot;&quot;,&quot;show_date&quot;:&quot;yes&quot;,&quot;show_comment&quot;:&quot;&quot;,&quot;show_excerpt&quot;:&quot;yes&quot;,&quot;excerpt_lenght&quot;:0,&quot;excerpt_more_text&quot;:&quot;...&quot;,&quot;show_readmore&quot;:&quot;yes&quot;,&quot;readmore_text&quot;:&quot;Leer m\\u00e1s&quot;,&quot;show_fb&quot;:&quot;&quot;,&quot;show_tw&quot;:&quot;&quot;,&quot;show_insta&quot;:&quot;&quot;,&quot;show_email&quot;:&quot;&quot;,&quot;show_phone&quot;:&quot;&quot;,&quot;grid&quot;:true,&quot;pagin_align_cls&quot;:&quot;justify-content-center&quot;,&quot;grid_custom_columns&quot;:&quot;&quot;,&quot;tax&quot;:[]}\" data-query=\"{&quot;post_type&quot;:&quot;post&quot;,&quot;posts_per_page&quot;:9,&quot;order&quot;:&quot;desc&quot;,&quot;orderby&quot;:&quot;date&quot;,&quot;tax_query&quot;:{&quot;relation&quot;:&quot;OR&quot;},&quot;post__not_in&quot;:[160]}\">\r\n                    <\/div>\r\n        <\/div>\t\t\t\t<\/div>\n\t\t\t\t<\/div>\n\t\t\t\t\t<\/div>\n\t\t<\/div>\n\t\t            <\/div>\n        <\/section>\n        \t\t<\/div>\n\t\t","protected":false},"excerpt":{"rendered":"<p>BLOG agosto 29, 2025 C\u00f3mo espiar el m\u00f3vil de tu pareja Leer m\u00e1s agosto 29, 2025 Impago de la pensi\u00f3n de alimentos o compensatoria Leer m\u00e1s agosto 29, 2025 Localizaci\u00f3n de personas mayores de edad Leer m\u00e1s<\/p>","protected":false},"author":1,"featured_media":0,"parent":0,"menu_order":0,"comment_status":"closed","ping_status":"closed","template":"","meta":{"footnotes":""},"class_list":["post-160","page","type-page","status-publish","hentry","kng-no-post-thumbnail"],"yoast_head":"<!-- This site is optimized with the Yoast SEO plugin v27.3 - https:\/\/yoast.com\/product\/yoast-seo-wordpress\/ -->\n<title>ca-0-Blog - Detectives Matar\u00f3 Maresme: MJ Detectives<\/title>\n<meta name=\"description\" content=\"Art\u00edculos y consejos sobre investigaci\u00f3n privada. Aprende c\u00f3mo trabajamos los detectives, la legalidad de las pruebas y c\u00f3mo resolver casos de infidelidades, custodia y bajas laborales.\" \/>\n<meta name=\"robots\" content=\"index, follow, max-snippet:-1, max-image-preview:large, max-video-preview:-1\" \/>\n<link rel=\"canonical\" href=\"https:\/\/detectivesmj.es\/ca\/wp-json\/wp\/v2\/pages\/160\/\" \/>\n<meta property=\"og:locale\" content=\"ca_ES\" \/>\n<meta property=\"og:type\" content=\"article\" \/>\n<meta property=\"og:title\" content=\"Blog - Detectives Matar\u00f3 Maresme: MJ Detectives\" \/>\n<meta property=\"og:description\" content=\"Art\u00edculos y consejos sobre investigaci\u00f3n privada. Aprende c\u00f3mo trabajamos los detectives, la legalidad de las pruebas y c\u00f3mo resolver casos de infidelidades, custodia y bajas laborales.\" \/>\n<meta property=\"og:url\" content=\"https:\/\/detectivesmj.es\/ca\/blog\/\" \/>\n<meta property=\"og:site_name\" content=\"Detectives Matar\u00f3 Maresme: MJ Detectives\" \/>\n<meta property=\"article:modified_time\" content=\"2026-02-04T22:30:18+00:00\" \/>\n<meta property=\"og:image\" content=\"https:\/\/detectivesmj.es\/wp-content\/uploads\/2025\/08\/EspiarMovil-740x540.jpg\" \/>\n<meta name=\"twitter:card\" content=\"summary_large_image\" \/>\n<meta name=\"twitter:label1\" content=\"Temps estimat de lectura\" \/>\n\t<meta name=\"twitter:data1\" content=\"1 minut\" \/>\n<script type=\"application\/ld+json\" class=\"yoast-schema-graph\">{\"@context\":\"https:\\\/\\\/schema.org\",\"@graph\":[{\"@type\":\"WebPage\",\"@id\":\"https:\\\/\\\/detectivesmj.es\\\/blog\\\/\",\"url\":\"https:\\\/\\\/detectivesmj.es\\\/blog\\\/\",\"name\":\"Blog - Detectives Matar\u00f3 Maresme: MJ Detectives\",\"isPartOf\":{\"@id\":\"https:\\\/\\\/detectivesmj.es\\\/#website\"},\"primaryImageOfPage\":{\"@id\":\"https:\\\/\\\/detectivesmj.es\\\/blog\\\/#primaryimage\"},\"image\":{\"@id\":\"https:\\\/\\\/detectivesmj.es\\\/blog\\\/#primaryimage\"},\"thumbnailUrl\":\"https:\\\/\\\/detectivesmj.es\\\/wp-content\\\/uploads\\\/2025\\\/08\\\/EspiarMovil-740x540.jpg\",\"datePublished\":\"2021-10-07T08:25:49+00:00\",\"dateModified\":\"2026-02-04T22:30:18+00:00\",\"description\":\"Art\u00edculos y consejos sobre investigaci\u00f3n privada. Aprende c\u00f3mo trabajamos los detectives, la legalidad de las pruebas y c\u00f3mo resolver casos de infidelidades, custodia y bajas laborales.\",\"breadcrumb\":{\"@id\":\"https:\\\/\\\/detectivesmj.es\\\/blog\\\/#breadcrumb\"},\"inLanguage\":\"ca\",\"potentialAction\":[{\"@type\":\"ReadAction\",\"target\":[\"https:\\\/\\\/detectivesmj.es\\\/blog\\\/\"]}]},{\"@type\":\"ImageObject\",\"inLanguage\":\"ca\",\"@id\":\"https:\\\/\\\/detectivesmj.es\\\/blog\\\/#primaryimage\",\"url\":\"https:\\\/\\\/detectivesmj.es\\\/wp-content\\\/uploads\\\/2025\\\/08\\\/EspiarMovil-740x540.jpg\",\"contentUrl\":\"https:\\\/\\\/detectivesmj.es\\\/wp-content\\\/uploads\\\/2025\\\/08\\\/EspiarMovil-740x540.jpg\"},{\"@type\":\"BreadcrumbList\",\"@id\":\"https:\\\/\\\/detectivesmj.es\\\/blog\\\/#breadcrumb\",\"itemListElement\":[{\"@type\":\"ListItem\",\"position\":1,\"name\":\"Portada\",\"item\":\"https:\\\/\\\/detectivesmj.es\\\/\"},{\"@type\":\"ListItem\",\"position\":2,\"name\":\"Blog\"}]},{\"@type\":\"WebSite\",\"@id\":\"https:\\\/\\\/detectivesmj.es\\\/#website\",\"url\":\"https:\\\/\\\/detectivesmj.es\\\/\",\"name\":\"Detectives Matar\u00f3 Maresme: MJ Detectives\",\"description\":\"Attorney &amp; Lawyers WordPress Theme\",\"potentialAction\":[{\"@type\":\"SearchAction\",\"target\":{\"@type\":\"EntryPoint\",\"urlTemplate\":\"https:\\\/\\\/detectivesmj.es\\\/?s={search_term_string}\"},\"query-input\":{\"@type\":\"PropertyValueSpecification\",\"valueRequired\":true,\"valueName\":\"search_term_string\"}}],\"inLanguage\":\"ca\"}]}<\/script>\n<!-- \/ Yoast SEO plugin. -->","yoast_head_json":{"title":"ca-0-Blog - Detectives Matar\u00f3 Maresme: MJ Detectives","description":"Art\u00edculos y consejos sobre investigaci\u00f3n privada. Aprende c\u00f3mo trabajamos los detectives, la legalidad de las pruebas y c\u00f3mo resolver casos de infidelidades, custodia y bajas laborales.","robots":{"index":"index","follow":"follow","max-snippet":"max-snippet:-1","max-image-preview":"max-image-preview:large","max-video-preview":"max-video-preview:-1"},"canonical":"https:\/\/detectivesmj.es\/ca\/wp-json\/wp\/v2\/pages\/160\/","og_locale":"ca_ES","og_type":"article","og_title":"Blog - Detectives Matar\u00f3 Maresme: MJ Detectives","og_description":"Art\u00edculos y consejos sobre investigaci\u00f3n privada. Aprende c\u00f3mo trabajamos los detectives, la legalidad de las pruebas y c\u00f3mo resolver casos de infidelidades, custodia y bajas laborales.","og_url":"https:\/\/detectivesmj.es\/ca\/blog\/","og_site_name":"Detectives Matar\u00f3 Maresme: MJ Detectives","article_modified_time":"2026-02-04T22:30:18+00:00","og_image":[{"url":"https:\/\/detectivesmj.es\/wp-content\/uploads\/2025\/08\/EspiarMovil-740x540.jpg","type":"","width":"","height":""}],"twitter_card":"summary_large_image","twitter_misc":{"Temps estimat de lectura":"1 minut"},"schema":{"@context":"https:\/\/schema.org","@graph":[{"@type":"WebPage","@id":"https:\/\/detectivesmj.es\/blog\/","url":"https:\/\/detectivesmj.es\/blog\/","name":"Blog - Detectives Matar\u00f3 Maresme: MJ Detectives","isPartOf":{"@id":"https:\/\/detectivesmj.es\/#website"},"primaryImageOfPage":{"@id":"https:\/\/detectivesmj.es\/blog\/#primaryimage"},"image":{"@id":"https:\/\/detectivesmj.es\/blog\/#primaryimage"},"thumbnailUrl":"https:\/\/detectivesmj.es\/wp-content\/uploads\/2025\/08\/EspiarMovil-740x540.jpg","datePublished":"2021-10-07T08:25:49+00:00","dateModified":"2026-02-04T22:30:18+00:00","description":"Art\u00edculos y consejos sobre investigaci\u00f3n privada. Aprende c\u00f3mo trabajamos los detectives, la legalidad de las pruebas y c\u00f3mo resolver casos de infidelidades, custodia y bajas laborales.","breadcrumb":{"@id":"https:\/\/detectivesmj.es\/blog\/#breadcrumb"},"inLanguage":"ca","potentialAction":[{"@type":"ReadAction","target":["https:\/\/detectivesmj.es\/blog\/"]}]},{"@type":"ImageObject","inLanguage":"ca","@id":"https:\/\/detectivesmj.es\/blog\/#primaryimage","url":"https:\/\/detectivesmj.es\/wp-content\/uploads\/2025\/08\/EspiarMovil-740x540.jpg","contentUrl":"https:\/\/detectivesmj.es\/wp-content\/uploads\/2025\/08\/EspiarMovil-740x540.jpg"},{"@type":"BreadcrumbList","@id":"https:\/\/detectivesmj.es\/blog\/#breadcrumb","itemListElement":[{"@type":"ListItem","position":1,"name":"Portada","item":"https:\/\/detectivesmj.es\/"},{"@type":"ListItem","position":2,"name":"Blog"}]},{"@type":"WebSite","@id":"https:\/\/detectivesmj.es\/#website","url":"https:\/\/detectivesmj.es\/","name":"Detectives Matar\u00f3 Maresme: MJ Detectives","description":"Attorney &amp; Lawyers WordPress Theme","potentialAction":[{"@type":"SearchAction","target":{"@type":"EntryPoint","urlTemplate":"https:\/\/detectivesmj.es\/?s={search_term_string}"},"query-input":{"@type":"PropertyValueSpecification","valueRequired":true,"valueName":"search_term_string"}}],"inLanguage":"ca"}]}},"_links":{"self":[{"href":"https:\/\/detectivesmj.es\/ca\/wp-json\/wp\/v2\/pages\/160","targetHints":{"allow":["GET"]}}],"collection":[{"href":"https:\/\/detectivesmj.es\/ca\/wp-json\/wp\/v2\/pages"}],"about":[{"href":"https:\/\/detectivesmj.es\/ca\/wp-json\/wp\/v2\/types\/page"}],"author":[{"embeddable":true,"href":"https:\/\/detectivesmj.es\/ca\/wp-json\/wp\/v2\/users\/1"}],"replies":[{"embeddable":true,"href":"https:\/\/detectivesmj.es\/ca\/wp-json\/wp\/v2\/comments?post=160"}],"version-history":[{"count":10,"href":"https:\/\/detectivesmj.es\/ca\/wp-json\/wp\/v2\/pages\/160\/revisions"}],"predecessor-version":[{"id":9354,"href":"https:\/\/detectivesmj.es\/ca\/wp-json\/wp\/v2\/pages\/160\/revisions\/9354"}],"wp:attachment":[{"href":"https:\/\/detectivesmj.es\/ca\/wp-json\/wp\/v2\/media?parent=160"}],"curies":[{"name":"wp","href":"https:\/\/api.w.org\/{rel}","templated":true}]}}