{"id":7559,"date":"2025-04-23T23:09:00","date_gmt":"2025-04-23T23:09:00","guid":{"rendered":"https:\/\/detectivesmj.es\/?page_id=7559"},"modified":"2026-02-04T18:51:08","modified_gmt":"2026-02-04T18:51:08","slug":"inicio","status":"publish","type":"page","link":"https:\/\/detectivesmj.es\/ca\/","title":{"rendered":"Inici"},"content":{"rendered":"\t\t<div data-elementor-type=\"wp-page\" data-elementor-id=\"7559\" class=\"elementor elementor-7559\">\n\t\t\t\t<div class=\"elementor-element elementor-element-1f29014 e-flex e-con-boxed e-con e-parent\" data-id=\"1f29014\" data-element_type=\"container\" data-e-type=\"container\" data-settings=\"{&quot;background_background&quot;:&quot;classic&quot;}\">\n\t\t\t\t\t<div class=\"e-con-inner\">\n\t\t\t\t<div class=\"elementor-element elementor-element-eb53924 elementor-widget elementor-widget-spacer\" data-id=\"eb53924\" data-element_type=\"widget\" data-e-type=\"widget\" data-widget_type=\"spacer.default\">\n\t\t\t\t<div class=\"elementor-widget-container\">\n\t\t\t\t\t\t\t<div class=\"elementor-spacer\">\n\t\t\t<div class=\"elementor-spacer-inner\"><\/div>\n\t\t<\/div>\n\t\t\t\t\t\t<\/div>\n\t\t\t\t<\/div>\n\t\t\t\t<div class=\"elementor-element elementor-element-59a91fb elementor-widget elementor-widget-html\" data-id=\"59a91fb\" data-element_type=\"widget\" data-e-type=\"widget\" data-widget_type=\"html.default\">\n\t\t\t\t<div class=\"elementor-widget-container\">\n\t\t\t\t\t<div id=\"frases-aleatorias\" data-interval=\"4000\" aria-live=\"polite\"><\/div>\r\n\r\n<style>\r\n#frases-aleatorias{\r\n  text-align:center;\r\n  padding:20px;\r\n  min-height:40px;\r\n  transition:opacity .4s ease-in-out;\r\n  opacity:1;\r\n  \r\n  color: rgb(102, 102, 102);\r\n    font-family: \"Roboto\", Sans-serif;\r\n    font-size: 55px;\r\n    font-weight: 100;\r\n    line-height: 1.1em;\r\n}\r\n<\/style>\r\n\r\n<script>\r\ndocument.addEventListener(\"DOMContentLoaded\", () => {\r\n  const frases = [\r\n    \"La verdad es poder\",\r\n    \"Pruebas claras. Decisiones seguras\",\r\n    \"Seriedad y resultados\",\r\n    \"La verdad es la mejor inversi\u00f3n\",\r\n    \"Experiencia desde 2005\",\r\n    \"Presupuesto gratuito\",\r\n    \"Verificaci\u00f3n de hechos, no versiones\",\r\n    \"Informes para procedimientos legales\",\r\n    \"Decisiones con datos, no intuici\u00f3n\",\r\n    \"Detectar a tiempo es ahorrar ma\u00f1ana\",\r\n    \"Tomar decisiones desde la certeza\",\r\n    \"Conocer la realidad, cambiar tu futuro\",\r\n    \"No todo es lo que parece\",\r\n    \"Descubre lo oculto\",\r\n    \"Respuestas claras, decisiones firmes\",\r\n    \"Tranquilidad respaldada en evidencias\",\r\n    \"Sin pruebas no hay decisiones seguras\"\r\n  ];\r\n\r\n  const el = document.getElementById(\"frases-aleatorias\");\r\n  const INTERVAL_MS =\r\n    parseInt(el.getAttribute(\"data-interval\"), 10) || 4000; \/\/ \u2190 configurable\r\n\r\n  \/\/ Fisher\u2013Yates shuffle (evita repeticiones hasta completar ciclo)\r\n  let pool = [...frases];\r\n  function shuffle(a){ for(let i=a.length-1;i>0;i--){ const j=Math.floor(Math.random()*(i+1)); [a[i],a[j]]=[a[j],a[i]]; } return a; }\r\n  shuffle(pool);\r\n  let idx = -1;\r\n\r\n  function nextFrase(){\r\n    idx++;\r\n    if(idx >= pool.length){ pool = shuffle([...frases]); idx = 0; }\r\n    el.style.opacity = 0;\r\n    setTimeout(()=>{ el.textContent = pool[idx]; el.style.opacity = 1; }, 400);\r\n  }\r\n\r\n  nextFrase();                      \/\/ primera\r\n  setInterval(nextFrase, INTERVAL_MS); \/\/ siguientes\r\n});\r\n<\/script>\r\n\t\t\t\t<\/div>\n\t\t\t\t<\/div>\n\t\t\t\t<div class=\"elementor-element elementor-element-35b3845 elementor-widget elementor-widget-spacer\" data-id=\"35b3845\" data-element_type=\"widget\" data-e-type=\"widget\" data-widget_type=\"spacer.default\">\n\t\t\t\t<div class=\"elementor-widget-container\">\n\t\t\t\t\t\t\t<div class=\"elementor-spacer\">\n\t\t\t<div class=\"elementor-spacer-inner\"><\/div>\n\t\t<\/div>\n\t\t\t\t\t\t<\/div>\n\t\t\t\t<\/div>\n\t\t\t\t<div class=\"elementor-element elementor-element-36ee687 elementor-widget elementor-widget-image\" data-id=\"36ee687\" data-element_type=\"widget\" data-e-type=\"widget\" data-widget_type=\"image.default\">\n\t\t\t\t<div class=\"elementor-widget-container\">\n\t\t\t\t\t\t\t\t\t\t\t\t\t\t\t<img decoding=\"async\" width=\"225\" height=\"210\" src=\"https:\/\/detectivesmj.es\/wp-content\/uploads\/2025\/08\/LogoWeb-225x210-1.png\" class=\"attachment-large size-large wp-image-8786\" alt=\"texto logo\" \/>\t\t\t\t\t\t\t\t\t\t\t\t\t\t\t<\/div>\n\t\t\t\t<\/div>\n\t\t\t\t<div class=\"elementor-element elementor-element-98402d8 elementor-widget elementor-widget-spacer\" data-id=\"98402d8\" data-element_type=\"widget\" data-e-type=\"widget\" data-widget_type=\"spacer.default\">\n\t\t\t\t<div class=\"elementor-widget-container\">\n\t\t\t\t\t\t\t<div class=\"elementor-spacer\">\n\t\t\t<div class=\"elementor-spacer-inner\"><\/div>\n\t\t<\/div>\n\t\t\t\t\t\t<\/div>\n\t\t\t\t<\/div>\n\t\t\t\t\t<\/div>\n\t\t\t\t<\/div>\n\t\t        <section class=\"elementor-section elementor-top-section elementor-element elementor-element-400ea9c elementor-section-boxed elementor-section-height-default elementor-section-height-default kng-section-overflow-hidden-no kng-boxed-bg-false kng-section-boxed-divider-false\" data-id=\"400ea9c\" data-element_type=\"section\" data-e-type=\"section\" id=\"section-home\" data-settings=\"{&quot;background_background&quot;:&quot;classic&quot;}\">\n                                             \n            <div class=\"elementor-container elementor-column-gap-default \">\n                    <div class=\"elementor-column elementor-col-50 elementor-top-column elementor-element elementor-element-fee215c kng-column-element-default\" data-id=\"fee215c\" data-element_type=\"column\" data-e-type=\"column\">\n                        <div class=\"elementor-widget-wrap elementor-element-populated\">\n                     \n            \n         \n        \t\t<div class=\"elementor-element elementor-element-007e637 shape-animate1 elementor-widget__width-auto elementor-absolute elementor-widget elementor-widget-image\" data-id=\"007e637\" data-element_type=\"widget\" data-e-type=\"widget\" data-settings=\"{&quot;_position&quot;:&quot;absolute&quot;}\" data-widget_type=\"image.default\">\n\t\t\t\t<div class=\"elementor-widget-container\">\n\t\t\t\t\t\t\t\t\t\t\t\t\t\t\t<img decoding=\"async\" width=\"145\" height=\"146\" src=\"https:\/\/detectivesmj.es\/wp-content\/uploads\/2021\/11\/round-dots.png\" class=\"attachment-full size-full wp-image-3020\" alt=\"\" srcset=\"https:\/\/detectivesmj.es\/wp-content\/uploads\/2021\/11\/round-dots.png 145w, https:\/\/detectivesmj.es\/wp-content\/uploads\/2021\/11\/round-dots-96x96.png 96w\" sizes=\"(max-width: 145px) 100vw, 145px\" \/>\t\t\t\t\t\t\t\t\t\t\t\t\t\t\t<\/div>\n\t\t\t\t<\/div>\n\t\t\t\t<div class=\"elementor-element elementor-element-fc41510 shape-animate2 elementor-widget__width-auto elementor-absolute elementor-widget elementor-widget-image\" data-id=\"fc41510\" data-element_type=\"widget\" data-e-type=\"widget\" data-settings=\"{&quot;_position&quot;:&quot;absolute&quot;}\" data-widget_type=\"image.default\">\n\t\t\t\t<div class=\"elementor-widget-container\">\n\t\t\t\t\t\t\t\t\t\t\t\t\t\t\t<img decoding=\"async\" width=\"100\" height=\"33\" src=\"https:\/\/detectivesmj.es\/wp-content\/uploads\/2021\/11\/line-wave.png\" class=\"attachment-full size-full wp-image-3034\" alt=\"\" srcset=\"https:\/\/detectivesmj.es\/wp-content\/uploads\/2021\/11\/line-wave.png 100w, https:\/\/detectivesmj.es\/wp-content\/uploads\/2021\/11\/line-wave-96x33.png 96w\" sizes=\"(max-width: 100px) 100vw, 100px\" \/>\t\t\t\t\t\t\t\t\t\t\t\t\t\t\t<\/div>\n\t\t\t\t<\/div>\n\t\t\t\t<div class=\"elementor-element elementor-element-5ba6b9b kng-heading-layout-1 elementor-invisible elementor-widget elementor-widget-kng_heading\" data-id=\"5ba6b9b\" data-element_type=\"widget\" data-e-type=\"widget\" data-settings=\"{&quot;_animation&quot;:&quot;fadeInUp&quot;,&quot;_animation_delay&quot;:150}\" data-widget_type=\"kng_heading.default\">\n\t\t\t\t<div class=\"elementor-widget-container\">\n\t\t\t\t\t<div class=\"kng-heading-wrap \">\n        <h1 class=\"item-title\">\n        <span>MJ Detectives<\/span>    <\/h1>\n    <\/div>\n\n\t\t\t\t<\/div>\n\t\t\t\t<\/div>\n\t\t\t\t<div class=\"elementor-element elementor-element-5c16bd9 elementor-widget elementor-widget-text-editor\" data-id=\"5c16bd9\" data-element_type=\"widget\" data-e-type=\"widget\" data-widget_type=\"text-editor.default\">\n\t\t\t\t<div class=\"elementor-widget-container\">\n\t\t\t\t\t\t\t\t\t<p><strong>Es la primera agencia de Investigaci\u00f3n Privada creada en la zona del Maresme por una mujer<\/strong>,\u00a0quien cuenta con la correspondiente titulaci\u00f3n de Detective Privado por la Universidad de Derecho de Barcelona con licencia n\u00ba 2237 otorgada por el Ministerio del Interior,\u00a0Registro Nacional de Seguridad Privada (RNSP) con N\u00famero de Orden de Inscripci\u00f3n 10642 y con experiencia en el sector de la Investigaci\u00f3n Privada desde el a\u00f1o 2005.<\/p>\t\t\t\t\t\t\t\t<\/div>\n\t\t\t\t<\/div>\n\t\t        <section class=\"elementor-section elementor-inner-section elementor-element elementor-element-b98adc3 kng-justify-content-start elementor-hidden-widescreen elementor-hidden-desktop elementor-hidden-laptop elementor-hidden-tablet_extra elementor-hidden-tablet elementor-hidden-mobile_extra elementor-hidden-mobile elementor-section-boxed elementor-section-height-default elementor-section-height-default kng-section-overflow-hidden-no kng-boxed-bg-false kng-section-boxed-divider-false\" data-id=\"b98adc3\" data-element_type=\"section\" data-e-type=\"section\">\n                                             \n            <div class=\"elementor-container elementor-column-gap-default \">\n                    <div class=\"elementor-column elementor-col-50 elementor-inner-column elementor-element elementor-element-7656e72 kng-column-element-auto\" data-id=\"7656e72\" data-element_type=\"column\" data-e-type=\"column\">\n                        <div class=\"elementor-widget-wrap elementor-element-populated\">\n                     \n            \n         \n        \t\t<div class=\"elementor-element elementor-element-40ba6d1 kng-counter-layout2 elementor-invisible elementor-widget elementor-widget-kng_counter\" data-id=\"40ba6d1\" data-element_type=\"widget\" data-e-type=\"widget\" data-settings=\"{&quot;_animation&quot;:&quot;fadeInUp&quot;,&quot;_animation_delay&quot;:200}\" data-widget_type=\"kng_counter.default\">\n\t\t\t\t<div class=\"elementor-widget-container\">\n\t\t\t\t\t<div class=\"kng-counter-wrap  layout-2\">\r\n    <div class=\"kng-row-wrap row gutters-0\">\r\n        <div class=\"kng-counter-icon col-auto\">\r\n                    <\/div>\r\n        <div class=\"kng-count-content col-auto\">\r\n            <div class=\"kng-counter-number-wrap text-heading\">\r\n                <span class=\"kng-counter-number-prefix empty-none\"><\/span>\r\n                <span class=\"kng-counter-number\" data-duration=\"2000\" data-to-value=\"315\" data-delimiter=\",\">1<\/span><span class=\"kng-counter-number-suffix empty-none\"><\/span>\r\n            <\/div>\r\n            <div class=\"kng-counter-title text-\">Project Done<\/div>\r\n            <div class=\"kng-counter-desc text-body\">            <\/div>\r\n        <\/div>\r\n    <\/div>\r\n<\/div>\t\t\t\t<\/div>\n\t\t\t\t<\/div>\n\t\t\t\t\t<\/div>\n\t\t<\/div>\n\t\t        <div class=\"elementor-column elementor-col-50 elementor-inner-column elementor-element elementor-element-73e58a8 kng-column-element-auto\" data-id=\"73e58a8\" data-element_type=\"column\" data-e-type=\"column\">\n                        <div class=\"elementor-widget-wrap elementor-element-populated\">\n                     \n            \n         \n        \t\t<div class=\"elementor-element elementor-element-629ceca kng-counter-layout2 elementor-invisible elementor-widget elementor-widget-kng_counter\" data-id=\"629ceca\" data-element_type=\"widget\" data-e-type=\"widget\" data-settings=\"{&quot;_animation&quot;:&quot;fadeInUp&quot;,&quot;_animation_delay&quot;:250}\" data-widget_type=\"kng_counter.default\">\n\t\t\t\t<div class=\"elementor-widget-container\">\n\t\t\t\t\t<div class=\"kng-counter-wrap  layout-2\">\r\n    <div class=\"kng-row-wrap row gutters-0\">\r\n        <div class=\"kng-counter-icon col-auto\">\r\n                    <\/div>\r\n        <div class=\"kng-count-content col-auto\">\r\n            <div class=\"kng-counter-number-wrap text-heading\">\r\n                <span class=\"kng-counter-number-prefix empty-none\"><\/span>\r\n                <span class=\"kng-counter-number\" data-duration=\"2000\" data-to-value=\"952\" data-delimiter=\",\">1<\/span><span class=\"kng-counter-number-suffix empty-none\"><\/span>\r\n            <\/div>\r\n            <div class=\"kng-counter-title text-\">Awards Wining<\/div>\r\n            <div class=\"kng-counter-desc text-body\">            <\/div>\r\n        <\/div>\r\n    <\/div>\r\n<\/div>\t\t\t\t<\/div>\n\t\t\t\t<\/div>\n\t\t\t\t\t<\/div>\n\t\t<\/div>\n\t\t            <\/div>\n        <\/section>\n        \t\t\t<\/div>\n\t\t<\/div>\n\t\t        <div class=\"elementor-column elementor-col-50 elementor-top-column elementor-element elementor-element-1644f9e elementor-hidden-mobile_extra elementor-hidden-mobile kng-column-element-default\" data-id=\"1644f9e\" data-element_type=\"column\" data-e-type=\"column\">\n                        <div class=\"elementor-widget-wrap elementor-element-populated\">\n                     \n            \n         \n        \t\t<div class=\"elementor-element elementor-element-57a5241 elementor-absolute animated-slow elementor-hidden-widescreen elementor-hidden-desktop elementor-hidden-laptop elementor-hidden-tablet_extra elementor-hidden-tablet elementor-hidden-mobile_extra elementor-hidden-mobile elementor-invisible elementor-widget elementor-widget-image\" data-id=\"57a5241\" data-element_type=\"widget\" data-e-type=\"widget\" data-settings=\"{&quot;_position&quot;:&quot;absolute&quot;,&quot;_animation&quot;:&quot;fadeInRight&quot;,&quot;_animation_delay&quot;:350}\" data-widget_type=\"image.default\">\n\t\t\t\t<div class=\"elementor-widget-container\">\n\t\t\t\t\t\t\t\t\t\t\t\t\t\t\t<img loading=\"lazy\" decoding=\"async\" width=\"600\" height=\"449\" src=\"https:\/\/detectivesmj.es\/wp-content\/uploads\/2025\/04\/detective.jpg\" class=\"attachment-full size-full wp-image-7623\" alt=\"\" \/>\t\t\t\t\t\t\t\t\t\t\t\t\t\t\t<\/div>\n\t\t\t\t<\/div>\n\t\t\t\t\t<\/div>\n\t\t<\/div>\n\t\t            <\/div>\n        <\/section>\n        <div class=\"elementor-element elementor-element-20d0d57 e-flex e-con-boxed e-con e-parent\" data-id=\"20d0d57\" data-element_type=\"container\" data-e-type=\"container\">\n\t\t\t\t\t<div class=\"e-con-inner\">\n\t\t<div class=\"elementor-element elementor-element-0442271 e-con-full e-flex e-con e-child\" data-id=\"0442271\" data-element_type=\"container\" data-e-type=\"container\">\n\t\t\t\t<div class=\"elementor-element elementor-element-e205a8b elementor-widget elementor-widget-text-editor\" data-id=\"e205a8b\" data-element_type=\"widget\" data-e-type=\"widget\" data-widget_type=\"text-editor.default\">\n\t\t\t\t<div class=\"elementor-widget-container\">\n\t\t\t\t\t\t\t\t\t<p class=\"text fonts-style d7\">Nuestros servicios est\u00e1n enfocados tanto a personas particulares que tienen la necesidad de resolver una situaci\u00f3n para la cual no disponen de los medios necesarios, as\u00ed como a empresas que nos requieren para solventar una contrariedad que les est\u00e1 causando una significativa p\u00e9rdida econ\u00f3mica o gasto innecesario.<\/p>\n<p class=\"text fonts-style d7\"><span class=\"PP\">C<\/span>reemos que tanto la persona que simplemente solicita un presupuesto como el cliente que finalmente contrata nuestros servicios, necesita y busca una implicaci\u00f3n personal por parte del detective privado;\u00a0<span style=\"color: #bf560c;\">lo que para un detective privado puede ser una investigaci\u00f3n m\u00e1s para el cliente es siempre un problema \u00fanico y\n    as\u00ed es como tenemos la intenci\u00f3n de tratarlo,<\/span>\u00a0siendo el cliente, su situaci\u00f3n y su tranquilidad personal nuestra preocupaci\u00f3n,\u00a0<span style=\"color: #bf560c;\">ofreciendo, incluso una vez\n    acabada la investigaci\u00f3n y sin coste extra, asesoramiento legal y personal.<\/span><\/p>\t\t\t\t\t\t\t\t<\/div>\n\t\t\t\t<\/div>\n\t\t\t\t<\/div>\n\t\t<div class=\"elementor-element elementor-element-ca8869d e-con-full e-flex e-con e-child\" data-id=\"ca8869d\" data-element_type=\"container\" data-e-type=\"container\">\n\t\t\t\t<div class=\"elementor-element elementor-element-fbbb539 elementor-widget elementor-widget-text-editor\" data-id=\"fbbb539\" data-element_type=\"widget\" data-e-type=\"widget\" data-widget_type=\"text-editor.default\">\n\t\t\t\t<div class=\"elementor-widget-container\">\n\t\t\t\t\t\t\t\t\t<p class=\"text fonts-style d7\"><strong style=\"font-size: 30px;\">E<\/strong>speramos conf\u00ede en nosotros, a cambio le ofrecemos implicaci\u00f3n personal y seriedad en la resoluci\u00f3n&nbsp;de la investigaci\u00f3n y unos honorarios acordes a su caso, todo ello sin olvidar&nbsp;que usted y su tranquilidad personal ser\u00e1n nuestra mayor preocupaci\u00f3n.<\/p>\n<p class=\"text fonts-style d7\"><strong>M\u00aa Jos\u00e9 Vicente<\/strong><\/p>\n<p><strong>&nbsp;&#8230;tarde o temprano todo se descubre&#8230;<\/strong><\/p>\t\t\t\t\t\t\t\t<\/div>\n\t\t\t\t<\/div>\n\t\t\t\t<\/div>\n\t\t\t\t\t<\/div>\n\t\t\t\t<\/div>\n\t\t\t\t<\/div>\n\t\t","protected":false},"excerpt":{"rendered":"<p>MJ Detectives Es la primera agencia de Investigaci\u00f3n Privada creada en la zona del Maresme por una mujer,\u00a0quien cuenta con la correspondiente titulaci\u00f3n de Detective Privado por la Universidad de Derecho de Barcelona con licencia n\u00ba 2237 otorgada por el Ministerio del Interior,\u00a0Registro Nacional de Seguridad Privada (RNSP) con N\u00famero de Orden de Inscripci\u00f3n 10642 [&hellip;]<\/p>\n","protected":false},"author":1,"featured_media":0,"parent":0,"menu_order":0,"comment_status":"closed","ping_status":"closed","template":"","meta":{"footnotes":""},"class_list":["post-7559","page","type-page","status-publish","hentry","kng-no-post-thumbnail"],"yoast_head":"<!-- This site is optimized with the Yoast SEO plugin v27.3 - https:\/\/yoast.com\/product\/yoast-seo-wordpress\/ -->\n<title>ca-0-Inicio - Detectives Matar\u00f3 Maresme: MJ Detectives<\/title>\n<meta name=\"description\" content=\"MJ Detectives: Agencia de investigaci\u00f3n privada en Matar\u00f3 y el Maresme liderada por M\u00aa Jos\u00e9 Vicente. Expertos en infidelidades, custodia y bajas laborales con m\u00e1xima discreci\u00f3n.\" \/>\n<meta name=\"robots\" content=\"index, follow, max-snippet:-1, max-image-preview:large, max-video-preview:-1\" \/>\n<link rel=\"canonical\" href=\"https:\/\/detectivesmj.es\/ca\/wp-json\/wp\/v2\/pages\/7559\/\" \/>\n<meta property=\"og:locale\" content=\"ca_ES\" \/>\n<meta property=\"og:type\" content=\"article\" \/>\n<meta property=\"og:title\" content=\"Inicio - Detectives Matar\u00f3 Maresme: MJ Detectives\" \/>\n<meta property=\"og:description\" content=\"MJ Detectives: Agencia de investigaci\u00f3n privada en Matar\u00f3 y el Maresme liderada por M\u00aa Jos\u00e9 Vicente. Expertos en infidelidades, custodia y bajas laborales con m\u00e1xima discreci\u00f3n.\" \/>\n<meta property=\"og:url\" content=\"https:\/\/detectivesmj.es\/ca\/\" \/>\n<meta property=\"og:site_name\" content=\"Detectives Matar\u00f3 Maresme: MJ Detectives\" \/>\n<meta property=\"article:modified_time\" content=\"2026-02-04T18:51:08+00:00\" \/>\n<meta property=\"og:image\" content=\"https:\/\/detectivesmj.es\/wp-content\/uploads\/2025\/08\/LogoWeb-225x210-1.png\" \/>\n<meta name=\"twitter:card\" content=\"summary_large_image\" \/>\n<meta name=\"twitter:label1\" content=\"Temps estimat de lectura\" \/>\n\t<meta name=\"twitter:data1\" content=\"2 minuts\" \/>\n<script type=\"application\/ld+json\" class=\"yoast-schema-graph\">{\"@context\":\"https:\\\/\\\/schema.org\",\"@graph\":[{\"@type\":\"WebPage\",\"@id\":\"https:\\\/\\\/detectivesmj.es\\\/\",\"url\":\"https:\\\/\\\/detectivesmj.es\\\/\",\"name\":\"Inicio - Detectives Matar\u00f3 Maresme: MJ Detectives\",\"isPartOf\":{\"@id\":\"https:\\\/\\\/detectivesmj.es\\\/#website\"},\"primaryImageOfPage\":{\"@id\":\"https:\\\/\\\/detectivesmj.es\\\/#primaryimage\"},\"image\":{\"@id\":\"https:\\\/\\\/detectivesmj.es\\\/#primaryimage\"},\"thumbnailUrl\":\"https:\\\/\\\/detectivesmj.es\\\/wp-content\\\/uploads\\\/2025\\\/08\\\/LogoWeb-225x210-1.png\",\"datePublished\":\"2025-04-23T23:09:00+00:00\",\"dateModified\":\"2026-02-04T18:51:08+00:00\",\"description\":\"MJ Detectives: Agencia de investigaci\u00f3n privada en Matar\u00f3 y el Maresme liderada por M\u00aa Jos\u00e9 Vicente. Expertos en infidelidades, custodia y bajas laborales con m\u00e1xima discreci\u00f3n.\",\"breadcrumb\":{\"@id\":\"https:\\\/\\\/detectivesmj.es\\\/#breadcrumb\"},\"inLanguage\":\"ca\",\"potentialAction\":[{\"@type\":\"ReadAction\",\"target\":[\"https:\\\/\\\/detectivesmj.es\\\/\"]}]},{\"@type\":\"ImageObject\",\"inLanguage\":\"ca\",\"@id\":\"https:\\\/\\\/detectivesmj.es\\\/#primaryimage\",\"url\":\"https:\\\/\\\/detectivesmj.es\\\/wp-content\\\/uploads\\\/2025\\\/08\\\/LogoWeb-225x210-1.png\",\"contentUrl\":\"https:\\\/\\\/detectivesmj.es\\\/wp-content\\\/uploads\\\/2025\\\/08\\\/LogoWeb-225x210-1.png\"},{\"@type\":\"BreadcrumbList\",\"@id\":\"https:\\\/\\\/detectivesmj.es\\\/#breadcrumb\",\"itemListElement\":[{\"@type\":\"ListItem\",\"position\":1,\"name\":\"Portada\",\"item\":\"https:\\\/\\\/detectivesmj.es\\\/\"},{\"@type\":\"ListItem\",\"position\":2,\"name\":\"Inicio\"}]},{\"@type\":\"WebSite\",\"@id\":\"https:\\\/\\\/detectivesmj.es\\\/#website\",\"url\":\"https:\\\/\\\/detectivesmj.es\\\/\",\"name\":\"Detectives Matar\u00f3 Maresme: MJ Detectives\",\"description\":\"Attorney &amp; Lawyers WordPress Theme\",\"potentialAction\":[{\"@type\":\"SearchAction\",\"target\":{\"@type\":\"EntryPoint\",\"urlTemplate\":\"https:\\\/\\\/detectivesmj.es\\\/?s={search_term_string}\"},\"query-input\":{\"@type\":\"PropertyValueSpecification\",\"valueRequired\":true,\"valueName\":\"search_term_string\"}}],\"inLanguage\":\"ca\"}]}<\/script>\n<!-- \/ Yoast SEO plugin. -->","yoast_head_json":{"title":"ca-0-Inicio - Detectives Matar\u00f3 Maresme: MJ Detectives","description":"MJ Detectives: Agencia de investigaci\u00f3n privada en Matar\u00f3 y el Maresme liderada por M\u00aa Jos\u00e9 Vicente. Expertos en infidelidades, custodia y bajas laborales con m\u00e1xima discreci\u00f3n.","robots":{"index":"index","follow":"follow","max-snippet":"max-snippet:-1","max-image-preview":"max-image-preview:large","max-video-preview":"max-video-preview:-1"},"canonical":"https:\/\/detectivesmj.es\/ca\/wp-json\/wp\/v2\/pages\/7559\/","og_locale":"ca_ES","og_type":"article","og_title":"Inicio - Detectives Matar\u00f3 Maresme: MJ Detectives","og_description":"MJ Detectives: Agencia de investigaci\u00f3n privada en Matar\u00f3 y el Maresme liderada por M\u00aa Jos\u00e9 Vicente. Expertos en infidelidades, custodia y bajas laborales con m\u00e1xima discreci\u00f3n.","og_url":"https:\/\/detectivesmj.es\/ca\/","og_site_name":"Detectives Matar\u00f3 Maresme: MJ Detectives","article_modified_time":"2026-02-04T18:51:08+00:00","og_image":[{"url":"https:\/\/detectivesmj.es\/wp-content\/uploads\/2025\/08\/LogoWeb-225x210-1.png","type":"","width":"","height":""}],"twitter_card":"summary_large_image","twitter_misc":{"Temps estimat de lectura":"2 minuts"},"schema":{"@context":"https:\/\/schema.org","@graph":[{"@type":"WebPage","@id":"https:\/\/detectivesmj.es\/","url":"https:\/\/detectivesmj.es\/","name":"Inicio - Detectives Matar\u00f3 Maresme: MJ Detectives","isPartOf":{"@id":"https:\/\/detectivesmj.es\/#website"},"primaryImageOfPage":{"@id":"https:\/\/detectivesmj.es\/#primaryimage"},"image":{"@id":"https:\/\/detectivesmj.es\/#primaryimage"},"thumbnailUrl":"https:\/\/detectivesmj.es\/wp-content\/uploads\/2025\/08\/LogoWeb-225x210-1.png","datePublished":"2025-04-23T23:09:00+00:00","dateModified":"2026-02-04T18:51:08+00:00","description":"MJ Detectives: Agencia de investigaci\u00f3n privada en Matar\u00f3 y el Maresme liderada por M\u00aa Jos\u00e9 Vicente. Expertos en infidelidades, custodia y bajas laborales con m\u00e1xima discreci\u00f3n.","breadcrumb":{"@id":"https:\/\/detectivesmj.es\/#breadcrumb"},"inLanguage":"ca","potentialAction":[{"@type":"ReadAction","target":["https:\/\/detectivesmj.es\/"]}]},{"@type":"ImageObject","inLanguage":"ca","@id":"https:\/\/detectivesmj.es\/#primaryimage","url":"https:\/\/detectivesmj.es\/wp-content\/uploads\/2025\/08\/LogoWeb-225x210-1.png","contentUrl":"https:\/\/detectivesmj.es\/wp-content\/uploads\/2025\/08\/LogoWeb-225x210-1.png"},{"@type":"BreadcrumbList","@id":"https:\/\/detectivesmj.es\/#breadcrumb","itemListElement":[{"@type":"ListItem","position":1,"name":"Portada","item":"https:\/\/detectivesmj.es\/"},{"@type":"ListItem","position":2,"name":"Inicio"}]},{"@type":"WebSite","@id":"https:\/\/detectivesmj.es\/#website","url":"https:\/\/detectivesmj.es\/","name":"Detectives Matar\u00f3 Maresme: MJ Detectives","description":"Attorney &amp; Lawyers WordPress Theme","potentialAction":[{"@type":"SearchAction","target":{"@type":"EntryPoint","urlTemplate":"https:\/\/detectivesmj.es\/?s={search_term_string}"},"query-input":{"@type":"PropertyValueSpecification","valueRequired":true,"valueName":"search_term_string"}}],"inLanguage":"ca"}]}},"_links":{"self":[{"href":"https:\/\/detectivesmj.es\/ca\/wp-json\/wp\/v2\/pages\/7559","targetHints":{"allow":["GET"]}}],"collection":[{"href":"https:\/\/detectivesmj.es\/ca\/wp-json\/wp\/v2\/pages"}],"about":[{"href":"https:\/\/detectivesmj.es\/ca\/wp-json\/wp\/v2\/types\/page"}],"author":[{"embeddable":true,"href":"https:\/\/detectivesmj.es\/ca\/wp-json\/wp\/v2\/users\/1"}],"replies":[{"embeddable":true,"href":"https:\/\/detectivesmj.es\/ca\/wp-json\/wp\/v2\/comments?post=7559"}],"version-history":[{"count":85,"href":"https:\/\/detectivesmj.es\/ca\/wp-json\/wp\/v2\/pages\/7559\/revisions"}],"predecessor-version":[{"id":9284,"href":"https:\/\/detectivesmj.es\/ca\/wp-json\/wp\/v2\/pages\/7559\/revisions\/9284"}],"wp:attachment":[{"href":"https:\/\/detectivesmj.es\/ca\/wp-json\/wp\/v2\/media?parent=7559"}],"curies":[{"name":"wp","href":"https:\/\/api.w.org\/{rel}","templated":true}]}}