{"id":7601,"date":"2025-04-27T23:17:22","date_gmt":"2025-04-27T23:17:22","guid":{"rendered":"https:\/\/detectivesmj.es\/?page_id=7601"},"modified":"2026-02-04T22:28:22","modified_gmt":"2026-02-04T22:28:22","slug":"contacto","status":"publish","type":"page","link":"https:\/\/detectivesmj.es\/ca\/contacto\/","title":{"rendered":"Contacte"},"content":{"rendered":"<div data-elementor-type=\"wp-page\" data-elementor-id=\"7601\" class=\"elementor elementor-7601\">\n\t\t\t\t        <section class=\"elementor-section elementor-top-section elementor-element elementor-element-5b43e40 kng-section-overflow-hidden-yes elementor-section-boxed elementor-section-height-default elementor-section-height-default kng-boxed-bg-false kng-section-boxed-divider-false\" data-id=\"5b43e40\" data-element_type=\"section\" data-e-type=\"section\" data-settings=\"{&quot;background_background&quot;:&quot;gradient&quot;}\">\n        <div class=\"kng-section-bg-parallax\" data-parallax=\"{&quot;x&quot;:30,&quot;y&quot;:30}\"><\/div>                                     \n            <div class=\"elementor-container elementor-column-gap-default\">\n                    <div class=\"elementor-column elementor-col-50 elementor-top-column elementor-element elementor-element-d3e388c kng-column-element-default\" data-id=\"d3e388c\" data-element_type=\"column\" data-e-type=\"column\">\n                        <div class=\"elementor-widget-wrap elementor-element-populated\">\n                     \n            \n         \n        \t\t<div class=\"elementor-element elementor-element-9170ec3 kng-style-1 elementor-tablet-align-center elementor-icon-list--layout-traditional elementor-list-item-link-full_width elementor-invisible elementor-widget elementor-widget-icon-list\" data-id=\"9170ec3\" data-element_type=\"widget\" data-e-type=\"widget\" data-settings=\"{&quot;_animation&quot;:&quot;fadeInUp&quot;}\" data-widget_type=\"icon-list.default\">\n\t\t\t\t<div class=\"elementor-widget-container\">\n\t\t\t\t\t\t\t<ul class=\"elementor-icon-list-items\">\n\t\t\t\t\t\t\t<li class=\"elementor-icon-list-item\">\n\t\t\t\t\t\t\t\t\t\t\t<span class=\"elementor-icon-list-icon\">\n\t\t\t\t\t\t\t<i aria-hidden=\"true\" class=\"kngi kngi-email\"><\/i>\t\t\t\t\t\t<\/span>\n\t\t\t\t\t\t\t\t\t\t<span class=\"elementor-icon-list-text\">CONTACTE<\/span>\n\t\t\t\t\t\t\t\t\t<\/li>\n\t\t\t\t\t\t<\/ul>\n\t\t\t\t\t\t<\/div>\n\t\t\t\t<\/div>\n\t\t\t\t<div class=\"elementor-element elementor-element-6385ee4 kng-heading-layout-1 elementor-invisible elementor-widget elementor-widget-kng_heading\" data-id=\"6385ee4\" data-element_type=\"widget\" data-e-type=\"widget\" data-settings=\"{&quot;_animation&quot;:&quot;fadeInUp&quot;}\" data-widget_type=\"kng_heading.default\">\n\t\t\t\t<div class=\"elementor-widget-container\">\n\t\t\t\t\t<div class=\"kng-heading-wrap text-xs-center  text-md-center text-lg-start\">\n        <h1 class=\"item-title\">\n        <span>Sempre en contacte per a la teva tranquil\u00b7litat<\/span>    <\/h1>\n    <\/div>\n\n\t\t\t\t<\/div>\n\t\t\t\t<\/div>\n\t\t\t\t<div class=\"elementor-element elementor-element-45ec6d6 elementor-widget elementor-widget-text-editor\" data-id=\"45ec6d6\" data-element_type=\"widget\" data-e-type=\"widget\" data-widget_type=\"text-editor.default\">\n\t\t\t\t<div class=\"elementor-widget-container\">\n\t\t\t\t\t\t\t\t\t<p>Si desitja sol\u00b7licitar informaci\u00f3, pot contactar amb nosaltres per tel\u00e8fon o enviar-nos un correu electr\u00f2nic detallant breument l'assumpte i ens posarem en contacte amb vost\u00e8.<\/p>\t\t\t\t\t\t\t\t<\/div>\n\t\t\t\t<\/div>\n\t\t\t\t<div class=\"elementor-element elementor-element-1cba256 custom-font-hm kng-quick-contact-layout-2 elementor-invisible elementor-widget elementor-widget-kng_quickcontact\" data-id=\"1cba256\" data-element_type=\"widget\" data-e-type=\"widget\" data-settings=\"{&quot;_animation&quot;:&quot;fadeInUp&quot;,&quot;_animation_delay&quot;:150}\" data-widget_type=\"kng_quickcontact.default\">\n\t\t\t\t<div class=\"elementor-widget-container\">\n\t\t\t\t\t<div class=\"kng-qc-wrap layout-2\">\r\n\t<div class=\"qc-content-wrap\">\r\n\t\t\t\t<div class=\"qc-title\">Detectives MJ<br \/>\n <span>Matar\u00f3<\/span><\/div> \r\n\t\t\t\t<div class=\"qc-desc-wrap\">\r\n\t\t\t\t\t\t\t\t\t\t\t\t<div class=\"qc-item\">\r\n\t\t\t\t\t\t<i aria-hidden=\"true\" class=\"kngi kngi-phone-alt1\"><\/i>\t\t\t\t\t\t\t\t\t\t\t\t<span><a href=\"tel:+34 639 169 989\">+34 639 169 989<\/a><\/span>\r\n\t\t\t\t\t<\/div>\r\n\t\t\t\t\t\t\t\t\t\t\t\t\t\t\t\t<div class=\"qc-item\">\r\n\t\t\t\t\t\t<i aria-hidden=\"true\" class=\"kngi kngi-envelope-regular\"><\/i>\t\t\t\t\t\t\t\t\t\t\t\t<span><a href=\"mailto:info@detectivesmj.es\">info@detectivesmj.es<\/a><\/span>\r\n\t\t\t\t\t<\/div>\r\n\t\t\t\t\t\t\t\t\t\t\t\t\t\t\t\t<div class=\"qc-item\">\r\n\t\t\t\t\t\t<i aria-hidden=\"true\" class=\"kngi kngi-marker-alt\"><\/i>\t\t\t\t\t\t\t\t\t\t\t\t<span>Mataro<\/span>\r\n\t\t\t\t\t<\/div>\r\n\t\t\t\t\t\t\t\t\t<\/div>\r\n\t<\/div>\r\n<\/div>\t\t\t\t<\/div>\n\t\t\t\t<\/div>\n\t\t\t\t\t<\/div>\n\t\t<\/div>\n\t\t        <div class=\"elementor-column elementor-col-50 elementor-top-column elementor-element elementor-element-139ca26 kng-column-element-default\" data-id=\"139ca26\" data-element_type=\"column\" data-e-type=\"column\">\n                        <div class=\"elementor-widget-wrap elementor-element-populated\">\n                     \n            \n         \n        \t\t<div class=\"elementor-element elementor-element-2ceb0b3 kng-cf7-layout-1 elementor-widget elementor-widget-kng_ctf7\" data-id=\"2ceb0b3\" data-element_type=\"widget\" data-e-type=\"widget\" data-widget_type=\"kng_ctf7.default\">\n\t\t\t\t<div class=\"elementor-widget-container\">\n\t\t\t\t\t<div class=\"kng-cf7 relative\">\r\n    <div class=\"kng-cf7-inner\">\r\n    \t        <div class=\"kng-cf-heading mb-30\">\r\n            <h3>Contacta amb nosaltres<\/h3>\r\n            <p>Qualsevol comentari o dubte que tinguis, podem parlar-ne per a la teva tranquil\u00b7litat.<\/p>\r\n        <\/div>\r\n    \t        <div class=\"kng-cf-form\">\n<div class=\"wpcf7 no-js\" id=\"wpcf7-f8322-o1\" lang=\"es-ES\" dir=\"ltr\" data-wpcf7-id=\"8322\">\n<div class=\"screen-reader-response\"><p role=\"status\" aria-live=\"polite\" aria-atomic=\"true\"><\/p> <ul><\/ul><\/div>\n<form action=\"\/ca\/wp-json\/wp\/v2\/pages\/7601#wpcf7-f8322-o1\" method=\"post\" class=\"wpcf7-form init\" aria-label=\"Formulario de contacto\" novalidate=\"novalidate\" data-status=\"init\" data-trp-original-action=\"\/ca\/wp-json\/wp\/v2\/pages\/7601#wpcf7-f8322-o1\">\n<fieldset class=\"hidden-fields-container\"><input type=\"hidden\" name=\"_wpcf7\" value=\"8322\" \/><input type=\"hidden\" name=\"_wpcf7_version\" value=\"6.1.5\" \/><input type=\"hidden\" name=\"_wpcf7_locale\" value=\"es_ES\" \/><input type=\"hidden\" name=\"_wpcf7_unit_tag\" value=\"wpcf7-f8322-o1\" \/><input type=\"hidden\" name=\"_wpcf7_container_post\" value=\"0\" \/><input type=\"hidden\" name=\"_wpcf7_posted_data_hash\" value=\"\" \/>\n<\/fieldset>\n<div class=\"contact-main\">\n\t<div class=\"row\">\n\t\t<div class=\"col-12 mb-15\">\n\t\t\t<p><span class=\"wpcf7-form-control-wrap\" data-name=\"your-name\"><input size=\"40\" maxlength=\"400\" class=\"wpcf7-form-control wpcf7-text wpcf7-validates-as-required cff\" aria-required=\"true\" aria-invalid=\"false\" placeholder=\"Nom\" value=\"\" type=\"text\" name=\"your-name\" \/><\/span><span class=\"icon kngi-user-alt\"><\/span>\n\t\t\t<\/p>\n\t\t<\/div>\n\t\t<div class=\"col-12 mb-15\">\n\t\t\t<p><span class=\"wpcf7-form-control-wrap\" data-name=\"your-email\"><input size=\"40\" maxlength=\"400\" class=\"wpcf7-form-control wpcf7-email wpcf7-validates-as-required wpcf7-text wpcf7-validates-as-email cff\" aria-required=\"true\" aria-invalid=\"false\" placeholder=\"Email\" value=\"\" type=\"email\" name=\"your-email\" \/><\/span><span class=\"icon kngi-envelope-open-regular\"><\/span>\n\t\t\t<\/p>\n\t\t<\/div>\n\t\t<div class=\"col-12 mb-15\">\n\t\t\t<p><span class=\"wpcf7-form-control-wrap\" data-name=\"your-phone\"><input size=\"40\" maxlength=\"400\" class=\"wpcf7-form-control wpcf7-tel wpcf7-validates-as-required wpcf7-text wpcf7-validates-as-tel cff\" aria-required=\"true\" aria-invalid=\"false\" placeholder=\"Tel\u00e8fon\" value=\"\" type=\"tel\" name=\"your-phone\" \/><\/span><span class=\"icon kngi-phone\"><\/span>\n\t\t\t<\/p>\n\t\t<\/div>\n\t\t<div class=\"col-12 mb-15\">\n\t\t\t<p><span class=\"wpcf7-form-control-wrap\" data-name=\"your-message\"><textarea cols=\"40\" rows=\"9\" maxlength=\"2000\" class=\"wpcf7-form-control wpcf7-textarea cff\" aria-invalid=\"false\" placeholder=\"Escriu el teu missatge\" name=\"your-message\"><\/textarea><\/span>\n\t\t\t<\/p>\n\t\t<\/div>\n\t\t<div class=\"col-12 btn-div\">\n\t\t\t<p><button class=\"btn\" type=\"submit\">Enviar missatge <span class=\"kngi-arrow-right-solid\"><\/span><\/button>\n\t\t\t<\/p>\n\t\t<\/div>\n\t<\/div>\n<\/div><div class=\"wpcf7-response-output\" aria-hidden=\"true\"><\/div>\n<input type=\"hidden\" name=\"trp-form-language\" value=\"ca\"\/><\/form>\n<\/div>\n<\/div>\r\n    <\/div>\r\n<\/div>\t\t\t\t<\/div>\n\t\t\t\t<\/div>\n\t\t\t\t\t<\/div>\n\t\t<\/div>\n\t\t            <\/div>\n        <\/section>\n        \t\t<\/div>","protected":false},"excerpt":{"rendered":"<p>CONTACTO Siempre en contacto para tu tranquilidad Si desea solicitar informaci\u00f3n puede contactarnos por tel\u00e9fono o enviarnos un correo electr\u00f3nico detallando brevemente el asunto y nos pondremos en contacto con usted. Detectives MJ Matar\u00f3 +34 639 169 989 info@detectivesmj.es Mataro Contacta con nosotros Cualquier comentario o duda que tengas podemos hablarlo para tu tranquilidad. Enviar [&hellip;]<\/p>\n","protected":false},"author":1,"featured_media":0,"parent":0,"menu_order":0,"comment_status":"closed","ping_status":"closed","template":"","meta":{"footnotes":""},"class_list":["post-7601","page","type-page","status-publish","hentry","kng-no-post-thumbnail"],"yoast_head":"<!-- This site is optimized with the Yoast SEO plugin v27.3 - https:\/\/yoast.com\/product\/yoast-seo-wordpress\/ -->\n<title>ca-0-Contacto - Detectives Matar\u00f3 Maresme: MJ Detectives<\/title>\n<meta name=\"description\" content=\"\u00bfNecesita pruebas para su caso? Contacte con MJ Detectives. Ofrecemos asesoramiento personalizado, presupuesto sin compromiso y m\u00e1xima discreci\u00f3n las 24 horas para resolver sus dudas legales.\" \/>\n<meta name=\"robots\" content=\"index, follow, max-snippet:-1, max-image-preview:large, max-video-preview:-1\" \/>\n<link rel=\"canonical\" href=\"https:\/\/detectivesmj.es\/ca\/wp-json\/wp\/v2\/pages\/7601\/\" \/>\n<meta property=\"og:locale\" content=\"ca_ES\" \/>\n<meta property=\"og:type\" content=\"article\" \/>\n<meta property=\"og:title\" content=\"Contacto - Detectives Matar\u00f3 Maresme: MJ Detectives\" \/>\n<meta property=\"og:description\" content=\"\u00bfNecesita pruebas para su caso? Contacte con MJ Detectives. Ofrecemos asesoramiento personalizado, presupuesto sin compromiso y m\u00e1xima discreci\u00f3n las 24 horas para resolver sus dudas legales.\" \/>\n<meta property=\"og:url\" content=\"https:\/\/detectivesmj.es\/ca\/contacto\/\" \/>\n<meta property=\"og:site_name\" content=\"Detectives Matar\u00f3 Maresme: MJ Detectives\" \/>\n<meta property=\"article:modified_time\" content=\"2026-02-04T22:28:22+00:00\" \/>\n<meta name=\"twitter:card\" content=\"summary_large_image\" \/>\n<meta name=\"twitter:label1\" content=\"Temps estimat de lectura\" \/>\n\t<meta name=\"twitter:data1\" content=\"1 minut\" \/>\n<script type=\"application\/ld+json\" class=\"yoast-schema-graph\">{\"@context\":\"https:\\\/\\\/schema.org\",\"@graph\":[{\"@type\":\"WebPage\",\"@id\":\"https:\\\/\\\/detectivesmj.es\\\/contacto\\\/\",\"url\":\"https:\\\/\\\/detectivesmj.es\\\/contacto\\\/\",\"name\":\"Contacto - Detectives Matar\u00f3 Maresme: MJ Detectives\",\"isPartOf\":{\"@id\":\"https:\\\/\\\/detectivesmj.es\\\/#website\"},\"datePublished\":\"2025-04-27T23:17:22+00:00\",\"dateModified\":\"2026-02-04T22:28:22+00:00\",\"description\":\"\u00bfNecesita pruebas para su caso? Contacte con MJ Detectives. Ofrecemos asesoramiento personalizado, presupuesto sin compromiso y m\u00e1xima discreci\u00f3n las 24 horas para resolver sus dudas legales.\",\"breadcrumb\":{\"@id\":\"https:\\\/\\\/detectivesmj.es\\\/contacto\\\/#breadcrumb\"},\"inLanguage\":\"ca\",\"potentialAction\":[{\"@type\":\"ReadAction\",\"target\":[\"https:\\\/\\\/detectivesmj.es\\\/contacto\\\/\"]}]},{\"@type\":\"BreadcrumbList\",\"@id\":\"https:\\\/\\\/detectivesmj.es\\\/contacto\\\/#breadcrumb\",\"itemListElement\":[{\"@type\":\"ListItem\",\"position\":1,\"name\":\"Portada\",\"item\":\"https:\\\/\\\/detectivesmj.es\\\/\"},{\"@type\":\"ListItem\",\"position\":2,\"name\":\"Contacto\"}]},{\"@type\":\"WebSite\",\"@id\":\"https:\\\/\\\/detectivesmj.es\\\/#website\",\"url\":\"https:\\\/\\\/detectivesmj.es\\\/\",\"name\":\"Detectives Matar\u00f3 Maresme: MJ Detectives\",\"description\":\"Attorney &amp; Lawyers WordPress Theme\",\"potentialAction\":[{\"@type\":\"SearchAction\",\"target\":{\"@type\":\"EntryPoint\",\"urlTemplate\":\"https:\\\/\\\/detectivesmj.es\\\/?s={search_term_string}\"},\"query-input\":{\"@type\":\"PropertyValueSpecification\",\"valueRequired\":true,\"valueName\":\"search_term_string\"}}],\"inLanguage\":\"ca\"}]}<\/script>\n<!-- \/ Yoast SEO plugin. -->","yoast_head_json":{"title":"ca-0-Contacto - Detectives Matar\u00f3 Maresme: MJ Detectives","description":"\u00bfNecesita pruebas para su caso? Contacte con MJ Detectives. Ofrecemos asesoramiento personalizado, presupuesto sin compromiso y m\u00e1xima discreci\u00f3n las 24 horas para resolver sus dudas legales.","robots":{"index":"index","follow":"follow","max-snippet":"max-snippet:-1","max-image-preview":"max-image-preview:large","max-video-preview":"max-video-preview:-1"},"canonical":"https:\/\/detectivesmj.es\/ca\/wp-json\/wp\/v2\/pages\/7601\/","og_locale":"ca_ES","og_type":"article","og_title":"Contacto - Detectives Matar\u00f3 Maresme: MJ Detectives","og_description":"\u00bfNecesita pruebas para su caso? Contacte con MJ Detectives. Ofrecemos asesoramiento personalizado, presupuesto sin compromiso y m\u00e1xima discreci\u00f3n las 24 horas para resolver sus dudas legales.","og_url":"https:\/\/detectivesmj.es\/ca\/contacto\/","og_site_name":"Detectives Matar\u00f3 Maresme: MJ Detectives","article_modified_time":"2026-02-04T22:28:22+00:00","twitter_card":"summary_large_image","twitter_misc":{"Temps estimat de lectura":"1 minut"},"schema":{"@context":"https:\/\/schema.org","@graph":[{"@type":"WebPage","@id":"https:\/\/detectivesmj.es\/contacto\/","url":"https:\/\/detectivesmj.es\/contacto\/","name":"Contacto - Detectives Matar\u00f3 Maresme: MJ Detectives","isPartOf":{"@id":"https:\/\/detectivesmj.es\/#website"},"datePublished":"2025-04-27T23:17:22+00:00","dateModified":"2026-02-04T22:28:22+00:00","description":"\u00bfNecesita pruebas para su caso? Contacte con MJ Detectives. Ofrecemos asesoramiento personalizado, presupuesto sin compromiso y m\u00e1xima discreci\u00f3n las 24 horas para resolver sus dudas legales.","breadcrumb":{"@id":"https:\/\/detectivesmj.es\/contacto\/#breadcrumb"},"inLanguage":"ca","potentialAction":[{"@type":"ReadAction","target":["https:\/\/detectivesmj.es\/contacto\/"]}]},{"@type":"BreadcrumbList","@id":"https:\/\/detectivesmj.es\/contacto\/#breadcrumb","itemListElement":[{"@type":"ListItem","position":1,"name":"Portada","item":"https:\/\/detectivesmj.es\/"},{"@type":"ListItem","position":2,"name":"Contacto"}]},{"@type":"WebSite","@id":"https:\/\/detectivesmj.es\/#website","url":"https:\/\/detectivesmj.es\/","name":"Detectives Matar\u00f3 Maresme: MJ Detectives","description":"Attorney &amp; Lawyers WordPress Theme","potentialAction":[{"@type":"SearchAction","target":{"@type":"EntryPoint","urlTemplate":"https:\/\/detectivesmj.es\/?s={search_term_string}"},"query-input":{"@type":"PropertyValueSpecification","valueRequired":true,"valueName":"search_term_string"}}],"inLanguage":"ca"}]}},"_links":{"self":[{"href":"https:\/\/detectivesmj.es\/ca\/wp-json\/wp\/v2\/pages\/7601","targetHints":{"allow":["GET"]}}],"collection":[{"href":"https:\/\/detectivesmj.es\/ca\/wp-json\/wp\/v2\/pages"}],"about":[{"href":"https:\/\/detectivesmj.es\/ca\/wp-json\/wp\/v2\/types\/page"}],"author":[{"embeddable":true,"href":"https:\/\/detectivesmj.es\/ca\/wp-json\/wp\/v2\/users\/1"}],"replies":[{"embeddable":true,"href":"https:\/\/detectivesmj.es\/ca\/wp-json\/wp\/v2\/comments?post=7601"}],"version-history":[{"count":31,"href":"https:\/\/detectivesmj.es\/ca\/wp-json\/wp\/v2\/pages\/7601\/revisions"}],"predecessor-version":[{"id":9348,"href":"https:\/\/detectivesmj.es\/ca\/wp-json\/wp\/v2\/pages\/7601\/revisions\/9348"}],"wp:attachment":[{"href":"https:\/\/detectivesmj.es\/ca\/wp-json\/wp\/v2\/media?parent=7601"}],"curies":[{"name":"wp","href":"https:\/\/api.w.org\/{rel}","templated":true}]}}