{"id":8091,"date":"2025-07-27T09:00:59","date_gmt":"2025-07-27T09:00:59","guid":{"rendered":"https:\/\/detectivesmj.es\/?page_id=8091"},"modified":"2026-02-04T22:23:30","modified_gmt":"2026-02-04T22:23:30","slug":"empresa","status":"publish","type":"page","link":"https:\/\/detectivesmj.es\/ca\/empresa\/","title":{"rendered":"Empresa"},"content":{"rendered":"<div data-elementor-type=\"wp-page\" data-elementor-id=\"8091\" class=\"elementor elementor-8091\">\n\t\t\t\t        <section class=\"elementor-section elementor-top-section elementor-element elementor-element-df6d976 kng-section-overflow-hidden-yes elementor-section-boxed elementor-section-height-default elementor-section-height-default kng-boxed-bg-false kng-section-boxed-divider-false\" data-id=\"df6d976\" data-element_type=\"section\" data-e-type=\"section\" id=\"section-home\" data-settings=\"{&quot;background_background&quot;:&quot;gradient&quot;}\">\n        <div class=\"kng-section-bg-parallax\" data-parallax=\"{&quot;x&quot;:30,&quot;y&quot;:30}\"><\/div>                                     \n            <div class=\"elementor-container elementor-column-gap-default\">\n                    <div class=\"elementor-column elementor-col-100 elementor-top-column elementor-element elementor-element-69748a3 kng-column-element-default\" data-id=\"69748a3\" data-element_type=\"column\" data-e-type=\"column\">\n                        <div class=\"elementor-widget-wrap elementor-element-populated\">\n                     \n            \n         \n        \t\t<div class=\"elementor-element elementor-element-f48d648 kng-style-1 elementor-tablet-align-center elementor-icon-list--layout-traditional elementor-list-item-link-full_width elementor-invisible elementor-widget elementor-widget-icon-list\" data-id=\"f48d648\" data-element_type=\"widget\" data-e-type=\"widget\" data-settings=\"{&quot;_animation&quot;:&quot;fadeInUp&quot;}\" data-widget_type=\"icon-list.default\">\n\t\t\t\t<div class=\"elementor-widget-container\">\n\t\t\t\t\t\t\t<ul class=\"elementor-icon-list-items\">\n\t\t\t\t\t\t\t<li class=\"elementor-icon-list-item\">\n\t\t\t\t\t\t\t\t\t\t\t<span class=\"elementor-icon-list-icon\">\n\t\t\t\t\t\t\t<i aria-hidden=\"true\" class=\"far fa-info-circle\"><\/i>\t\t\t\t\t\t<\/span>\n\t\t\t\t\t\t\t\t\t\t<span class=\"elementor-icon-list-text\">EMPRESA<\/span>\n\t\t\t\t\t\t\t\t\t<\/li>\n\t\t\t\t\t\t<\/ul>\n\t\t\t\t\t\t<\/div>\n\t\t\t\t<\/div>\n\t\t\t\t<div class=\"elementor-element elementor-element-347a9f5 kng-heading-layout-1 elementor-invisible elementor-widget elementor-widget-kng_heading\" data-id=\"347a9f5\" data-element_type=\"widget\" data-e-type=\"widget\" data-settings=\"{&quot;_animation&quot;:&quot;fadeInUp&quot;}\" data-widget_type=\"kng_heading.default\">\n\t\t\t\t<div class=\"elementor-widget-container\">\n\t\t\t\t\t<div class=\"kng-heading-wrap text-xs-center  text-md-center text-lg-start\">\n        <h1 class=\"item-title\">\n        <span>MJ Detectives: comprom\u00eds, experi\u00e8ncia i proximitat en cada cas<\/span>    <\/h1>\n    <\/div>\n\n\t\t\t\t<\/div>\n\t\t\t\t<\/div>\n\t\t\t\t<div class=\"elementor-element elementor-element-f3eb5a6 elementor-widget elementor-widget-text-editor\" data-id=\"f3eb5a6\" data-element_type=\"widget\" data-e-type=\"widget\" data-widget_type=\"text-editor.default\">\n\t\t\t\t<div class=\"elementor-widget-container\">\n\t\t\t\t\t\t\t\t\t<p><strong style=\"color: #bf560c;\">MJ Detectives<\/strong> \u00e9s la primera ag\u00e8ncia d'Investigaci\u00f3 Privada creada a la zona del Maresme per una dona, la qual disposa de la corresponent <strong style=\"color: #bf560c;\">titulaci\u00f3 de Detectiu Privat per la Universitat de Dret de Barcelona, amb llic\u00e8ncia n\u00fam. 2237<\/strong> atorgada pel Ministeri de l'Interior, inscrita al Registre Nacional de Seguretat Privada (RNSP) amb el N\u00famero d'Ordre d'Inscripci\u00f3 10642 i amb experi\u00e8ncia al sector de la Investigaci\u00f3 Privada des de l'any 2005.<\/p><p>Els nostres serveis s'adrecen tant a particulars que necessiten resoldre una situaci\u00f3 per a la qual no disposen dels mitjans necessaris, com a empreses que requereixen la nostra intervenci\u00f3 per solucionar una problem\u00e0tica que els est\u00e0 causant una p\u00e8rdua econ\u00f2mica significativa o una despesa innecess\u00e0ria.<\/p><p>Creiem que, tant la persona que simplement sol\u00b7licita un pressupost com el client que finalment contracta els nostres serveis, necessita i busca una implicaci\u00f3 personal per part del detectiu privat. All\u00f2 que per a un detectiu pot ser una investigaci\u00f3 m\u00e9s, per al client \u00e9s sempre un problema \u00fanic, i aix\u00ed \u00e9s com tenim la intenci\u00f3 de tractar-lo. La nostra prioritat \u00e9s el client, la seva situaci\u00f3 i la seva tranquil\u00b7litat personal; per aix\u00f2 oferim, fins i tot un cop finalitzada la investigaci\u00f3 i sense cost addicional, assessorament legal i personal.<\/p><p>Esperem que ens faci confian\u00e7a; a canvi, li oferim implicaci\u00f3 personal i serietat en la resoluci\u00f3 de la investigaci\u00f3, aix\u00ed com uns honoraris ajustats al seu cas. Tot aix\u00f2, sense oblidar que vost\u00e8 i la seva tranquil\u00b7litat personal seran la nostra m\u00e0xima preocupaci\u00f3.<\/p>\t\t\t\t\t\t\t\t<\/div>\n\t\t\t\t<\/div>\n\t\t\t\t\t<\/div>\n\t\t<\/div>\n\t\t            <\/div>\n        <\/section>\n        <div class=\"elementor-element elementor-element-ed67644 e-flex e-con-boxed e-con e-parent\" data-id=\"ed67644\" data-element_type=\"container\" data-e-type=\"container\">\n\t\t\t\t\t<div class=\"e-con-inner\">\n\t\t\t\t<div class=\"elementor-element elementor-element-b957036 kng-heading-layout-1 elementor-invisible elementor-widget elementor-widget-kng_heading\" data-id=\"b957036\" data-element_type=\"widget\" data-e-type=\"widget\" data-settings=\"{&quot;_animation&quot;:&quot;fadeInUp&quot;}\" data-widget_type=\"kng_heading.default\">\n\t\t\t\t<div class=\"elementor-widget-container\">\n\t\t\t\t\t<div class=\"kng-heading-wrap text-xs-center  text-md-center text-lg-start\">\n        <h3 class=\"item-title\">\n        <span>...tard o d'hora, tot es descobreix...<\/span>    <\/h3>\n    <\/div>\n\n\t\t\t\t<\/div>\n\t\t\t\t<\/div>\n\t\t\t\t\t<\/div>\n\t\t\t\t<\/div>\n\t\t\t\t<\/div>","protected":false},"excerpt":{"rendered":"<p>EMPRESA MJ Detectives: compromiso, experiencia y cercan\u00eda en cada caso MJ Detectives es la primera agencia de Investigaci\u00f3n Privada creada en la zona del Maresme por una mujer, quien cuenta con la correspondiente titulaci\u00f3n de detective privado por la Universidad de Derecho de Barcelona con licencia n\u00ba 2237 otorgada por el Ministerio del Interior, Registro [&hellip;]<\/p>\n","protected":false},"author":1,"featured_media":0,"parent":0,"menu_order":0,"comment_status":"closed","ping_status":"closed","template":"","meta":{"footnotes":""},"class_list":["post-8091","page","type-page","status-publish","hentry","kng-no-post-thumbnail"],"yoast_head":"<!-- This site is optimized with the Yoast SEO plugin v27.3 - https:\/\/yoast.com\/product\/yoast-seo-wordpress\/ -->\n<title>ca-0-Empresa - Detectives Matar\u00f3 Maresme: MJ Detectives<\/title>\n<meta name=\"description\" content=\"Proteja los activos de su negocio con MJ Detectives. Especialistas en investigaci\u00f3n de bajas laborales fingidas, competencia desleal y hurtos internos en Matar\u00f3 y el Maresme.\" \/>\n<meta name=\"robots\" content=\"index, follow, max-snippet:-1, max-image-preview:large, max-video-preview:-1\" \/>\n<link rel=\"canonical\" href=\"https:\/\/detectivesmj.es\/ca\/wp-json\/wp\/v2\/pages\/8091\/\" \/>\n<meta property=\"og:locale\" content=\"ca_ES\" \/>\n<meta property=\"og:type\" content=\"article\" \/>\n<meta property=\"og:title\" content=\"Empresa - Detectives Matar\u00f3 Maresme: MJ Detectives\" \/>\n<meta property=\"og:description\" content=\"Proteja los activos de su negocio con MJ Detectives. Especialistas en investigaci\u00f3n de bajas laborales fingidas, competencia desleal y hurtos internos en Matar\u00f3 y el Maresme.\" \/>\n<meta property=\"og:url\" content=\"https:\/\/detectivesmj.es\/ca\/empresa\/\" \/>\n<meta property=\"og:site_name\" content=\"Detectives Matar\u00f3 Maresme: MJ Detectives\" \/>\n<meta property=\"article:modified_time\" content=\"2026-02-04T22:23:30+00:00\" \/>\n<meta name=\"twitter:card\" content=\"summary_large_image\" \/>\n<meta name=\"twitter:label1\" content=\"Temps estimat de lectura\" \/>\n\t<meta name=\"twitter:data1\" content=\"2 minuts\" \/>\n<script type=\"application\/ld+json\" class=\"yoast-schema-graph\">{\"@context\":\"https:\\\/\\\/schema.org\",\"@graph\":[{\"@type\":\"WebPage\",\"@id\":\"https:\\\/\\\/detectivesmj.es\\\/empresa\\\/\",\"url\":\"https:\\\/\\\/detectivesmj.es\\\/empresa\\\/\",\"name\":\"Empresa - Detectives Matar\u00f3 Maresme: MJ Detectives\",\"isPartOf\":{\"@id\":\"https:\\\/\\\/detectivesmj.es\\\/#website\"},\"datePublished\":\"2025-07-27T09:00:59+00:00\",\"dateModified\":\"2026-02-04T22:23:30+00:00\",\"description\":\"Proteja los activos de su negocio con MJ Detectives. Especialistas en investigaci\u00f3n de bajas laborales fingidas, competencia desleal y hurtos internos en Matar\u00f3 y el Maresme.\",\"breadcrumb\":{\"@id\":\"https:\\\/\\\/detectivesmj.es\\\/empresa\\\/#breadcrumb\"},\"inLanguage\":\"ca\",\"potentialAction\":[{\"@type\":\"ReadAction\",\"target\":[\"https:\\\/\\\/detectivesmj.es\\\/empresa\\\/\"]}]},{\"@type\":\"BreadcrumbList\",\"@id\":\"https:\\\/\\\/detectivesmj.es\\\/empresa\\\/#breadcrumb\",\"itemListElement\":[{\"@type\":\"ListItem\",\"position\":1,\"name\":\"Portada\",\"item\":\"https:\\\/\\\/detectivesmj.es\\\/\"},{\"@type\":\"ListItem\",\"position\":2,\"name\":\"Empresa\"}]},{\"@type\":\"WebSite\",\"@id\":\"https:\\\/\\\/detectivesmj.es\\\/#website\",\"url\":\"https:\\\/\\\/detectivesmj.es\\\/\",\"name\":\"Detectives Matar\u00f3 Maresme: MJ Detectives\",\"description\":\"Attorney &amp; Lawyers WordPress Theme\",\"potentialAction\":[{\"@type\":\"SearchAction\",\"target\":{\"@type\":\"EntryPoint\",\"urlTemplate\":\"https:\\\/\\\/detectivesmj.es\\\/?s={search_term_string}\"},\"query-input\":{\"@type\":\"PropertyValueSpecification\",\"valueRequired\":true,\"valueName\":\"search_term_string\"}}],\"inLanguage\":\"ca\"}]}<\/script>\n<!-- \/ Yoast SEO plugin. -->","yoast_head_json":{"title":"ca-0-Empresa - Detectives Matar\u00f3 Maresme: MJ Detectives","description":"Proteja los activos de su negocio con MJ Detectives. Especialistas en investigaci\u00f3n de bajas laborales fingidas, competencia desleal y hurtos internos en Matar\u00f3 y el Maresme.","robots":{"index":"index","follow":"follow","max-snippet":"max-snippet:-1","max-image-preview":"max-image-preview:large","max-video-preview":"max-video-preview:-1"},"canonical":"https:\/\/detectivesmj.es\/ca\/wp-json\/wp\/v2\/pages\/8091\/","og_locale":"ca_ES","og_type":"article","og_title":"Empresa - Detectives Matar\u00f3 Maresme: MJ Detectives","og_description":"Proteja los activos de su negocio con MJ Detectives. Especialistas en investigaci\u00f3n de bajas laborales fingidas, competencia desleal y hurtos internos en Matar\u00f3 y el Maresme.","og_url":"https:\/\/detectivesmj.es\/ca\/empresa\/","og_site_name":"Detectives Matar\u00f3 Maresme: MJ Detectives","article_modified_time":"2026-02-04T22:23:30+00:00","twitter_card":"summary_large_image","twitter_misc":{"Temps estimat de lectura":"2 minuts"},"schema":{"@context":"https:\/\/schema.org","@graph":[{"@type":"WebPage","@id":"https:\/\/detectivesmj.es\/empresa\/","url":"https:\/\/detectivesmj.es\/empresa\/","name":"Empresa - Detectives Matar\u00f3 Maresme: MJ Detectives","isPartOf":{"@id":"https:\/\/detectivesmj.es\/#website"},"datePublished":"2025-07-27T09:00:59+00:00","dateModified":"2026-02-04T22:23:30+00:00","description":"Proteja los activos de su negocio con MJ Detectives. Especialistas en investigaci\u00f3n de bajas laborales fingidas, competencia desleal y hurtos internos en Matar\u00f3 y el Maresme.","breadcrumb":{"@id":"https:\/\/detectivesmj.es\/empresa\/#breadcrumb"},"inLanguage":"ca","potentialAction":[{"@type":"ReadAction","target":["https:\/\/detectivesmj.es\/empresa\/"]}]},{"@type":"BreadcrumbList","@id":"https:\/\/detectivesmj.es\/empresa\/#breadcrumb","itemListElement":[{"@type":"ListItem","position":1,"name":"Portada","item":"https:\/\/detectivesmj.es\/"},{"@type":"ListItem","position":2,"name":"Empresa"}]},{"@type":"WebSite","@id":"https:\/\/detectivesmj.es\/#website","url":"https:\/\/detectivesmj.es\/","name":"Detectives Matar\u00f3 Maresme: MJ Detectives","description":"Attorney &amp; Lawyers WordPress Theme","potentialAction":[{"@type":"SearchAction","target":{"@type":"EntryPoint","urlTemplate":"https:\/\/detectivesmj.es\/?s={search_term_string}"},"query-input":{"@type":"PropertyValueSpecification","valueRequired":true,"valueName":"search_term_string"}}],"inLanguage":"ca"}]}},"_links":{"self":[{"href":"https:\/\/detectivesmj.es\/ca\/wp-json\/wp\/v2\/pages\/8091","targetHints":{"allow":["GET"]}}],"collection":[{"href":"https:\/\/detectivesmj.es\/ca\/wp-json\/wp\/v2\/pages"}],"about":[{"href":"https:\/\/detectivesmj.es\/ca\/wp-json\/wp\/v2\/types\/page"}],"author":[{"embeddable":true,"href":"https:\/\/detectivesmj.es\/ca\/wp-json\/wp\/v2\/users\/1"}],"replies":[{"embeddable":true,"href":"https:\/\/detectivesmj.es\/ca\/wp-json\/wp\/v2\/comments?post=8091"}],"version-history":[{"count":40,"href":"https:\/\/detectivesmj.es\/ca\/wp-json\/wp\/v2\/pages\/8091\/revisions"}],"predecessor-version":[{"id":9306,"href":"https:\/\/detectivesmj.es\/ca\/wp-json\/wp\/v2\/pages\/8091\/revisions\/9306"}],"wp:attachment":[{"href":"https:\/\/detectivesmj.es\/ca\/wp-json\/wp\/v2\/media?parent=8091"}],"curies":[{"name":"wp","href":"https:\/\/api.w.org\/{rel}","templated":true}]}}