{"id":8118,"date":"2025-07-27T09:12:30","date_gmt":"2025-07-27T09:12:30","guid":{"rendered":"https:\/\/detectivesmj.es\/?page_id=8118"},"modified":"2026-02-04T22:23:59","modified_gmt":"2026-02-04T22:23:59","slug":"metodo-de-trabajo","status":"publish","type":"page","link":"https:\/\/detectivesmj.es\/ca\/metodo-de-trabajo\/","title":{"rendered":"M\u00e8tode de treball"},"content":{"rendered":"<div data-elementor-type=\"wp-page\" data-elementor-id=\"8118\" class=\"elementor elementor-8118\">\n\t\t\t\t        <section class=\"elementor-section elementor-top-section elementor-element elementor-element-df6d976 kng-section-overflow-hidden-yes elementor-section-boxed elementor-section-height-default elementor-section-height-default kng-boxed-bg-false kng-section-boxed-divider-false\" data-id=\"df6d976\" data-element_type=\"section\" data-e-type=\"section\" id=\"section-home\" data-settings=\"{&quot;background_background&quot;:&quot;gradient&quot;}\">\n        <div class=\"kng-section-bg-parallax\" data-parallax=\"{&quot;x&quot;:30,&quot;y&quot;:30}\"><\/div>                                     \n            <div class=\"elementor-container elementor-column-gap-default\">\n                    <div class=\"elementor-column elementor-col-50 elementor-top-column elementor-element elementor-element-69748a3 kng-column-element-default\" data-id=\"69748a3\" data-element_type=\"column\" data-e-type=\"column\">\n                        <div class=\"elementor-widget-wrap elementor-element-populated\">\n                     \n            \n         \n        \t\t<div class=\"elementor-element elementor-element-f48d648 kng-style-1 elementor-tablet-align-center elementor-icon-list--layout-traditional elementor-list-item-link-full_width elementor-invisible elementor-widget elementor-widget-icon-list\" data-id=\"f48d648\" data-element_type=\"widget\" data-e-type=\"widget\" data-settings=\"{&quot;_animation&quot;:&quot;fadeInUp&quot;}\" data-widget_type=\"icon-list.default\">\n\t\t\t\t<div class=\"elementor-widget-container\">\n\t\t\t\t\t\t\t<ul class=\"elementor-icon-list-items\">\n\t\t\t\t\t\t\t<li class=\"elementor-icon-list-item\">\n\t\t\t\t\t\t\t\t\t\t\t<span class=\"elementor-icon-list-icon\">\n\t\t\t\t\t\t\t<i aria-hidden=\"true\" class=\"far fa-info-circle\"><\/i>\t\t\t\t\t\t<\/span>\n\t\t\t\t\t\t\t\t\t\t<span class=\"elementor-icon-list-text\">M\u00c8TODE DE TREBALL<\/span>\n\t\t\t\t\t\t\t\t\t<\/li>\n\t\t\t\t\t\t<\/ul>\n\t\t\t\t\t\t<\/div>\n\t\t\t\t<\/div>\n\t\t\t\t<div class=\"elementor-element elementor-element-347a9f5 kng-heading-layout-1 elementor-invisible elementor-widget elementor-widget-kng_heading\" data-id=\"347a9f5\" data-element_type=\"widget\" data-e-type=\"widget\" data-settings=\"{&quot;_animation&quot;:&quot;fadeInUp&quot;}\" data-widget_type=\"kng_heading.default\">\n\t\t\t\t<div class=\"elementor-widget-container\">\n\t\t\t\t\t<div class=\"kng-heading-wrap text-xs-center  text-md-center text-lg-start\">\n        <h1 class=\"item-title\">\n        <span>Transpar\u00e8ncia, legalitat i acompanyament en tot el proc\u00e9s<\/span>    <\/h1>\n    <\/div>\n\n\t\t\t\t<\/div>\n\t\t\t\t<\/div>\n\t\t\t\t<div class=\"elementor-element elementor-element-f3eb5a6 elementor-widget elementor-widget-text-editor\" data-id=\"f3eb5a6\" data-element_type=\"widget\" data-e-type=\"widget\" data-widget_type=\"text-editor.default\">\n\t\t\t\t<div class=\"elementor-widget-container\">\n\t\t\t\t\t\t\t\t\tLa nostra preocupaci\u00f3 per vost\u00e8 comen\u00e7a en el moment en qu\u00e8 ens exposa el cas i sol\u00b7licita un pressupost.\n<br \/><br \/>\nUn cop ens hagi explicat el seu cas, analitzarem de forma objectiva la situaci\u00f3 que ens planteja, tenint en compte els aspectes legals, personals i l'objectiu final de la investigaci\u00f3. Tra\u00e7arem un pla d'actuaci\u00f3 per al seu cas concret i li facilitarem, de forma gratu\u00efta, el pressupost corresponent.\n<br \/><br \/>\nEn el moment de contractar els nostres serveis, signarem un contracte de \u00abPrestaci\u00f3 de Serveis\u00bb on s'especificaran tots els detalls de la investigaci\u00f3; aix\u00f2 suposa una garantia per a vost\u00e8 respecte al que contractar\u00e0, els honoraris acordats i el fet que la nostra actuaci\u00f3 s'ajusta a la legalitat.\n<br \/><br \/>\nPer formalitzar el servei, haur\u00e0 d'abonar una provisi\u00f3 de fons que es descomptar\u00e0 del cost final de la investigaci\u00f3, aix\u00ed com aportar-nos tots els detalls i dades que tingui respecte a la persona o objecte a investigar.\n<br \/><br \/>\nLa investigaci\u00f3 s'iniciar\u00e0 i es desenvolupar\u00e0 d'acord amb all\u00f2 pressupostat, i el mantindrem sempre informat de la seva evoluci\u00f3.\n<br \/><br \/>\nAix\u00ed mateix, vost\u00e8 ens podr\u00e0 expressar en qualsevol moment el desig de finalitzar la investigaci\u00f3, encara que no s'hagi assolit l'objectiu final, i s'ajustar\u00e0 el cost als dies realitzats. Un cop finalitzat el servei, li lliurarem un informe d'investigaci\u00f3 on es detallar\u00e0 tot all\u00f2 observat i les proves obtingudes.\t\t\t\t\t\t\t\t<\/div>\n\t\t\t\t<\/div>\n\t\t\t\t\t<\/div>\n\t\t<\/div>\n\t\t        <div class=\"elementor-column elementor-col-50 elementor-top-column elementor-element elementor-element-d1b306e kng-column-element-default\" data-id=\"d1b306e\" data-element_type=\"column\" data-e-type=\"column\">\n                        <div class=\"elementor-widget-wrap elementor-element-populated\">\n                     \n            \n         \n        \t\t<div class=\"elementor-element elementor-element-51d12d5 elementor-invisible elementor-widget elementor-widget-image\" data-id=\"51d12d5\" data-element_type=\"widget\" data-e-type=\"widget\" data-settings=\"{&quot;_animation&quot;:&quot;fadeInRight&quot;}\" data-widget_type=\"image.default\">\n\t\t\t\t<div class=\"elementor-widget-container\">\n\t\t\t\t\t\t\t\t\t\t\t\t\t\t\t<img fetchpriority=\"high\" decoding=\"async\" width=\"626\" height=\"417\" src=\"https:\/\/detectivesmj.es\/wp-content\/uploads\/2025\/07\/camara.jpg\" class=\"attachment-full size-full wp-image-8129\" alt=\"foto c\u00e1mara\" \/>\t\t\t\t\t\t\t\t\t\t\t\t\t\t\t<\/div>\n\t\t\t\t<\/div>\n\t\t\t\t<div class=\"elementor-element elementor-element-019c0d1 elementor-widget elementor-widget-text-editor\" data-id=\"019c0d1\" data-element_type=\"widget\" data-e-type=\"widget\" data-widget_type=\"text-editor.default\">\n\t\t\t\t<div class=\"elementor-widget-container\">\n\t\t\t\t\t\t\t\t\t<p>Aquest informe constitueix una prova amb validesa legal per ser aportada davant d'organismes judicials; en cas d'haver de presentar-lo davant d'un tribunal, assistirem al judici en qualitat de testimonis per ratificar-lo.<\/p><p>Valor afegit: li oferim la possibilitat, sense cost addicional i nom\u00e9s si vost\u00e8 ho desitja, de mantenir el contacte un cop finalitzada la investigaci\u00f3 per facilitar-li assessorament legal o personal.<\/p>\t\t\t\t\t\t\t\t<\/div>\n\t\t\t\t<\/div>\n\t\t\t\t\t<\/div>\n\t\t<\/div>\n\t\t            <\/div>\n        <\/section>\n        <div class=\"elementor-element elementor-element-5e617b9 e-flex e-con-boxed e-con e-parent\" data-id=\"5e617b9\" data-element_type=\"container\" data-e-type=\"container\">\n\t\t\t\t\t<div class=\"e-con-inner\">\n\t\t\t\t<div class=\"elementor-element elementor-element-bd4a33e kng-heading-layout-1 elementor-invisible elementor-widget elementor-widget-kng_heading\" data-id=\"bd4a33e\" data-element_type=\"widget\" data-e-type=\"widget\" data-settings=\"{&quot;_animation&quot;:&quot;fadeInUp&quot;}\" data-widget_type=\"kng_heading.default\">\n\t\t\t\t<div class=\"elementor-widget-container\">\n\t\t\t\t\t<div class=\"kng-heading-wrap text-xs-center  text-md-center text-lg-start\">\n        <h3 class=\"item-title\">\n        <span>...tard o d'hora, tot es descobreix...<\/span>    <\/h3>\n    <\/div>\n\n\t\t\t\t<\/div>\n\t\t\t\t<\/div>\n\t\t\t\t\t<\/div>\n\t\t\t\t<\/div>\n\t\t\t\t<\/div>","protected":false},"excerpt":{"rendered":"<p>M\u00c9TODO DE TRABAJO Transparencia, legalidad y acompa\u00f1amiento en todo el proceso Nuestra preocupaci\u00f3n por usted comienza en el momento que nos expone el caso y solicita un presupuesto. Tras explicarnos su caso analizaremos de forma objetiva la situaci\u00f3n que nos plantea considerando aspectos legales, personales y el objetivo final de la investigaci\u00f3n. Trazaremos un plan [&hellip;]<\/p>\n","protected":false},"author":1,"featured_media":0,"parent":0,"menu_order":0,"comment_status":"closed","ping_status":"closed","template":"","meta":{"footnotes":""},"class_list":["post-8118","page","type-page","status-publish","hentry","kng-no-post-thumbnail"],"yoast_head":"<!-- This site is optimized with the Yoast SEO plugin v27.3 - https:\/\/yoast.com\/product\/yoast-seo-wordpress\/ -->\n<title>ca-0-M\u00e9todo de trabajo - Detectives Matar\u00f3 Maresme: MJ Detectives<\/title>\n<meta name=\"description\" content=\"Descubre c\u00f3mo trabajamos en MJ Detectives. Un proceso basado en la legalidad, la discreci\u00f3n y la obtenci\u00f3n de pruebas v\u00e1lidas ante tribunales para resolver tu caso con \u00e9xito.\" \/>\n<meta name=\"robots\" content=\"index, follow, max-snippet:-1, max-image-preview:large, max-video-preview:-1\" \/>\n<link rel=\"canonical\" href=\"https:\/\/detectivesmj.es\/ca\/wp-json\/wp\/v2\/pages\/8118\/\" \/>\n<meta property=\"og:locale\" content=\"ca_ES\" \/>\n<meta property=\"og:type\" content=\"article\" \/>\n<meta property=\"og:title\" content=\"M\u00e9todo de trabajo - Detectives Matar\u00f3 Maresme: MJ Detectives\" \/>\n<meta property=\"og:description\" content=\"Descubre c\u00f3mo trabajamos en MJ Detectives. Un proceso basado en la legalidad, la discreci\u00f3n y la obtenci\u00f3n de pruebas v\u00e1lidas ante tribunales para resolver tu caso con \u00e9xito.\" \/>\n<meta property=\"og:url\" content=\"https:\/\/detectivesmj.es\/ca\/metodo-de-trabajo\/\" \/>\n<meta property=\"og:site_name\" content=\"Detectives Matar\u00f3 Maresme: MJ Detectives\" \/>\n<meta property=\"article:modified_time\" content=\"2026-02-04T22:23:59+00:00\" \/>\n<meta property=\"og:image\" content=\"https:\/\/detectivesmj.es\/wp-content\/uploads\/2025\/07\/camara.jpg\" \/>\n\t<meta property=\"og:image:width\" content=\"626\" \/>\n\t<meta property=\"og:image:height\" content=\"417\" \/>\n\t<meta property=\"og:image:type\" content=\"image\/jpeg\" \/>\n<meta name=\"twitter:card\" content=\"summary_large_image\" \/>\n<meta name=\"twitter:label1\" content=\"Temps estimat de lectura\" \/>\n\t<meta name=\"twitter:data1\" content=\"2 minuts\" \/>\n<script type=\"application\/ld+json\" class=\"yoast-schema-graph\">{\"@context\":\"https:\\\/\\\/schema.org\",\"@graph\":[{\"@type\":\"WebPage\",\"@id\":\"https:\\\/\\\/detectivesmj.es\\\/metodo-de-trabajo\\\/\",\"url\":\"https:\\\/\\\/detectivesmj.es\\\/metodo-de-trabajo\\\/\",\"name\":\"M\u00e9todo de trabajo - Detectives Matar\u00f3 Maresme: MJ Detectives\",\"isPartOf\":{\"@id\":\"https:\\\/\\\/detectivesmj.es\\\/#website\"},\"primaryImageOfPage\":{\"@id\":\"https:\\\/\\\/detectivesmj.es\\\/metodo-de-trabajo\\\/#primaryimage\"},\"image\":{\"@id\":\"https:\\\/\\\/detectivesmj.es\\\/metodo-de-trabajo\\\/#primaryimage\"},\"thumbnailUrl\":\"https:\\\/\\\/detectivesmj.es\\\/wp-content\\\/uploads\\\/2025\\\/07\\\/camara.jpg\",\"datePublished\":\"2025-07-27T09:12:30+00:00\",\"dateModified\":\"2026-02-04T22:23:59+00:00\",\"description\":\"Descubre c\u00f3mo trabajamos en MJ Detectives. Un proceso basado en la legalidad, la discreci\u00f3n y la obtenci\u00f3n de pruebas v\u00e1lidas ante tribunales para resolver tu caso con \u00e9xito.\",\"breadcrumb\":{\"@id\":\"https:\\\/\\\/detectivesmj.es\\\/metodo-de-trabajo\\\/#breadcrumb\"},\"inLanguage\":\"ca\",\"potentialAction\":[{\"@type\":\"ReadAction\",\"target\":[\"https:\\\/\\\/detectivesmj.es\\\/metodo-de-trabajo\\\/\"]}]},{\"@type\":\"ImageObject\",\"inLanguage\":\"ca\",\"@id\":\"https:\\\/\\\/detectivesmj.es\\\/metodo-de-trabajo\\\/#primaryimage\",\"url\":\"https:\\\/\\\/detectivesmj.es\\\/wp-content\\\/uploads\\\/2025\\\/07\\\/camara.jpg\",\"contentUrl\":\"https:\\\/\\\/detectivesmj.es\\\/wp-content\\\/uploads\\\/2025\\\/07\\\/camara.jpg\"},{\"@type\":\"BreadcrumbList\",\"@id\":\"https:\\\/\\\/detectivesmj.es\\\/metodo-de-trabajo\\\/#breadcrumb\",\"itemListElement\":[{\"@type\":\"ListItem\",\"position\":1,\"name\":\"Portada\",\"item\":\"https:\\\/\\\/detectivesmj.es\\\/\"},{\"@type\":\"ListItem\",\"position\":2,\"name\":\"M\u00e9todo de trabajo\"}]},{\"@type\":\"WebSite\",\"@id\":\"https:\\\/\\\/detectivesmj.es\\\/#website\",\"url\":\"https:\\\/\\\/detectivesmj.es\\\/\",\"name\":\"Detectives Matar\u00f3 Maresme: MJ Detectives\",\"description\":\"Attorney &amp; Lawyers WordPress Theme\",\"potentialAction\":[{\"@type\":\"SearchAction\",\"target\":{\"@type\":\"EntryPoint\",\"urlTemplate\":\"https:\\\/\\\/detectivesmj.es\\\/?s={search_term_string}\"},\"query-input\":{\"@type\":\"PropertyValueSpecification\",\"valueRequired\":true,\"valueName\":\"search_term_string\"}}],\"inLanguage\":\"ca\"}]}<\/script>\n<!-- \/ Yoast SEO plugin. -->","yoast_head_json":{"title":"ca-0-M\u00e9todo de trabajo - Detectives Matar\u00f3 Maresme: MJ Detectives","description":"Descubre c\u00f3mo trabajamos en MJ Detectives. Un proceso basado en la legalidad, la discreci\u00f3n y la obtenci\u00f3n de pruebas v\u00e1lidas ante tribunales para resolver tu caso con \u00e9xito.","robots":{"index":"index","follow":"follow","max-snippet":"max-snippet:-1","max-image-preview":"max-image-preview:large","max-video-preview":"max-video-preview:-1"},"canonical":"https:\/\/detectivesmj.es\/ca\/wp-json\/wp\/v2\/pages\/8118\/","og_locale":"ca_ES","og_type":"article","og_title":"M\u00e9todo de trabajo - Detectives Matar\u00f3 Maresme: MJ Detectives","og_description":"Descubre c\u00f3mo trabajamos en MJ Detectives. Un proceso basado en la legalidad, la discreci\u00f3n y la obtenci\u00f3n de pruebas v\u00e1lidas ante tribunales para resolver tu caso con \u00e9xito.","og_url":"https:\/\/detectivesmj.es\/ca\/metodo-de-trabajo\/","og_site_name":"Detectives Matar\u00f3 Maresme: MJ Detectives","article_modified_time":"2026-02-04T22:23:59+00:00","og_image":[{"width":626,"height":417,"url":"https:\/\/detectivesmj.es\/wp-content\/uploads\/2025\/07\/camara.jpg","type":"image\/jpeg"}],"twitter_card":"summary_large_image","twitter_misc":{"Temps estimat de lectura":"2 minuts"},"schema":{"@context":"https:\/\/schema.org","@graph":[{"@type":"WebPage","@id":"https:\/\/detectivesmj.es\/metodo-de-trabajo\/","url":"https:\/\/detectivesmj.es\/metodo-de-trabajo\/","name":"M\u00e9todo de trabajo - Detectives Matar\u00f3 Maresme: MJ Detectives","isPartOf":{"@id":"https:\/\/detectivesmj.es\/#website"},"primaryImageOfPage":{"@id":"https:\/\/detectivesmj.es\/metodo-de-trabajo\/#primaryimage"},"image":{"@id":"https:\/\/detectivesmj.es\/metodo-de-trabajo\/#primaryimage"},"thumbnailUrl":"https:\/\/detectivesmj.es\/wp-content\/uploads\/2025\/07\/camara.jpg","datePublished":"2025-07-27T09:12:30+00:00","dateModified":"2026-02-04T22:23:59+00:00","description":"Descubre c\u00f3mo trabajamos en MJ Detectives. Un proceso basado en la legalidad, la discreci\u00f3n y la obtenci\u00f3n de pruebas v\u00e1lidas ante tribunales para resolver tu caso con \u00e9xito.","breadcrumb":{"@id":"https:\/\/detectivesmj.es\/metodo-de-trabajo\/#breadcrumb"},"inLanguage":"ca","potentialAction":[{"@type":"ReadAction","target":["https:\/\/detectivesmj.es\/metodo-de-trabajo\/"]}]},{"@type":"ImageObject","inLanguage":"ca","@id":"https:\/\/detectivesmj.es\/metodo-de-trabajo\/#primaryimage","url":"https:\/\/detectivesmj.es\/wp-content\/uploads\/2025\/07\/camara.jpg","contentUrl":"https:\/\/detectivesmj.es\/wp-content\/uploads\/2025\/07\/camara.jpg"},{"@type":"BreadcrumbList","@id":"https:\/\/detectivesmj.es\/metodo-de-trabajo\/#breadcrumb","itemListElement":[{"@type":"ListItem","position":1,"name":"Portada","item":"https:\/\/detectivesmj.es\/"},{"@type":"ListItem","position":2,"name":"M\u00e9todo de trabajo"}]},{"@type":"WebSite","@id":"https:\/\/detectivesmj.es\/#website","url":"https:\/\/detectivesmj.es\/","name":"Detectives Matar\u00f3 Maresme: MJ Detectives","description":"Attorney &amp; Lawyers WordPress Theme","potentialAction":[{"@type":"SearchAction","target":{"@type":"EntryPoint","urlTemplate":"https:\/\/detectivesmj.es\/?s={search_term_string}"},"query-input":{"@type":"PropertyValueSpecification","valueRequired":true,"valueName":"search_term_string"}}],"inLanguage":"ca"}]}},"_links":{"self":[{"href":"https:\/\/detectivesmj.es\/ca\/wp-json\/wp\/v2\/pages\/8118","targetHints":{"allow":["GET"]}}],"collection":[{"href":"https:\/\/detectivesmj.es\/ca\/wp-json\/wp\/v2\/pages"}],"about":[{"href":"https:\/\/detectivesmj.es\/ca\/wp-json\/wp\/v2\/types\/page"}],"author":[{"embeddable":true,"href":"https:\/\/detectivesmj.es\/ca\/wp-json\/wp\/v2\/users\/1"}],"replies":[{"embeddable":true,"href":"https:\/\/detectivesmj.es\/ca\/wp-json\/wp\/v2\/comments?post=8118"}],"version-history":[{"count":31,"href":"https:\/\/detectivesmj.es\/ca\/wp-json\/wp\/v2\/pages\/8118\/revisions"}],"predecessor-version":[{"id":9309,"href":"https:\/\/detectivesmj.es\/ca\/wp-json\/wp\/v2\/pages\/8118\/revisions\/9309"}],"wp:attachment":[{"href":"https:\/\/detectivesmj.es\/ca\/wp-json\/wp\/v2\/media?parent=8118"}],"curies":[{"name":"wp","href":"https:\/\/api.w.org\/{rel}","templated":true}]}}