{"id":8133,"date":"2025-07-27T09:21:06","date_gmt":"2025-07-27T09:21:06","guid":{"rendered":"https:\/\/detectivesmj.es\/?page_id=8133"},"modified":"2026-02-04T22:24:24","modified_gmt":"2026-02-04T22:24:24","slug":"valor-anadido","status":"publish","type":"page","link":"https:\/\/detectivesmj.es\/ca\/valor-anadido\/","title":{"rendered":"Valor afegit"},"content":{"rendered":"<div data-elementor-type=\"wp-page\" data-elementor-id=\"8133\" class=\"elementor elementor-8133\">\n\t\t\t\t        <section class=\"elementor-section elementor-top-section elementor-element elementor-element-df6d976 kng-section-overflow-hidden-yes elementor-section-boxed elementor-section-height-default elementor-section-height-default kng-boxed-bg-false kng-section-boxed-divider-false\" data-id=\"df6d976\" data-element_type=\"section\" data-e-type=\"section\" id=\"section-home\" data-settings=\"{&quot;background_background&quot;:&quot;gradient&quot;}\">\n        <div class=\"kng-section-bg-parallax\" data-parallax=\"{&quot;x&quot;:30,&quot;y&quot;:30}\"><\/div>                                     \n            <div class=\"elementor-container elementor-column-gap-default\">\n                    <div class=\"elementor-column elementor-col-50 elementor-top-column elementor-element elementor-element-69748a3 kng-column-element-default\" data-id=\"69748a3\" data-element_type=\"column\" data-e-type=\"column\">\n                        <div class=\"elementor-widget-wrap elementor-element-populated\">\n                     \n            \n         \n        \t\t<div class=\"elementor-element elementor-element-f48d648 kng-style-1 elementor-tablet-align-center elementor-icon-list--layout-traditional elementor-list-item-link-full_width elementor-invisible elementor-widget elementor-widget-icon-list\" data-id=\"f48d648\" data-element_type=\"widget\" data-e-type=\"widget\" data-settings=\"{&quot;_animation&quot;:&quot;fadeInUp&quot;}\" data-widget_type=\"icon-list.default\">\n\t\t\t\t<div class=\"elementor-widget-container\">\n\t\t\t\t\t\t\t<ul class=\"elementor-icon-list-items\">\n\t\t\t\t\t\t\t<li class=\"elementor-icon-list-item\">\n\t\t\t\t\t\t\t\t\t\t\t<span class=\"elementor-icon-list-icon\">\n\t\t\t\t\t\t\t<i aria-hidden=\"true\" class=\"far fa-info-circle\"><\/i>\t\t\t\t\t\t<\/span>\n\t\t\t\t\t\t\t\t\t\t<span class=\"elementor-icon-list-text\">VALOR AFEGIT<\/span>\n\t\t\t\t\t\t\t\t\t<\/li>\n\t\t\t\t\t\t<\/ul>\n\t\t\t\t\t\t<\/div>\n\t\t\t\t<\/div>\n\t\t\t\t<div class=\"elementor-element elementor-element-347a9f5 kng-heading-layout-1 elementor-invisible elementor-widget elementor-widget-kng_heading\" data-id=\"347a9f5\" data-element_type=\"widget\" data-e-type=\"widget\" data-settings=\"{&quot;_animation&quot;:&quot;fadeInUp&quot;}\" data-widget_type=\"kng_heading.default\">\n\t\t\t\t<div class=\"elementor-widget-container\">\n\t\t\t\t\t<div class=\"kng-heading-wrap text-xs-center  text-md-center text-lg-start\">\n        <h1 class=\"item-title\">\n        <span>Seguiment i suport despr\u00e9s de la investigaci\u00f3, sense cost addicional<\/span>    <\/h1>\n    <\/div>\n\n\t\t\t\t<\/div>\n\t\t\t\t<\/div>\n\t\t\t\t<div class=\"elementor-element elementor-element-f3eb5a6 elementor-widget elementor-widget-text-editor\" data-id=\"f3eb5a6\" data-element_type=\"widget\" data-e-type=\"widget\" data-widget_type=\"text-editor.default\">\n\t\t\t\t<div class=\"elementor-widget-container\">\n\t\t\t\t\t\t\t\t\t<p>Generalment, la relaci\u00f3 client-detectiu finalitza un cop acabada la investigaci\u00f3 encarregada. En el nostre cas, per\u00f2, el servei que oferim va m\u00e9s enll\u00e0, sense cap cost addicional.<\/p><p>Entenem que, com a client, sigui empresa o particular, en la majoria dels casos busca i necessita assessorament legal o personal un cop tancada la investigaci\u00f3: saber com procedir, resoldre dubtes o expressar les inseguretats que li vagin sorgint. En aquest cas, i sempre que ho desitgi, ens mantindrem en contacte.<\/p><p>Aix\u00ed mateix, oferim serveis associats, com ara advocats i psic\u00f2legs, en cas que ens ho sol\u00b7liciti.<\/p>\t\t\t\t\t\t\t\t<\/div>\n\t\t\t\t<\/div>\n\t\t\t\t\t<\/div>\n\t\t<\/div>\n\t\t        <div class=\"elementor-column elementor-col-50 elementor-top-column elementor-element elementor-element-d1b306e kng-column-element-default\" data-id=\"d1b306e\" data-element_type=\"column\" data-e-type=\"column\">\n                        <div class=\"elementor-widget-wrap elementor-element-populated\">\n                     \n            \n         \n        \t\t<div class=\"elementor-element elementor-element-51d12d5 elementor-invisible elementor-widget elementor-widget-image\" data-id=\"51d12d5\" data-element_type=\"widget\" data-e-type=\"widget\" data-settings=\"{&quot;_animation&quot;:&quot;fadeInRight&quot;}\" data-widget_type=\"image.default\">\n\t\t\t\t<div class=\"elementor-widget-container\">\n\t\t\t\t\t\t\t\t\t\t\t\t\t\t\t<img fetchpriority=\"high\" decoding=\"async\" width=\"390\" height=\"259\" src=\"https:\/\/detectivesmj.es\/wp-content\/uploads\/2025\/07\/12.jpg\" class=\"attachment-full size-full wp-image-8138\" alt=\"imagen gestor\" \/>\t\t\t\t\t\t\t\t\t\t\t\t\t\t\t<\/div>\n\t\t\t\t<\/div>\n\t\t\t\t\t<\/div>\n\t\t<\/div>\n\t\t            <\/div>\n        <\/section>\n        <div class=\"elementor-element elementor-element-43ae78e e-flex e-con-boxed e-con e-parent\" data-id=\"43ae78e\" data-element_type=\"container\" data-e-type=\"container\">\n\t\t\t\t\t<div class=\"e-con-inner\">\n\t\t\t\t<div class=\"elementor-element elementor-element-1d31ad1 kng-heading-layout-1 elementor-invisible elementor-widget elementor-widget-kng_heading\" data-id=\"1d31ad1\" data-element_type=\"widget\" data-e-type=\"widget\" data-settings=\"{&quot;_animation&quot;:&quot;fadeInUp&quot;}\" data-widget_type=\"kng_heading.default\">\n\t\t\t\t<div class=\"elementor-widget-container\">\n\t\t\t\t\t<div class=\"kng-heading-wrap text-xs-center  text-md-center text-lg-start\">\n        <h3 class=\"item-title\">\n        <span>...tard o d'hora, tot es descobreix...<\/span>    <\/h3>\n    <\/div>\n\n\t\t\t\t<\/div>\n\t\t\t\t<\/div>\n\t\t\t\t\t<\/div>\n\t\t\t\t<\/div>\n\t\t\t\t<\/div>","protected":false},"excerpt":{"rendered":"<p>VALOR A\u00d1ADIDO Seguimiento y apoyo tras la investigaci\u00f3n, sin coste adicional Generalmente la relaci\u00f3n cliente-detective finaliza una vez terminada la investigaci\u00f3n encargada. En nuestro caso el servicio que ofrecemos, sin coste adicional, va m\u00e1s all\u00e1. Entendemos que usted como cliente, sea empresa o particular, busca y necesita en la mayor\u00eda de los casos, una vez [&hellip;]<\/p>\n","protected":false},"author":1,"featured_media":0,"parent":0,"menu_order":0,"comment_status":"closed","ping_status":"closed","template":"","meta":{"footnotes":""},"class_list":["post-8133","page","type-page","status-publish","hentry","kng-no-post-thumbnail"],"yoast_head":"<!-- This site is optimized with the Yoast SEO plugin v27.3 - https:\/\/yoast.com\/product\/yoast-seo-wordpress\/ -->\n<title>ca-0-Valor a\u00f1adido - Detectives Matar\u00f3 Maresme: MJ Detectives<\/title>\n<meta name=\"description\" content=\"\u00bfPor qu\u00e9 elegir a MJ Detectives? Conoc\u00e9 nuestro valor a\u00f1adido: trato humano, asesoramiento jur\u00eddico personalizado y resultados garantizados con total confidencialidad en cada investigaci\u00f3n.\" \/>\n<meta name=\"robots\" content=\"index, follow, max-snippet:-1, max-image-preview:large, max-video-preview:-1\" \/>\n<link rel=\"canonical\" href=\"https:\/\/detectivesmj.es\/ca\/wp-json\/wp\/v2\/pages\/8133\/\" \/>\n<meta property=\"og:locale\" content=\"ca_ES\" \/>\n<meta property=\"og:type\" content=\"article\" \/>\n<meta property=\"og:title\" content=\"Valor a\u00f1adido - Detectives Matar\u00f3 Maresme: MJ Detectives\" \/>\n<meta property=\"og:description\" content=\"\u00bfPor qu\u00e9 elegir a MJ Detectives? Conoc\u00e9 nuestro valor a\u00f1adido: trato humano, asesoramiento jur\u00eddico personalizado y resultados garantizados con total confidencialidad en cada investigaci\u00f3n.\" \/>\n<meta property=\"og:url\" content=\"https:\/\/detectivesmj.es\/ca\/valor-anadido\/\" \/>\n<meta property=\"og:site_name\" content=\"Detectives Matar\u00f3 Maresme: MJ Detectives\" \/>\n<meta property=\"article:modified_time\" content=\"2026-02-04T22:24:24+00:00\" \/>\n<meta property=\"og:image\" content=\"https:\/\/detectivesmj.es\/wp-content\/uploads\/2025\/07\/12.jpg\" \/>\n\t<meta property=\"og:image:width\" content=\"390\" \/>\n\t<meta property=\"og:image:height\" content=\"259\" \/>\n\t<meta property=\"og:image:type\" content=\"image\/jpeg\" \/>\n<meta name=\"twitter:card\" content=\"summary_large_image\" \/>\n<meta name=\"twitter:label1\" content=\"Temps estimat de lectura\" \/>\n\t<meta name=\"twitter:data1\" content=\"1 minut\" \/>\n<script type=\"application\/ld+json\" class=\"yoast-schema-graph\">{\"@context\":\"https:\\\/\\\/schema.org\",\"@graph\":[{\"@type\":\"WebPage\",\"@id\":\"https:\\\/\\\/detectivesmj.es\\\/valor-anadido\\\/\",\"url\":\"https:\\\/\\\/detectivesmj.es\\\/valor-anadido\\\/\",\"name\":\"Valor a\u00f1adido - Detectives Matar\u00f3 Maresme: MJ Detectives\",\"isPartOf\":{\"@id\":\"https:\\\/\\\/detectivesmj.es\\\/#website\"},\"primaryImageOfPage\":{\"@id\":\"https:\\\/\\\/detectivesmj.es\\\/valor-anadido\\\/#primaryimage\"},\"image\":{\"@id\":\"https:\\\/\\\/detectivesmj.es\\\/valor-anadido\\\/#primaryimage\"},\"thumbnailUrl\":\"https:\\\/\\\/detectivesmj.es\\\/wp-content\\\/uploads\\\/2025\\\/07\\\/12.jpg\",\"datePublished\":\"2025-07-27T09:21:06+00:00\",\"dateModified\":\"2026-02-04T22:24:24+00:00\",\"description\":\"\u00bfPor qu\u00e9 elegir a MJ Detectives? Conoc\u00e9 nuestro valor a\u00f1adido: trato humano, asesoramiento jur\u00eddico personalizado y resultados garantizados con total confidencialidad en cada investigaci\u00f3n.\",\"breadcrumb\":{\"@id\":\"https:\\\/\\\/detectivesmj.es\\\/valor-anadido\\\/#breadcrumb\"},\"inLanguage\":\"ca\",\"potentialAction\":[{\"@type\":\"ReadAction\",\"target\":[\"https:\\\/\\\/detectivesmj.es\\\/valor-anadido\\\/\"]}]},{\"@type\":\"ImageObject\",\"inLanguage\":\"ca\",\"@id\":\"https:\\\/\\\/detectivesmj.es\\\/valor-anadido\\\/#primaryimage\",\"url\":\"https:\\\/\\\/detectivesmj.es\\\/wp-content\\\/uploads\\\/2025\\\/07\\\/12.jpg\",\"contentUrl\":\"https:\\\/\\\/detectivesmj.es\\\/wp-content\\\/uploads\\\/2025\\\/07\\\/12.jpg\"},{\"@type\":\"BreadcrumbList\",\"@id\":\"https:\\\/\\\/detectivesmj.es\\\/valor-anadido\\\/#breadcrumb\",\"itemListElement\":[{\"@type\":\"ListItem\",\"position\":1,\"name\":\"Portada\",\"item\":\"https:\\\/\\\/detectivesmj.es\\\/\"},{\"@type\":\"ListItem\",\"position\":2,\"name\":\"Valor a\u00f1adido\"}]},{\"@type\":\"WebSite\",\"@id\":\"https:\\\/\\\/detectivesmj.es\\\/#website\",\"url\":\"https:\\\/\\\/detectivesmj.es\\\/\",\"name\":\"Detectives Matar\u00f3 Maresme: MJ Detectives\",\"description\":\"Attorney &amp; Lawyers WordPress Theme\",\"potentialAction\":[{\"@type\":\"SearchAction\",\"target\":{\"@type\":\"EntryPoint\",\"urlTemplate\":\"https:\\\/\\\/detectivesmj.es\\\/?s={search_term_string}\"},\"query-input\":{\"@type\":\"PropertyValueSpecification\",\"valueRequired\":true,\"valueName\":\"search_term_string\"}}],\"inLanguage\":\"ca\"}]}<\/script>\n<!-- \/ Yoast SEO plugin. -->","yoast_head_json":{"title":"ca-0-Valor a\u00f1adido - Detectives Matar\u00f3 Maresme: MJ Detectives","description":"\u00bfPor qu\u00e9 elegir a MJ Detectives? Conoc\u00e9 nuestro valor a\u00f1adido: trato humano, asesoramiento jur\u00eddico personalizado y resultados garantizados con total confidencialidad en cada investigaci\u00f3n.","robots":{"index":"index","follow":"follow","max-snippet":"max-snippet:-1","max-image-preview":"max-image-preview:large","max-video-preview":"max-video-preview:-1"},"canonical":"https:\/\/detectivesmj.es\/ca\/wp-json\/wp\/v2\/pages\/8133\/","og_locale":"ca_ES","og_type":"article","og_title":"Valor a\u00f1adido - Detectives Matar\u00f3 Maresme: MJ Detectives","og_description":"\u00bfPor qu\u00e9 elegir a MJ Detectives? Conoc\u00e9 nuestro valor a\u00f1adido: trato humano, asesoramiento jur\u00eddico personalizado y resultados garantizados con total confidencialidad en cada investigaci\u00f3n.","og_url":"https:\/\/detectivesmj.es\/ca\/valor-anadido\/","og_site_name":"Detectives Matar\u00f3 Maresme: MJ Detectives","article_modified_time":"2026-02-04T22:24:24+00:00","og_image":[{"width":390,"height":259,"url":"https:\/\/detectivesmj.es\/wp-content\/uploads\/2025\/07\/12.jpg","type":"image\/jpeg"}],"twitter_card":"summary_large_image","twitter_misc":{"Temps estimat de lectura":"1 minut"},"schema":{"@context":"https:\/\/schema.org","@graph":[{"@type":"WebPage","@id":"https:\/\/detectivesmj.es\/valor-anadido\/","url":"https:\/\/detectivesmj.es\/valor-anadido\/","name":"Valor a\u00f1adido - Detectives Matar\u00f3 Maresme: MJ Detectives","isPartOf":{"@id":"https:\/\/detectivesmj.es\/#website"},"primaryImageOfPage":{"@id":"https:\/\/detectivesmj.es\/valor-anadido\/#primaryimage"},"image":{"@id":"https:\/\/detectivesmj.es\/valor-anadido\/#primaryimage"},"thumbnailUrl":"https:\/\/detectivesmj.es\/wp-content\/uploads\/2025\/07\/12.jpg","datePublished":"2025-07-27T09:21:06+00:00","dateModified":"2026-02-04T22:24:24+00:00","description":"\u00bfPor qu\u00e9 elegir a MJ Detectives? Conoc\u00e9 nuestro valor a\u00f1adido: trato humano, asesoramiento jur\u00eddico personalizado y resultados garantizados con total confidencialidad en cada investigaci\u00f3n.","breadcrumb":{"@id":"https:\/\/detectivesmj.es\/valor-anadido\/#breadcrumb"},"inLanguage":"ca","potentialAction":[{"@type":"ReadAction","target":["https:\/\/detectivesmj.es\/valor-anadido\/"]}]},{"@type":"ImageObject","inLanguage":"ca","@id":"https:\/\/detectivesmj.es\/valor-anadido\/#primaryimage","url":"https:\/\/detectivesmj.es\/wp-content\/uploads\/2025\/07\/12.jpg","contentUrl":"https:\/\/detectivesmj.es\/wp-content\/uploads\/2025\/07\/12.jpg"},{"@type":"BreadcrumbList","@id":"https:\/\/detectivesmj.es\/valor-anadido\/#breadcrumb","itemListElement":[{"@type":"ListItem","position":1,"name":"Portada","item":"https:\/\/detectivesmj.es\/"},{"@type":"ListItem","position":2,"name":"Valor a\u00f1adido"}]},{"@type":"WebSite","@id":"https:\/\/detectivesmj.es\/#website","url":"https:\/\/detectivesmj.es\/","name":"Detectives Matar\u00f3 Maresme: MJ Detectives","description":"Attorney &amp; Lawyers WordPress Theme","potentialAction":[{"@type":"SearchAction","target":{"@type":"EntryPoint","urlTemplate":"https:\/\/detectivesmj.es\/?s={search_term_string}"},"query-input":{"@type":"PropertyValueSpecification","valueRequired":true,"valueName":"search_term_string"}}],"inLanguage":"ca"}]}},"_links":{"self":[{"href":"https:\/\/detectivesmj.es\/ca\/wp-json\/wp\/v2\/pages\/8133","targetHints":{"allow":["GET"]}}],"collection":[{"href":"https:\/\/detectivesmj.es\/ca\/wp-json\/wp\/v2\/pages"}],"about":[{"href":"https:\/\/detectivesmj.es\/ca\/wp-json\/wp\/v2\/types\/page"}],"author":[{"embeddable":true,"href":"https:\/\/detectivesmj.es\/ca\/wp-json\/wp\/v2\/users\/1"}],"replies":[{"embeddable":true,"href":"https:\/\/detectivesmj.es\/ca\/wp-json\/wp\/v2\/comments?post=8133"}],"version-history":[{"count":22,"href":"https:\/\/detectivesmj.es\/ca\/wp-json\/wp\/v2\/pages\/8133\/revisions"}],"predecessor-version":[{"id":9312,"href":"https:\/\/detectivesmj.es\/ca\/wp-json\/wp\/v2\/pages\/8133\/revisions\/9312"}],"wp:attachment":[{"href":"https:\/\/detectivesmj.es\/ca\/wp-json\/wp\/v2\/media?parent=8133"}],"curies":[{"name":"wp","href":"https:\/\/api.w.org\/{rel}","templated":true}]}}