{"id":8145,"date":"2025-07-27T09:23:43","date_gmt":"2025-07-27T09:23:43","guid":{"rendered":"https:\/\/detectivesmj.es\/?page_id=8145"},"modified":"2026-02-04T22:24:47","modified_gmt":"2026-02-04T22:24:47","slug":"antes-de-contratar","status":"publish","type":"page","link":"https:\/\/detectivesmj.es\/ca\/antes-de-contratar\/","title":{"rendered":"Abans de contractar"},"content":{"rendered":"<div data-elementor-type=\"wp-page\" data-elementor-id=\"8145\" class=\"elementor elementor-8145\">\n\t\t\t\t        <section class=\"elementor-section elementor-top-section elementor-element elementor-element-df6d976 kng-section-overflow-hidden-yes elementor-section-boxed elementor-section-height-default elementor-section-height-default kng-boxed-bg-false kng-section-boxed-divider-false\" data-id=\"df6d976\" data-element_type=\"section\" data-e-type=\"section\" id=\"section-home\" data-settings=\"{&quot;background_background&quot;:&quot;gradient&quot;}\">\n        <div class=\"kng-section-bg-parallax\" data-parallax=\"{&quot;x&quot;:30,&quot;y&quot;:30}\"><\/div>                                     \n            <div class=\"elementor-container elementor-column-gap-default\">\n                    <div class=\"elementor-column elementor-col-50 elementor-top-column elementor-element elementor-element-69748a3 kng-column-element-default\" data-id=\"69748a3\" data-element_type=\"column\" data-e-type=\"column\">\n                        <div class=\"elementor-widget-wrap elementor-element-populated\">\n                     \n            \n         \n        \t\t<div class=\"elementor-element elementor-element-f48d648 kng-style-1 elementor-tablet-align-center elementor-icon-list--layout-traditional elementor-list-item-link-full_width elementor-invisible elementor-widget elementor-widget-icon-list\" data-id=\"f48d648\" data-element_type=\"widget\" data-e-type=\"widget\" data-settings=\"{&quot;_animation&quot;:&quot;fadeInUp&quot;}\" data-widget_type=\"icon-list.default\">\n\t\t\t\t<div class=\"elementor-widget-container\">\n\t\t\t\t\t\t\t<ul class=\"elementor-icon-list-items\">\n\t\t\t\t\t\t\t<li class=\"elementor-icon-list-item\">\n\t\t\t\t\t\t\t\t\t\t\t<span class=\"elementor-icon-list-icon\">\n\t\t\t\t\t\t\t<i aria-hidden=\"true\" class=\"far fa-info-circle\"><\/i>\t\t\t\t\t\t<\/span>\n\t\t\t\t\t\t\t\t\t\t<span class=\"elementor-icon-list-text\">ABANS DE CONTRACTAR<\/span>\n\t\t\t\t\t\t\t\t\t<\/li>\n\t\t\t\t\t\t<\/ul>\n\t\t\t\t\t\t<\/div>\n\t\t\t\t<\/div>\n\t\t\t\t<div class=\"elementor-element elementor-element-347a9f5 kng-heading-layout-1 elementor-invisible elementor-widget elementor-widget-kng_heading\" data-id=\"347a9f5\" data-element_type=\"widget\" data-e-type=\"widget\" data-settings=\"{&quot;_animation&quot;:&quot;fadeInUp&quot;}\" data-widget_type=\"kng_heading.default\">\n\t\t\t\t<div class=\"elementor-widget-container\">\n\t\t\t\t\t<div class=\"kng-heading-wrap text-xs-center  text-md-center text-lg-start\">\n        <h1 class=\"item-title\">\n        <span>La legalitat \u00e9s la base d'una investigaci\u00f3 v\u00e0lida<\/span>    <\/h1>\n    <\/div>\n\n\t\t\t\t<\/div>\n\t\t\t\t<\/div>\n\t\t\t\t<div class=\"elementor-element elementor-element-f3eb5a6 elementor-widget elementor-widget-text-editor\" data-id=\"f3eb5a6\" data-element_type=\"widget\" data-e-type=\"widget\" data-widget_type=\"text-editor.default\">\n\t\t\t\t<div class=\"elementor-widget-container\">\n\t\t\t\t\t\t\t\t\tLa professi\u00f3 de detectiu privat est\u00e0 regulada per la Llei 5\/2014, de 4 d'abril, de Seguretat Privada i pel Reglament de Seguretat Privada del Reial Decret 2364\/1994.\n<br \/><br \/>\nPer poder exercir com a detectiu privat, la Llei exigeix obtenir la Llic\u00e8ncia Oficial de detectiu privat, que \u00e9s atorgada pel Ministeri de l'Interior (Direcci\u00f3 General de la Policia i la Gu\u00e0rdia Civil), sempre que es compleixi all\u00f2 que exigeix la Llei, entre la qual cosa s'inclou un grau universitari en Investigaci\u00f3 Privada de 3 anys de durada.\n<br \/><br \/>\nLa realitzaci\u00f3 de les activitats pr\u00f2pies dels detectius privats per part de persones que no disposen de la corresponent llic\u00e8ncia oficial expedida pel Ministeri de l'Interior es considera una infracci\u00f3 molt greu castigada amb elevades multes, independentment de la possible persecuci\u00f3 del subjecte responsable per via penal. Igualment, incorre en infracci\u00f3 qui sol\u00b7liciti els serveis d'aquells que no es trobin habilitats com a detectiu privat, a sabenda d'aquesta situaci\u00f3.\t\t\t\t\t\t\t\t<\/div>\n\t\t\t\t<\/div>\n\t\t\t\t\t<\/div>\n\t\t<\/div>\n\t\t        <div class=\"elementor-column elementor-col-50 elementor-top-column elementor-element elementor-element-d1b306e kng-column-element-default\" data-id=\"d1b306e\" data-element_type=\"column\" data-e-type=\"column\">\n                        <div class=\"elementor-widget-wrap elementor-element-populated\">\n                     \n            \n         \n        \t\t<div class=\"elementor-element elementor-element-51d12d5 elementor-invisible elementor-widget elementor-widget-image\" data-id=\"51d12d5\" data-element_type=\"widget\" data-e-type=\"widget\" data-settings=\"{&quot;_animation&quot;:&quot;fadeInRight&quot;}\" data-widget_type=\"image.default\">\n\t\t\t\t<div class=\"elementor-widget-container\">\n\t\t\t\t\t\t\t\t\t\t\t\t\t\t\t<img fetchpriority=\"high\" decoding=\"async\" width=\"626\" height=\"417\" src=\"https:\/\/detectivesmj.es\/wp-content\/uploads\/2025\/07\/abogado-muestra-donde-debe-firmar-certificado-divorcio-85574.jpg\" class=\"attachment-full size-full wp-image-8153\" alt=\"imagen gestor\" \/>\t\t\t\t\t\t\t\t\t\t\t\t\t\t\t<\/div>\n\t\t\t\t<\/div>\n\t\t\t\t<div class=\"elementor-element elementor-element-765edc6 elementor-widget elementor-widget-text-editor\" data-id=\"765edc6\" data-element_type=\"widget\" data-e-type=\"widget\" data-widget_type=\"text-editor.default\">\n\t\t\t\t<div class=\"elementor-widget-container\">\n\t\t\t\t\t\t\t\t\t<p>A causa del creixent intrusisme professional en aquest sector, \u00e9s necessari que s'asseguri, quan contracti un servei d'Investigaci\u00f3 Privada, d'estar confiant en un detectiu privat degudament habilitat. Sol\u00b7liciti al detectiu privat que li mostri la seva llic\u00e8ncia (TIP) i el seu n\u00famero d'inscripci\u00f3 al Registre Nacional de Seguretat Privada (RNSP) i exigeixi, abans de l'inici de la investigaci\u00f3, un contracte de prestaci\u00f3 de serveis signat per ambdues parts on figurin les credencials del detectiu privat (TIP i RNSP) i tots els detalls del servei que contractar\u00e0.<\/p><p>Recordi que l'activitat dels detectius privats est\u00e0 definida i limitada per Llei, per la qual cosa cap persona f\u00edsica o jur\u00eddica sense habilitaci\u00f3 pot exercir aquesta funci\u00f3 ni pot emetre informes d'investigaci\u00f3 legals.<\/p>\t\t\t\t\t\t\t\t<\/div>\n\t\t\t\t<\/div>\n\t\t\t\t\t<\/div>\n\t\t<\/div>\n\t\t            <\/div>\n        <\/section>\n        <div class=\"elementor-element elementor-element-af14f98 e-flex e-con-boxed e-con e-parent\" data-id=\"af14f98\" data-element_type=\"container\" data-e-type=\"container\">\n\t\t\t\t\t<div class=\"e-con-inner\">\n\t\t\t\t<div class=\"elementor-element elementor-element-e874bb0 kng-heading-layout-1 elementor-invisible elementor-widget elementor-widget-kng_heading\" data-id=\"e874bb0\" data-element_type=\"widget\" data-e-type=\"widget\" data-settings=\"{&quot;_animation&quot;:&quot;fadeInUp&quot;}\" data-widget_type=\"kng_heading.default\">\n\t\t\t\t<div class=\"elementor-widget-container\">\n\t\t\t\t\t<div class=\"kng-heading-wrap text-xs-center  text-md-center text-lg-start\">\n        <h3 class=\"item-title\">\n        <span>...tard o d'hora, tot es descobreix...<\/span>    <\/h3>\n    <\/div>\n\n\t\t\t\t<\/div>\n\t\t\t\t<\/div>\n\t\t\t\t\t<\/div>\n\t\t\t\t<\/div>\n\t\t\t\t<\/div>","protected":false},"excerpt":{"rendered":"<p>ANTES DE CONTRATAR La legalidad es la base de una investigaci\u00f3n v\u00e1lida La profesi\u00f3n de detective privado est\u00e1 regulada por la Ley 5\/2014 de 4 de abril, de Seguridad Privada y por el Reglamento de Seguridad Privada del Real Decreto 2364\/1994. Para poder ejercer como detective privado, la Ley exige obtener la Licencia Oficial de [&hellip;]<\/p>\n","protected":false},"author":1,"featured_media":0,"parent":0,"menu_order":0,"comment_status":"closed","ping_status":"closed","template":"","meta":{"footnotes":""},"class_list":["post-8145","page","type-page","status-publish","hentry","kng-no-post-thumbnail"],"yoast_head":"<!-- This site is optimized with the Yoast SEO plugin v27.3 - https:\/\/yoast.com\/product\/yoast-seo-wordpress\/ -->\n<title>ca-0-Antes de contratar - Detectives Matar\u00f3 Maresme: MJ Detectives<\/title>\n<meta name=\"description\" content=\"Evite el intrusismo profesional. Todo lo que debe saber antes de contratar a un detective privado: licencias oficiales (TIP), legalidad vigente y c\u00f3mo garantizar la validez judicial de sus pruebas.\" \/>\n<meta name=\"robots\" content=\"index, follow, max-snippet:-1, max-image-preview:large, max-video-preview:-1\" \/>\n<link rel=\"canonical\" href=\"https:\/\/detectivesmj.es\/ca\/wp-json\/wp\/v2\/pages\/8145\/\" \/>\n<meta property=\"og:locale\" content=\"ca_ES\" \/>\n<meta property=\"og:type\" content=\"article\" \/>\n<meta property=\"og:title\" content=\"Antes de contratar - Detectives Matar\u00f3 Maresme: MJ Detectives\" \/>\n<meta property=\"og:description\" content=\"Evite el intrusismo profesional. Todo lo que debe saber antes de contratar a un detective privado: licencias oficiales (TIP), legalidad vigente y c\u00f3mo garantizar la validez judicial de sus pruebas.\" \/>\n<meta property=\"og:url\" content=\"https:\/\/detectivesmj.es\/ca\/antes-de-contratar\/\" \/>\n<meta property=\"og:site_name\" content=\"Detectives Matar\u00f3 Maresme: MJ Detectives\" \/>\n<meta property=\"article:modified_time\" content=\"2026-02-04T22:24:47+00:00\" \/>\n<meta property=\"og:image\" content=\"https:\/\/detectivesmj.es\/wp-content\/uploads\/2025\/07\/abogado-muestra-donde-debe-firmar-certificado-divorcio-85574.jpg\" \/>\n\t<meta property=\"og:image:width\" content=\"626\" \/>\n\t<meta property=\"og:image:height\" content=\"417\" \/>\n\t<meta property=\"og:image:type\" content=\"image\/jpeg\" \/>\n<meta name=\"twitter:card\" content=\"summary_large_image\" \/>\n<meta name=\"twitter:label1\" content=\"Temps estimat de lectura\" \/>\n\t<meta name=\"twitter:data1\" content=\"2 minuts\" \/>\n<script type=\"application\/ld+json\" class=\"yoast-schema-graph\">{\"@context\":\"https:\\\/\\\/schema.org\",\"@graph\":[{\"@type\":\"WebPage\",\"@id\":\"https:\\\/\\\/detectivesmj.es\\\/antes-de-contratar\\\/\",\"url\":\"https:\\\/\\\/detectivesmj.es\\\/antes-de-contratar\\\/\",\"name\":\"Antes de contratar - Detectives Matar\u00f3 Maresme: MJ Detectives\",\"isPartOf\":{\"@id\":\"https:\\\/\\\/detectivesmj.es\\\/#website\"},\"primaryImageOfPage\":{\"@id\":\"https:\\\/\\\/detectivesmj.es\\\/antes-de-contratar\\\/#primaryimage\"},\"image\":{\"@id\":\"https:\\\/\\\/detectivesmj.es\\\/antes-de-contratar\\\/#primaryimage\"},\"thumbnailUrl\":\"https:\\\/\\\/detectivesmj.es\\\/wp-content\\\/uploads\\\/2025\\\/07\\\/abogado-muestra-donde-debe-firmar-certificado-divorcio-85574.jpg\",\"datePublished\":\"2025-07-27T09:23:43+00:00\",\"dateModified\":\"2026-02-04T22:24:47+00:00\",\"description\":\"Evite el intrusismo profesional. Todo lo que debe saber antes de contratar a un detective privado: licencias oficiales (TIP), legalidad vigente y c\u00f3mo garantizar la validez judicial de sus pruebas.\",\"breadcrumb\":{\"@id\":\"https:\\\/\\\/detectivesmj.es\\\/antes-de-contratar\\\/#breadcrumb\"},\"inLanguage\":\"ca\",\"potentialAction\":[{\"@type\":\"ReadAction\",\"target\":[\"https:\\\/\\\/detectivesmj.es\\\/antes-de-contratar\\\/\"]}]},{\"@type\":\"ImageObject\",\"inLanguage\":\"ca\",\"@id\":\"https:\\\/\\\/detectivesmj.es\\\/antes-de-contratar\\\/#primaryimage\",\"url\":\"https:\\\/\\\/detectivesmj.es\\\/wp-content\\\/uploads\\\/2025\\\/07\\\/abogado-muestra-donde-debe-firmar-certificado-divorcio-85574.jpg\",\"contentUrl\":\"https:\\\/\\\/detectivesmj.es\\\/wp-content\\\/uploads\\\/2025\\\/07\\\/abogado-muestra-donde-debe-firmar-certificado-divorcio-85574.jpg\"},{\"@type\":\"BreadcrumbList\",\"@id\":\"https:\\\/\\\/detectivesmj.es\\\/antes-de-contratar\\\/#breadcrumb\",\"itemListElement\":[{\"@type\":\"ListItem\",\"position\":1,\"name\":\"Portada\",\"item\":\"https:\\\/\\\/detectivesmj.es\\\/\"},{\"@type\":\"ListItem\",\"position\":2,\"name\":\"Antes de contratar\"}]},{\"@type\":\"WebSite\",\"@id\":\"https:\\\/\\\/detectivesmj.es\\\/#website\",\"url\":\"https:\\\/\\\/detectivesmj.es\\\/\",\"name\":\"Detectives Matar\u00f3 Maresme: MJ Detectives\",\"description\":\"Attorney &amp; Lawyers WordPress Theme\",\"potentialAction\":[{\"@type\":\"SearchAction\",\"target\":{\"@type\":\"EntryPoint\",\"urlTemplate\":\"https:\\\/\\\/detectivesmj.es\\\/?s={search_term_string}\"},\"query-input\":{\"@type\":\"PropertyValueSpecification\",\"valueRequired\":true,\"valueName\":\"search_term_string\"}}],\"inLanguage\":\"ca\"}]}<\/script>\n<!-- \/ Yoast SEO plugin. -->","yoast_head_json":{"title":"ca-0-Antes de contratar - Detectives Matar\u00f3 Maresme: MJ Detectives","description":"Evite el intrusismo profesional. Todo lo que debe saber antes de contratar a un detective privado: licencias oficiales (TIP), legalidad vigente y c\u00f3mo garantizar la validez judicial de sus pruebas.","robots":{"index":"index","follow":"follow","max-snippet":"max-snippet:-1","max-image-preview":"max-image-preview:large","max-video-preview":"max-video-preview:-1"},"canonical":"https:\/\/detectivesmj.es\/ca\/wp-json\/wp\/v2\/pages\/8145\/","og_locale":"ca_ES","og_type":"article","og_title":"Antes de contratar - Detectives Matar\u00f3 Maresme: MJ Detectives","og_description":"Evite el intrusismo profesional. Todo lo que debe saber antes de contratar a un detective privado: licencias oficiales (TIP), legalidad vigente y c\u00f3mo garantizar la validez judicial de sus pruebas.","og_url":"https:\/\/detectivesmj.es\/ca\/antes-de-contratar\/","og_site_name":"Detectives Matar\u00f3 Maresme: MJ Detectives","article_modified_time":"2026-02-04T22:24:47+00:00","og_image":[{"width":626,"height":417,"url":"https:\/\/detectivesmj.es\/wp-content\/uploads\/2025\/07\/abogado-muestra-donde-debe-firmar-certificado-divorcio-85574.jpg","type":"image\/jpeg"}],"twitter_card":"summary_large_image","twitter_misc":{"Temps estimat de lectura":"2 minuts"},"schema":{"@context":"https:\/\/schema.org","@graph":[{"@type":"WebPage","@id":"https:\/\/detectivesmj.es\/antes-de-contratar\/","url":"https:\/\/detectivesmj.es\/antes-de-contratar\/","name":"Antes de contratar - Detectives Matar\u00f3 Maresme: MJ Detectives","isPartOf":{"@id":"https:\/\/detectivesmj.es\/#website"},"primaryImageOfPage":{"@id":"https:\/\/detectivesmj.es\/antes-de-contratar\/#primaryimage"},"image":{"@id":"https:\/\/detectivesmj.es\/antes-de-contratar\/#primaryimage"},"thumbnailUrl":"https:\/\/detectivesmj.es\/wp-content\/uploads\/2025\/07\/abogado-muestra-donde-debe-firmar-certificado-divorcio-85574.jpg","datePublished":"2025-07-27T09:23:43+00:00","dateModified":"2026-02-04T22:24:47+00:00","description":"Evite el intrusismo profesional. Todo lo que debe saber antes de contratar a un detective privado: licencias oficiales (TIP), legalidad vigente y c\u00f3mo garantizar la validez judicial de sus pruebas.","breadcrumb":{"@id":"https:\/\/detectivesmj.es\/antes-de-contratar\/#breadcrumb"},"inLanguage":"ca","potentialAction":[{"@type":"ReadAction","target":["https:\/\/detectivesmj.es\/antes-de-contratar\/"]}]},{"@type":"ImageObject","inLanguage":"ca","@id":"https:\/\/detectivesmj.es\/antes-de-contratar\/#primaryimage","url":"https:\/\/detectivesmj.es\/wp-content\/uploads\/2025\/07\/abogado-muestra-donde-debe-firmar-certificado-divorcio-85574.jpg","contentUrl":"https:\/\/detectivesmj.es\/wp-content\/uploads\/2025\/07\/abogado-muestra-donde-debe-firmar-certificado-divorcio-85574.jpg"},{"@type":"BreadcrumbList","@id":"https:\/\/detectivesmj.es\/antes-de-contratar\/#breadcrumb","itemListElement":[{"@type":"ListItem","position":1,"name":"Portada","item":"https:\/\/detectivesmj.es\/"},{"@type":"ListItem","position":2,"name":"Antes de contratar"}]},{"@type":"WebSite","@id":"https:\/\/detectivesmj.es\/#website","url":"https:\/\/detectivesmj.es\/","name":"Detectives Matar\u00f3 Maresme: MJ Detectives","description":"Attorney &amp; Lawyers WordPress Theme","potentialAction":[{"@type":"SearchAction","target":{"@type":"EntryPoint","urlTemplate":"https:\/\/detectivesmj.es\/?s={search_term_string}"},"query-input":{"@type":"PropertyValueSpecification","valueRequired":true,"valueName":"search_term_string"}}],"inLanguage":"ca"}]}},"_links":{"self":[{"href":"https:\/\/detectivesmj.es\/ca\/wp-json\/wp\/v2\/pages\/8145","targetHints":{"allow":["GET"]}}],"collection":[{"href":"https:\/\/detectivesmj.es\/ca\/wp-json\/wp\/v2\/pages"}],"about":[{"href":"https:\/\/detectivesmj.es\/ca\/wp-json\/wp\/v2\/types\/page"}],"author":[{"embeddable":true,"href":"https:\/\/detectivesmj.es\/ca\/wp-json\/wp\/v2\/users\/1"}],"replies":[{"embeddable":true,"href":"https:\/\/detectivesmj.es\/ca\/wp-json\/wp\/v2\/comments?post=8145"}],"version-history":[{"count":37,"href":"https:\/\/detectivesmj.es\/ca\/wp-json\/wp\/v2\/pages\/8145\/revisions"}],"predecessor-version":[{"id":9315,"href":"https:\/\/detectivesmj.es\/ca\/wp-json\/wp\/v2\/pages\/8145\/revisions\/9315"}],"wp:attachment":[{"href":"https:\/\/detectivesmj.es\/ca\/wp-json\/wp\/v2\/media?parent=8145"}],"curies":[{"name":"wp","href":"https:\/\/api.w.org\/{rel}","templated":true}]}}