{"id":8169,"date":"2025-07-27T09:29:28","date_gmt":"2025-07-27T09:29:28","guid":{"rendered":"https:\/\/detectivesmj.es\/?page_id=8169"},"modified":"2026-02-04T22:24:56","modified_gmt":"2026-02-04T22:24:56","slug":"abogado-y-detective","status":"publish","type":"page","link":"https:\/\/detectivesmj.es\/ca\/abogado-y-detective\/","title":{"rendered":"Advocat i detectiu"},"content":{"rendered":"<div data-elementor-type=\"wp-page\" data-elementor-id=\"8169\" class=\"elementor elementor-8169\">\n\t\t\t\t        <section class=\"elementor-section elementor-top-section elementor-element elementor-element-df6d976 kng-section-overflow-hidden-yes elementor-section-boxed elementor-section-height-default elementor-section-height-default kng-boxed-bg-false kng-section-boxed-divider-false\" data-id=\"df6d976\" data-element_type=\"section\" data-e-type=\"section\" id=\"section-home\" data-settings=\"{&quot;background_background&quot;:&quot;gradient&quot;}\">\n        <div class=\"kng-section-bg-parallax\" data-parallax=\"{&quot;x&quot;:30,&quot;y&quot;:30}\"><\/div>                                     \n            <div class=\"elementor-container elementor-column-gap-default\">\n                    <div class=\"elementor-column elementor-col-50 elementor-top-column elementor-element elementor-element-69748a3 kng-column-element-default\" data-id=\"69748a3\" data-element_type=\"column\" data-e-type=\"column\">\n                        <div class=\"elementor-widget-wrap elementor-element-populated\">\n                     \n            \n         \n        \t\t<div class=\"elementor-element elementor-element-f48d648 kng-style-1 elementor-tablet-align-center elementor-icon-list--layout-traditional elementor-list-item-link-full_width elementor-invisible elementor-widget elementor-widget-icon-list\" data-id=\"f48d648\" data-element_type=\"widget\" data-e-type=\"widget\" data-settings=\"{&quot;_animation&quot;:&quot;fadeInUp&quot;}\" data-widget_type=\"icon-list.default\">\n\t\t\t\t<div class=\"elementor-widget-container\">\n\t\t\t\t\t\t\t<ul class=\"elementor-icon-list-items\">\n\t\t\t\t\t\t\t<li class=\"elementor-icon-list-item\">\n\t\t\t\t\t\t\t\t\t\t\t<span class=\"elementor-icon-list-icon\">\n\t\t\t\t\t\t\t<i aria-hidden=\"true\" class=\"far fa-info-circle\"><\/i>\t\t\t\t\t\t<\/span>\n\t\t\t\t\t\t\t\t\t\t<span class=\"elementor-icon-list-text\">ADVOCAT I DETECTIU<\/span>\n\t\t\t\t\t\t\t\t\t<\/li>\n\t\t\t\t\t\t<\/ul>\n\t\t\t\t\t\t<\/div>\n\t\t\t\t<\/div>\n\t\t\t\t<div class=\"elementor-element elementor-element-347a9f5 kng-heading-layout-1 elementor-invisible elementor-widget elementor-widget-kng_heading\" data-id=\"347a9f5\" data-element_type=\"widget\" data-e-type=\"widget\" data-settings=\"{&quot;_animation&quot;:&quot;fadeInUp&quot;}\" data-widget_type=\"kng_heading.default\">\n\t\t\t\t<div class=\"elementor-widget-container\">\n\t\t\t\t\t<div class=\"kng-heading-wrap text-xs-center  text-md-center text-lg-start\">\n        <h1 class=\"item-title\">\n        <span>Detectiu i advocat: una alian\u00e7a clau per a la defensa legal<\/span>    <\/h1>\n    <\/div>\n\n\t\t\t\t<\/div>\n\t\t\t\t<\/div>\n\t\t\t\t<div class=\"elementor-element elementor-element-f3eb5a6 elementor-widget elementor-widget-text-editor\" data-id=\"f3eb5a6\" data-element_type=\"widget\" data-e-type=\"widget\" data-widget_type=\"text-editor.default\">\n\t\t\t\t<div class=\"elementor-widget-container\">\n\t\t\t\t\t\t\t\t\t<p>La col\u00b7laboraci\u00f3 advocat-detectiu \u00e9s fonamental per protegir els interessos del client i la combinaci\u00f3 perfecta per obtenir el m\u00e0xim de garanties judicials.<\/p><p>Els detectius privats ens encarreguem de tra\u00e7ar un pla d'actuaci\u00f3 espec\u00edfic per a cada cas i d'aportar les proves necess\u00e0ries als lletrats perqu\u00e8 puguin defensar aix\u00ed els drets del client davant dels tribunals.<\/p><p>Detectiu i advocat hem de treballar en la mateixa l\u00ednia per tal que l'informe d'investigaci\u00f3, confeccionat pel detectiu privat, tingui les m\u00e0ximes garanties judicials.<\/p><p>L'art. 265.5 de la Llei d'Enjudiciament Civil estableix:<br \/><br \/>Documents i altres escrits i objectes relatius al fons de l'assumpte.<\/p><p>1. A tota demanda o contestaci\u00f3 s'hauran d'acompanyar:<br \/><br \/>5\u00e8. Els informes, elaborats per professionals de la investigaci\u00f3 privada legalment habilitats, sobre fets rellevants en qu\u00e8 aquelles fonamentin les seves pretensions.<\/p>\t\t\t\t\t\t\t\t<\/div>\n\t\t\t\t<\/div>\n\t\t\t\t\t<\/div>\n\t\t<\/div>\n\t\t        <div class=\"elementor-column elementor-col-50 elementor-top-column elementor-element elementor-element-d1b306e kng-column-element-default\" data-id=\"d1b306e\" data-element_type=\"column\" data-e-type=\"column\">\n                        <div class=\"elementor-widget-wrap elementor-element-populated\">\n                     \n            \n         \n        \t\t<div class=\"elementor-element elementor-element-51d12d5 elementor-invisible elementor-widget elementor-widget-image\" data-id=\"51d12d5\" data-element_type=\"widget\" data-e-type=\"widget\" data-settings=\"{&quot;_animation&quot;:&quot;fadeInRight&quot;}\" data-widget_type=\"image.default\">\n\t\t\t\t<div class=\"elementor-widget-container\">\n\t\t\t\t\t\t\t\t\t\t\t\t\t\t\t<img fetchpriority=\"high\" decoding=\"async\" width=\"275\" height=\"183\" src=\"https:\/\/detectivesmj.es\/wp-content\/uploads\/2025\/07\/images.jpg\" class=\"attachment-full size-full wp-image-8174\" alt=\"imagen gestor\" \/>\t\t\t\t\t\t\t\t\t\t\t\t\t\t\t<\/div>\n\t\t\t\t<\/div>\n\t\t\t\t\t<\/div>\n\t\t<\/div>\n\t\t            <\/div>\n        <\/section>\n        <div class=\"elementor-element elementor-element-31eb1c9 e-flex e-con-boxed e-con e-parent\" data-id=\"31eb1c9\" data-element_type=\"container\" data-e-type=\"container\">\n\t\t\t\t\t<div class=\"e-con-inner\">\n\t\t\t\t<div class=\"elementor-element elementor-element-4d5ee06 kng-heading-layout-1 elementor-invisible elementor-widget elementor-widget-kng_heading\" data-id=\"4d5ee06\" data-element_type=\"widget\" data-e-type=\"widget\" data-settings=\"{&quot;_animation&quot;:&quot;fadeInUp&quot;}\" data-widget_type=\"kng_heading.default\">\n\t\t\t\t<div class=\"elementor-widget-container\">\n\t\t\t\t\t<div class=\"kng-heading-wrap text-xs-center  text-md-center text-lg-start\">\n        <h3 class=\"item-title\">\n        <span>...tard o d'hora, tot es descobreix...<\/span>    <\/h3>\n    <\/div>\n\n\t\t\t\t<\/div>\n\t\t\t\t<\/div>\n\t\t\t\t\t<\/div>\n\t\t\t\t<\/div>\n\t\t\t\t<\/div>","protected":false},"excerpt":{"rendered":"<p>ABOGADO Y DETECTIVE Detective y abogado: una alianza clave para la defensa legal La colaboraci\u00f3n abogado-detective es fundamental para proteger los intereses del cliente y la combinaci\u00f3n perfecta para obtener el m\u00e1ximo de garant\u00edas judiciales Los detectives privados nos encargamos de trazar un plan de actuaci\u00f3n espec\u00edfico para cada caso y de aportar las pruebas [&hellip;]<\/p>\n","protected":false},"author":1,"featured_media":0,"parent":0,"menu_order":0,"comment_status":"closed","ping_status":"closed","template":"","meta":{"footnotes":""},"class_list":["post-8169","page","type-page","status-publish","hentry","kng-no-post-thumbnail"],"yoast_head":"<!-- This site is optimized with the Yoast SEO plugin v27.3 - https:\/\/yoast.com\/product\/yoast-seo-wordpress\/ -->\n<title>ca-0-Abogado y detective - Detectives Matar\u00f3 Maresme: MJ Detectives<\/title>\n<meta name=\"description\" content=\"La alianza estrat\u00e9gica entre abogado y detective es clave para el \u00e9xito judicial. Aportamos pruebas legalmente v\u00e1lidas (Art. 265.5 LEC) para reforzar la defensa de sus intereses en tribunales.\" \/>\n<meta name=\"robots\" content=\"index, follow, max-snippet:-1, max-image-preview:large, max-video-preview:-1\" \/>\n<link rel=\"canonical\" href=\"https:\/\/detectivesmj.es\/ca\/wp-json\/wp\/v2\/pages\/8169\/\" \/>\n<meta property=\"og:locale\" content=\"ca_ES\" \/>\n<meta property=\"og:type\" content=\"article\" \/>\n<meta property=\"og:title\" content=\"Abogado y detective - Detectives Matar\u00f3 Maresme: MJ Detectives\" \/>\n<meta property=\"og:description\" content=\"La alianza estrat\u00e9gica entre abogado y detective es clave para el \u00e9xito judicial. Aportamos pruebas legalmente v\u00e1lidas (Art. 265.5 LEC) para reforzar la defensa de sus intereses en tribunales.\" \/>\n<meta property=\"og:url\" content=\"https:\/\/detectivesmj.es\/ca\/abogado-y-detective\/\" \/>\n<meta property=\"og:site_name\" content=\"Detectives Matar\u00f3 Maresme: MJ Detectives\" \/>\n<meta property=\"article:modified_time\" content=\"2026-02-04T22:24:56+00:00\" \/>\n<meta property=\"og:image\" content=\"https:\/\/detectivesmj.es\/wp-content\/uploads\/2025\/07\/images.jpg\" \/>\n\t<meta property=\"og:image:width\" content=\"275\" \/>\n\t<meta property=\"og:image:height\" content=\"183\" \/>\n\t<meta property=\"og:image:type\" content=\"image\/jpeg\" \/>\n<meta name=\"twitter:card\" content=\"summary_large_image\" \/>\n<meta name=\"twitter:label1\" content=\"Temps estimat de lectura\" \/>\n\t<meta name=\"twitter:data1\" content=\"1 minut\" \/>\n<script type=\"application\/ld+json\" class=\"yoast-schema-graph\">{\"@context\":\"https:\\\/\\\/schema.org\",\"@graph\":[{\"@type\":\"WebPage\",\"@id\":\"https:\\\/\\\/detectivesmj.es\\\/abogado-y-detective\\\/\",\"url\":\"https:\\\/\\\/detectivesmj.es\\\/abogado-y-detective\\\/\",\"name\":\"Abogado y detective - Detectives Matar\u00f3 Maresme: MJ Detectives\",\"isPartOf\":{\"@id\":\"https:\\\/\\\/detectivesmj.es\\\/#website\"},\"primaryImageOfPage\":{\"@id\":\"https:\\\/\\\/detectivesmj.es\\\/abogado-y-detective\\\/#primaryimage\"},\"image\":{\"@id\":\"https:\\\/\\\/detectivesmj.es\\\/abogado-y-detective\\\/#primaryimage\"},\"thumbnailUrl\":\"https:\\\/\\\/detectivesmj.es\\\/wp-content\\\/uploads\\\/2025\\\/07\\\/images.jpg\",\"datePublished\":\"2025-07-27T09:29:28+00:00\",\"dateModified\":\"2026-02-04T22:24:56+00:00\",\"description\":\"La alianza estrat\u00e9gica entre abogado y detective es clave para el \u00e9xito judicial. Aportamos pruebas legalmente v\u00e1lidas (Art. 265.5 LEC) para reforzar la defensa de sus intereses en tribunales.\",\"breadcrumb\":{\"@id\":\"https:\\\/\\\/detectivesmj.es\\\/abogado-y-detective\\\/#breadcrumb\"},\"inLanguage\":\"ca\",\"potentialAction\":[{\"@type\":\"ReadAction\",\"target\":[\"https:\\\/\\\/detectivesmj.es\\\/abogado-y-detective\\\/\"]}]},{\"@type\":\"ImageObject\",\"inLanguage\":\"ca\",\"@id\":\"https:\\\/\\\/detectivesmj.es\\\/abogado-y-detective\\\/#primaryimage\",\"url\":\"https:\\\/\\\/detectivesmj.es\\\/wp-content\\\/uploads\\\/2025\\\/07\\\/images.jpg\",\"contentUrl\":\"https:\\\/\\\/detectivesmj.es\\\/wp-content\\\/uploads\\\/2025\\\/07\\\/images.jpg\"},{\"@type\":\"BreadcrumbList\",\"@id\":\"https:\\\/\\\/detectivesmj.es\\\/abogado-y-detective\\\/#breadcrumb\",\"itemListElement\":[{\"@type\":\"ListItem\",\"position\":1,\"name\":\"Portada\",\"item\":\"https:\\\/\\\/detectivesmj.es\\\/\"},{\"@type\":\"ListItem\",\"position\":2,\"name\":\"Abogado y detective\"}]},{\"@type\":\"WebSite\",\"@id\":\"https:\\\/\\\/detectivesmj.es\\\/#website\",\"url\":\"https:\\\/\\\/detectivesmj.es\\\/\",\"name\":\"Detectives Matar\u00f3 Maresme: MJ Detectives\",\"description\":\"Attorney &amp; Lawyers WordPress Theme\",\"potentialAction\":[{\"@type\":\"SearchAction\",\"target\":{\"@type\":\"EntryPoint\",\"urlTemplate\":\"https:\\\/\\\/detectivesmj.es\\\/?s={search_term_string}\"},\"query-input\":{\"@type\":\"PropertyValueSpecification\",\"valueRequired\":true,\"valueName\":\"search_term_string\"}}],\"inLanguage\":\"ca\"}]}<\/script>\n<!-- \/ Yoast SEO plugin. -->","yoast_head_json":{"title":"ca-0-Abogado y detective - Detectives Matar\u00f3 Maresme: MJ Detectives","description":"La alianza estrat\u00e9gica entre abogado y detective es clave para el \u00e9xito judicial. Aportamos pruebas legalmente v\u00e1lidas (Art. 265.5 LEC) para reforzar la defensa de sus intereses en tribunales.","robots":{"index":"index","follow":"follow","max-snippet":"max-snippet:-1","max-image-preview":"max-image-preview:large","max-video-preview":"max-video-preview:-1"},"canonical":"https:\/\/detectivesmj.es\/ca\/wp-json\/wp\/v2\/pages\/8169\/","og_locale":"ca_ES","og_type":"article","og_title":"Abogado y detective - Detectives Matar\u00f3 Maresme: MJ Detectives","og_description":"La alianza estrat\u00e9gica entre abogado y detective es clave para el \u00e9xito judicial. Aportamos pruebas legalmente v\u00e1lidas (Art. 265.5 LEC) para reforzar la defensa de sus intereses en tribunales.","og_url":"https:\/\/detectivesmj.es\/ca\/abogado-y-detective\/","og_site_name":"Detectives Matar\u00f3 Maresme: MJ Detectives","article_modified_time":"2026-02-04T22:24:56+00:00","og_image":[{"width":275,"height":183,"url":"https:\/\/detectivesmj.es\/wp-content\/uploads\/2025\/07\/images.jpg","type":"image\/jpeg"}],"twitter_card":"summary_large_image","twitter_misc":{"Temps estimat de lectura":"1 minut"},"schema":{"@context":"https:\/\/schema.org","@graph":[{"@type":"WebPage","@id":"https:\/\/detectivesmj.es\/abogado-y-detective\/","url":"https:\/\/detectivesmj.es\/abogado-y-detective\/","name":"Abogado y detective - Detectives Matar\u00f3 Maresme: MJ Detectives","isPartOf":{"@id":"https:\/\/detectivesmj.es\/#website"},"primaryImageOfPage":{"@id":"https:\/\/detectivesmj.es\/abogado-y-detective\/#primaryimage"},"image":{"@id":"https:\/\/detectivesmj.es\/abogado-y-detective\/#primaryimage"},"thumbnailUrl":"https:\/\/detectivesmj.es\/wp-content\/uploads\/2025\/07\/images.jpg","datePublished":"2025-07-27T09:29:28+00:00","dateModified":"2026-02-04T22:24:56+00:00","description":"La alianza estrat\u00e9gica entre abogado y detective es clave para el \u00e9xito judicial. Aportamos pruebas legalmente v\u00e1lidas (Art. 265.5 LEC) para reforzar la defensa de sus intereses en tribunales.","breadcrumb":{"@id":"https:\/\/detectivesmj.es\/abogado-y-detective\/#breadcrumb"},"inLanguage":"ca","potentialAction":[{"@type":"ReadAction","target":["https:\/\/detectivesmj.es\/abogado-y-detective\/"]}]},{"@type":"ImageObject","inLanguage":"ca","@id":"https:\/\/detectivesmj.es\/abogado-y-detective\/#primaryimage","url":"https:\/\/detectivesmj.es\/wp-content\/uploads\/2025\/07\/images.jpg","contentUrl":"https:\/\/detectivesmj.es\/wp-content\/uploads\/2025\/07\/images.jpg"},{"@type":"BreadcrumbList","@id":"https:\/\/detectivesmj.es\/abogado-y-detective\/#breadcrumb","itemListElement":[{"@type":"ListItem","position":1,"name":"Portada","item":"https:\/\/detectivesmj.es\/"},{"@type":"ListItem","position":2,"name":"Abogado y detective"}]},{"@type":"WebSite","@id":"https:\/\/detectivesmj.es\/#website","url":"https:\/\/detectivesmj.es\/","name":"Detectives Matar\u00f3 Maresme: MJ Detectives","description":"Attorney &amp; Lawyers WordPress Theme","potentialAction":[{"@type":"SearchAction","target":{"@type":"EntryPoint","urlTemplate":"https:\/\/detectivesmj.es\/?s={search_term_string}"},"query-input":{"@type":"PropertyValueSpecification","valueRequired":true,"valueName":"search_term_string"}}],"inLanguage":"ca"}]}},"_links":{"self":[{"href":"https:\/\/detectivesmj.es\/ca\/wp-json\/wp\/v2\/pages\/8169","targetHints":{"allow":["GET"]}}],"collection":[{"href":"https:\/\/detectivesmj.es\/ca\/wp-json\/wp\/v2\/pages"}],"about":[{"href":"https:\/\/detectivesmj.es\/ca\/wp-json\/wp\/v2\/types\/page"}],"author":[{"embeddable":true,"href":"https:\/\/detectivesmj.es\/ca\/wp-json\/wp\/v2\/users\/1"}],"replies":[{"embeddable":true,"href":"https:\/\/detectivesmj.es\/ca\/wp-json\/wp\/v2\/comments?post=8169"}],"version-history":[{"count":22,"href":"https:\/\/detectivesmj.es\/ca\/wp-json\/wp\/v2\/pages\/8169\/revisions"}],"predecessor-version":[{"id":9318,"href":"https:\/\/detectivesmj.es\/ca\/wp-json\/wp\/v2\/pages\/8169\/revisions\/9318"}],"wp:attachment":[{"href":"https:\/\/detectivesmj.es\/ca\/wp-json\/wp\/v2\/media?parent=8169"}],"curies":[{"name":"wp","href":"https:\/\/api.w.org\/{rel}","templated":true}]}}