{"id":8181,"date":"2025-07-27T09:33:08","date_gmt":"2025-07-27T09:33:08","guid":{"rendered":"https:\/\/detectivesmj.es\/?page_id=8181"},"modified":"2026-02-04T22:25:17","modified_gmt":"2026-02-04T22:25:17","slug":"legislacion","status":"publish","type":"page","link":"https:\/\/detectivesmj.es\/ca\/legislacion\/","title":{"rendered":"Legislaci\u00f3"},"content":{"rendered":"<div data-elementor-type=\"wp-page\" data-elementor-id=\"8181\" class=\"elementor elementor-8181\">\n\t\t\t\t        <section class=\"elementor-section elementor-top-section elementor-element elementor-element-df6d976 kng-section-overflow-hidden-yes elementor-section-boxed elementor-section-height-default elementor-section-height-default kng-boxed-bg-false kng-section-boxed-divider-false\" data-id=\"df6d976\" data-element_type=\"section\" data-e-type=\"section\" id=\"section-home\" data-settings=\"{&quot;background_background&quot;:&quot;gradient&quot;}\">\n        <div class=\"kng-section-bg-parallax\" data-parallax=\"{&quot;x&quot;:30,&quot;y&quot;:30}\"><\/div>                                     \n            <div class=\"elementor-container elementor-column-gap-default\">\n                    <div class=\"elementor-column elementor-col-50 elementor-top-column elementor-element elementor-element-69748a3 kng-column-element-default\" data-id=\"69748a3\" data-element_type=\"column\" data-e-type=\"column\">\n                        <div class=\"elementor-widget-wrap elementor-element-populated\">\n                     \n            \n         \n        \t\t<div class=\"elementor-element elementor-element-f48d648 kng-style-1 elementor-tablet-align-center elementor-icon-list--layout-traditional elementor-list-item-link-full_width elementor-invisible elementor-widget elementor-widget-icon-list\" data-id=\"f48d648\" data-element_type=\"widget\" data-e-type=\"widget\" data-settings=\"{&quot;_animation&quot;:&quot;fadeInUp&quot;}\" data-widget_type=\"icon-list.default\">\n\t\t\t\t<div class=\"elementor-widget-container\">\n\t\t\t\t\t\t\t<ul class=\"elementor-icon-list-items\">\n\t\t\t\t\t\t\t<li class=\"elementor-icon-list-item\">\n\t\t\t\t\t\t\t\t\t\t\t<span class=\"elementor-icon-list-icon\">\n\t\t\t\t\t\t\t<i aria-hidden=\"true\" class=\"far fa-info-circle\"><\/i>\t\t\t\t\t\t<\/span>\n\t\t\t\t\t\t\t\t\t\t<span class=\"elementor-icon-list-text\">LEGISLACI\u00d3<\/span>\n\t\t\t\t\t\t\t\t\t<\/li>\n\t\t\t\t\t\t<\/ul>\n\t\t\t\t\t\t<\/div>\n\t\t\t\t<\/div>\n\t\t\t\t<div class=\"elementor-element elementor-element-347a9f5 kng-heading-layout-1 elementor-invisible elementor-widget elementor-widget-kng_heading\" data-id=\"347a9f5\" data-element_type=\"widget\" data-e-type=\"widget\" data-settings=\"{&quot;_animation&quot;:&quot;fadeInUp&quot;}\" data-widget_type=\"kng_heading.default\">\n\t\t\t\t<div class=\"elementor-widget-container\">\n\t\t\t\t\t<div class=\"kng-heading-wrap text-xs-center  text-md-center text-lg-start\">\n        <h1 class=\"item-title\">\n        <span>Funcions legals del detectiu privat: informaci\u00f3, proves i suport judicial<\/span>    <\/h1>\n    <\/div>\n\n\t\t\t\t<\/div>\n\t\t\t\t<\/div>\n\t\t\t\t<div class=\"elementor-element elementor-element-f3eb5a6 elementor-widget elementor-widget-text-editor\" data-id=\"f3eb5a6\" data-element_type=\"widget\" data-e-type=\"widget\" data-widget_type=\"text-editor.default\">\n\t\t\t\t<div class=\"elementor-widget-container\">\n\t\t\t\t\t\t\t\t\t<p>La Llei 5\/2014, de 4 d'abril, de Seguretat Privada, en el seu article 48, regula les funcions del detectiu privat: els serveis d'investigaci\u00f3 privada, a c\u00e0rrec de detectius privats, consistiran en la realitzaci\u00f3 de les indagacions que resultin necess\u00e0ries per a l'obtenci\u00f3 i aportaci\u00f3, per compte de tercers legitimats, d'informaci\u00f3 i proves sobre conductes o fets privats relacionats amb els aspectes seg\u00fcents:<\/p><p><strong style=\"color: #bf560c;\">A.<\/strong> Els relatius a l'\u00e0mbit econ\u00f2mic, laboral, mercantil, financer i, en general, a la vida personal, familiar o social, exceptuada la que es desenvolupi als domicilis o llocs reservats.<br \/><br \/><strong style=\"color: #bf560c;\">B.<\/strong> L'obtenci\u00f3 d'informaci\u00f3 tendent a garantir el desenvolupament normal de les activitats que tinguin lloc en fires, hotels, exposicions, espectacles, cert\u00e0mens, convencions, grans superf\u00edcies comercials, locals p\u00fablics de gran concurr\u00e8ncia o \u00e0mbits an\u00e0legs.<br \/><br \/><strong style=\"color: #bf560c;\">C.<\/strong> La realitzaci\u00f3 d'indagacions i l'obtenci\u00f3 d'informaci\u00f3 i proves relatives a delictes nom\u00e9s perseguibles a inst\u00e0ncia de part per enc\u00e0rrec dels subjectes legitimats en el proc\u00e9s penal.<\/p>\t\t\t\t\t\t\t\t<\/div>\n\t\t\t\t<\/div>\n\t\t\t\t\t<\/div>\n\t\t<\/div>\n\t\t        <div class=\"elementor-column elementor-col-50 elementor-top-column elementor-element elementor-element-d1b306e kng-column-element-default\" data-id=\"d1b306e\" data-element_type=\"column\" data-e-type=\"column\">\n                        <div class=\"elementor-widget-wrap elementor-element-populated\">\n                     \n            \n         \n        \t\t<div class=\"elementor-element elementor-element-51d12d5 elementor-invisible elementor-widget elementor-widget-image\" data-id=\"51d12d5\" data-element_type=\"widget\" data-e-type=\"widget\" data-settings=\"{&quot;_animation&quot;:&quot;fadeInRight&quot;}\" data-widget_type=\"image.default\">\n\t\t\t\t<div class=\"elementor-widget-container\">\n\t\t\t\t\t\t\t\t\t\t\t\t\t\t\t<img fetchpriority=\"high\" decoding=\"async\" width=\"320\" height=\"256\" src=\"https:\/\/detectivesmj.es\/wp-content\/uploads\/2025\/07\/image-martillo.jpg\" class=\"attachment-full size-full wp-image-8192\" alt=\"imagen mazo\" \/>\t\t\t\t\t\t\t\t\t\t\t\t\t\t\t<\/div>\n\t\t\t\t<\/div>\n\t\t\t\t<div class=\"elementor-element elementor-element-ee7fbf1 elementor-widget elementor-widget-text-editor\" data-id=\"ee7fbf1\" data-element_type=\"widget\" data-e-type=\"widget\" data-widget_type=\"text-editor.default\">\n\t\t\t\t<div class=\"elementor-widget-container\">\n\t\t\t\t\t\t\t\t\t<p>Ratificacions judicials: la nova Llei d'Enjudiciament Civil en el seu article 265, Llei 1\/2000, de 7 de gener, confereix una gran import\u00e0ncia a les proves i informes emesos pels detectius privats. A l'efecte del Tribunal Suprem, el detectiu privat \u00e9s considerat testimoni privilegiat en un proc\u00e9s judicial, i \u00e9s un mitj\u00e0 de prova dotat d'exclusivitat.<\/p>\t\t\t\t\t\t\t\t<\/div>\n\t\t\t\t<\/div>\n\t\t\t\t\t<\/div>\n\t\t<\/div>\n\t\t            <\/div>\n        <\/section>\n        <div class=\"elementor-element elementor-element-7b73663 e-flex e-con-boxed e-con e-parent\" data-id=\"7b73663\" data-element_type=\"container\" data-e-type=\"container\">\n\t\t\t\t\t<div class=\"e-con-inner\">\n\t\t\t\t<div class=\"elementor-element elementor-element-d342192 kng-heading-layout-1 elementor-invisible elementor-widget elementor-widget-kng_heading\" data-id=\"d342192\" data-element_type=\"widget\" data-e-type=\"widget\" data-settings=\"{&quot;_animation&quot;:&quot;fadeInUp&quot;}\" data-widget_type=\"kng_heading.default\">\n\t\t\t\t<div class=\"elementor-widget-container\">\n\t\t\t\t\t<div class=\"kng-heading-wrap text-xs-center  text-md-center text-lg-start\">\n        <h3 class=\"item-title\">\n        <span>...tard o d'hora, tot es descobreix...<\/span>    <\/h3>\n    <\/div>\n\n\t\t\t\t<\/div>\n\t\t\t\t<\/div>\n\t\t\t\t\t<\/div>\n\t\t\t\t<\/div>\n\t\t\t\t<\/div>","protected":false},"excerpt":{"rendered":"<p>LEGISLACI\u00d3N Funciones legales del detective privado: informaci\u00f3n, pruebas y respaldo judicial La Ley 5\/2014, de 4 de abril, de Seguridad Privada en su art\u00edculo 48 regula las funciones del detective privado: los servicios de investigaci\u00f3n privada, a cargo de detectives privados, consistir\u00e1n en la realizaci\u00f3n de las averiguaciones que resulten necesarias para la obtenci\u00f3n y [&hellip;]<\/p>\n","protected":false},"author":1,"featured_media":0,"parent":0,"menu_order":0,"comment_status":"closed","ping_status":"closed","template":"","meta":{"footnotes":""},"class_list":["post-8181","page","type-page","status-publish","hentry","kng-no-post-thumbnail"],"yoast_head":"<!-- This site is optimized with the Yoast SEO plugin v27.3 - https:\/\/yoast.com\/product\/yoast-seo-wordpress\/ -->\n<title>ca-0-Legislaci\u00f3n - Detectives Matar\u00f3 Maresme: MJ Detectives<\/title>\n<meta name=\"description\" content=\"Conozca el marco legal que regula la profesi\u00f3n del detective privado en Espa\u00f1a (Ley 5\/2014). Informaci\u00f3n sobre las funciones legales y la validez de nuestras pruebas e informes ante los tribunales.\" \/>\n<meta name=\"robots\" content=\"index, follow, max-snippet:-1, max-image-preview:large, max-video-preview:-1\" \/>\n<link rel=\"canonical\" href=\"https:\/\/detectivesmj.es\/ca\/wp-json\/wp\/v2\/pages\/8181\/\" \/>\n<meta property=\"og:locale\" content=\"ca_ES\" \/>\n<meta property=\"og:type\" content=\"article\" \/>\n<meta property=\"og:title\" content=\"Legislaci\u00f3n - Detectives Matar\u00f3 Maresme: MJ Detectives\" \/>\n<meta property=\"og:description\" content=\"Conozca el marco legal que regula la profesi\u00f3n del detective privado en Espa\u00f1a (Ley 5\/2014). Informaci\u00f3n sobre las funciones legales y la validez de nuestras pruebas e informes ante los tribunales.\" \/>\n<meta property=\"og:url\" content=\"https:\/\/detectivesmj.es\/ca\/legislacion\/\" \/>\n<meta property=\"og:site_name\" content=\"Detectives Matar\u00f3 Maresme: MJ Detectives\" \/>\n<meta property=\"article:modified_time\" content=\"2026-02-04T22:25:17+00:00\" \/>\n<meta property=\"og:image\" content=\"https:\/\/detectivesmj.es\/wp-content\/uploads\/2025\/07\/image-martillo.jpg\" \/>\n\t<meta property=\"og:image:width\" content=\"320\" \/>\n\t<meta property=\"og:image:height\" content=\"256\" \/>\n\t<meta property=\"og:image:type\" content=\"image\/jpeg\" \/>\n<meta name=\"twitter:card\" content=\"summary_large_image\" \/>\n<meta name=\"twitter:label1\" content=\"Temps estimat de lectura\" \/>\n\t<meta name=\"twitter:data1\" content=\"2 minuts\" \/>\n<script type=\"application\/ld+json\" class=\"yoast-schema-graph\">{\"@context\":\"https:\\\/\\\/schema.org\",\"@graph\":[{\"@type\":\"WebPage\",\"@id\":\"https:\\\/\\\/detectivesmj.es\\\/legislacion\\\/\",\"url\":\"https:\\\/\\\/detectivesmj.es\\\/legislacion\\\/\",\"name\":\"Legislaci\u00f3n - Detectives Matar\u00f3 Maresme: MJ Detectives\",\"isPartOf\":{\"@id\":\"https:\\\/\\\/detectivesmj.es\\\/#website\"},\"primaryImageOfPage\":{\"@id\":\"https:\\\/\\\/detectivesmj.es\\\/legislacion\\\/#primaryimage\"},\"image\":{\"@id\":\"https:\\\/\\\/detectivesmj.es\\\/legislacion\\\/#primaryimage\"},\"thumbnailUrl\":\"https:\\\/\\\/detectivesmj.es\\\/wp-content\\\/uploads\\\/2025\\\/07\\\/image-martillo.jpg\",\"datePublished\":\"2025-07-27T09:33:08+00:00\",\"dateModified\":\"2026-02-04T22:25:17+00:00\",\"description\":\"Conozca el marco legal que regula la profesi\u00f3n del detective privado en Espa\u00f1a (Ley 5\\\/2014). Informaci\u00f3n sobre las funciones legales y la validez de nuestras pruebas e informes ante los tribunales.\",\"breadcrumb\":{\"@id\":\"https:\\\/\\\/detectivesmj.es\\\/legislacion\\\/#breadcrumb\"},\"inLanguage\":\"ca\",\"potentialAction\":[{\"@type\":\"ReadAction\",\"target\":[\"https:\\\/\\\/detectivesmj.es\\\/legislacion\\\/\"]}]},{\"@type\":\"ImageObject\",\"inLanguage\":\"ca\",\"@id\":\"https:\\\/\\\/detectivesmj.es\\\/legislacion\\\/#primaryimage\",\"url\":\"https:\\\/\\\/detectivesmj.es\\\/wp-content\\\/uploads\\\/2025\\\/07\\\/image-martillo.jpg\",\"contentUrl\":\"https:\\\/\\\/detectivesmj.es\\\/wp-content\\\/uploads\\\/2025\\\/07\\\/image-martillo.jpg\"},{\"@type\":\"BreadcrumbList\",\"@id\":\"https:\\\/\\\/detectivesmj.es\\\/legislacion\\\/#breadcrumb\",\"itemListElement\":[{\"@type\":\"ListItem\",\"position\":1,\"name\":\"Portada\",\"item\":\"https:\\\/\\\/detectivesmj.es\\\/\"},{\"@type\":\"ListItem\",\"position\":2,\"name\":\"Legislaci\u00f3n\"}]},{\"@type\":\"WebSite\",\"@id\":\"https:\\\/\\\/detectivesmj.es\\\/#website\",\"url\":\"https:\\\/\\\/detectivesmj.es\\\/\",\"name\":\"Detectives Matar\u00f3 Maresme: MJ Detectives\",\"description\":\"Attorney &amp; Lawyers WordPress Theme\",\"potentialAction\":[{\"@type\":\"SearchAction\",\"target\":{\"@type\":\"EntryPoint\",\"urlTemplate\":\"https:\\\/\\\/detectivesmj.es\\\/?s={search_term_string}\"},\"query-input\":{\"@type\":\"PropertyValueSpecification\",\"valueRequired\":true,\"valueName\":\"search_term_string\"}}],\"inLanguage\":\"ca\"}]}<\/script>\n<!-- \/ Yoast SEO plugin. -->","yoast_head_json":{"title":"ca-0-Legislaci\u00f3n - Detectives Matar\u00f3 Maresme: MJ Detectives","description":"Conozca el marco legal que regula la profesi\u00f3n del detective privado en Espa\u00f1a (Ley 5\/2014). Informaci\u00f3n sobre las funciones legales y la validez de nuestras pruebas e informes ante los tribunales.","robots":{"index":"index","follow":"follow","max-snippet":"max-snippet:-1","max-image-preview":"max-image-preview:large","max-video-preview":"max-video-preview:-1"},"canonical":"https:\/\/detectivesmj.es\/ca\/wp-json\/wp\/v2\/pages\/8181\/","og_locale":"ca_ES","og_type":"article","og_title":"Legislaci\u00f3n - Detectives Matar\u00f3 Maresme: MJ Detectives","og_description":"Conozca el marco legal que regula la profesi\u00f3n del detective privado en Espa\u00f1a (Ley 5\/2014). Informaci\u00f3n sobre las funciones legales y la validez de nuestras pruebas e informes ante los tribunales.","og_url":"https:\/\/detectivesmj.es\/ca\/legislacion\/","og_site_name":"Detectives Matar\u00f3 Maresme: MJ Detectives","article_modified_time":"2026-02-04T22:25:17+00:00","og_image":[{"width":320,"height":256,"url":"https:\/\/detectivesmj.es\/wp-content\/uploads\/2025\/07\/image-martillo.jpg","type":"image\/jpeg"}],"twitter_card":"summary_large_image","twitter_misc":{"Temps estimat de lectura":"2 minuts"},"schema":{"@context":"https:\/\/schema.org","@graph":[{"@type":"WebPage","@id":"https:\/\/detectivesmj.es\/legislacion\/","url":"https:\/\/detectivesmj.es\/legislacion\/","name":"Legislaci\u00f3n - Detectives Matar\u00f3 Maresme: MJ Detectives","isPartOf":{"@id":"https:\/\/detectivesmj.es\/#website"},"primaryImageOfPage":{"@id":"https:\/\/detectivesmj.es\/legislacion\/#primaryimage"},"image":{"@id":"https:\/\/detectivesmj.es\/legislacion\/#primaryimage"},"thumbnailUrl":"https:\/\/detectivesmj.es\/wp-content\/uploads\/2025\/07\/image-martillo.jpg","datePublished":"2025-07-27T09:33:08+00:00","dateModified":"2026-02-04T22:25:17+00:00","description":"Conozca el marco legal que regula la profesi\u00f3n del detective privado en Espa\u00f1a (Ley 5\/2014). Informaci\u00f3n sobre las funciones legales y la validez de nuestras pruebas e informes ante los tribunales.","breadcrumb":{"@id":"https:\/\/detectivesmj.es\/legislacion\/#breadcrumb"},"inLanguage":"ca","potentialAction":[{"@type":"ReadAction","target":["https:\/\/detectivesmj.es\/legislacion\/"]}]},{"@type":"ImageObject","inLanguage":"ca","@id":"https:\/\/detectivesmj.es\/legislacion\/#primaryimage","url":"https:\/\/detectivesmj.es\/wp-content\/uploads\/2025\/07\/image-martillo.jpg","contentUrl":"https:\/\/detectivesmj.es\/wp-content\/uploads\/2025\/07\/image-martillo.jpg"},{"@type":"BreadcrumbList","@id":"https:\/\/detectivesmj.es\/legislacion\/#breadcrumb","itemListElement":[{"@type":"ListItem","position":1,"name":"Portada","item":"https:\/\/detectivesmj.es\/"},{"@type":"ListItem","position":2,"name":"Legislaci\u00f3n"}]},{"@type":"WebSite","@id":"https:\/\/detectivesmj.es\/#website","url":"https:\/\/detectivesmj.es\/","name":"Detectives Matar\u00f3 Maresme: MJ Detectives","description":"Attorney &amp; Lawyers WordPress Theme","potentialAction":[{"@type":"SearchAction","target":{"@type":"EntryPoint","urlTemplate":"https:\/\/detectivesmj.es\/?s={search_term_string}"},"query-input":{"@type":"PropertyValueSpecification","valueRequired":true,"valueName":"search_term_string"}}],"inLanguage":"ca"}]}},"_links":{"self":[{"href":"https:\/\/detectivesmj.es\/ca\/wp-json\/wp\/v2\/pages\/8181","targetHints":{"allow":["GET"]}}],"collection":[{"href":"https:\/\/detectivesmj.es\/ca\/wp-json\/wp\/v2\/pages"}],"about":[{"href":"https:\/\/detectivesmj.es\/ca\/wp-json\/wp\/v2\/types\/page"}],"author":[{"embeddable":true,"href":"https:\/\/detectivesmj.es\/ca\/wp-json\/wp\/v2\/users\/1"}],"replies":[{"embeddable":true,"href":"https:\/\/detectivesmj.es\/ca\/wp-json\/wp\/v2\/comments?post=8181"}],"version-history":[{"count":34,"href":"https:\/\/detectivesmj.es\/ca\/wp-json\/wp\/v2\/pages\/8181\/revisions"}],"predecessor-version":[{"id":9324,"href":"https:\/\/detectivesmj.es\/ca\/wp-json\/wp\/v2\/pages\/8181\/revisions\/9324"}],"wp:attachment":[{"href":"https:\/\/detectivesmj.es\/ca\/wp-json\/wp\/v2\/media?parent=8181"}],"curies":[{"name":"wp","href":"https:\/\/api.w.org\/{rel}","templated":true}]}}