{"id":8878,"date":"2025-08-31T07:50:20","date_gmt":"2025-08-31T07:50:20","guid":{"rendered":"https:\/\/detectivesmj.es\/?page_id=8878"},"modified":"2025-08-31T07:50:20","modified_gmt":"2025-08-31T07:50:20","slug":"aviso-legal","status":"publish","type":"page","link":"https:\/\/detectivesmj.es\/ca\/aviso-legal\/","title":{"rendered":"Aviso Legal"},"content":{"rendered":"<p>Informaci\u00f3n general para dar cumplimento a la ley 34\/2002 LSSICE.<\/p>\n\n\n\n<p>Titular del web: M\u00aa Jos\u00e9 Vicente L\u00f3pez (MJ DETECTIVES)<br>Nombre Comercial: MJ DETECTIVES.<\/p>\n\n\n\n<p>Matar\u00f3 (Espa\u00f1a)<br>Tel. 639 169 989<br>Email: info@detectivesmj.es<\/p>","protected":false},"excerpt":{"rendered":"<p>Informaci\u00f3n general para dar cumplimento a la ley 34\/2002 LSSICE. Titular del web: M\u00aa Jos\u00e9 Vicente L\u00f3pez (MJ DETECTIVES)Nombre Comercial: MJ DETECTIVES. Matar\u00f3 (Espa\u00f1a)Tel. 639 169 989Email: info@detectivesmj.es<\/p>","protected":false},"author":1,"featured_media":0,"parent":0,"menu_order":0,"comment_status":"closed","ping_status":"closed","template":"","meta":{"footnotes":""},"class_list":["post-8878","page","type-page","status-publish","hentry","kng-no-post-thumbnail"],"yoast_head":"<!-- This site is optimized with the Yoast SEO plugin v27.3 - https:\/\/yoast.com\/product\/yoast-seo-wordpress\/ -->\n<title>ca-0-Aviso Legal - Detectives Matar\u00f3 Maresme: MJ Detectives<\/title>\n<meta name=\"robots\" content=\"index, follow, max-snippet:-1, max-image-preview:large, max-video-preview:-1\" \/>\n<link rel=\"canonical\" href=\"https:\/\/detectivesmj.es\/ca\/wp-json\/wp\/v2\/pages\/8878\/\" \/>\n<meta property=\"og:locale\" content=\"ca_ES\" \/>\n<meta property=\"og:type\" content=\"article\" \/>\n<meta property=\"og:title\" content=\"Aviso Legal - Detectives Matar\u00f3 Maresme: MJ Detectives\" \/>\n<meta property=\"og:description\" content=\"Informaci\u00f3n general para dar cumplimento a la ley 34\/2002 LSSICE. Titular del web: M\u00aa Jos\u00e9 Vicente L\u00f3pez (MJ DETECTIVES)Nombre Comercial: MJ DETECTIVES. Matar\u00f3 (Espa\u00f1a)Tel. 639 169 989Email: info@detectivesmj.es\" \/>\n<meta property=\"og:url\" content=\"https:\/\/detectivesmj.es\/ca\/aviso-legal\/\" \/>\n<meta property=\"og:site_name\" content=\"Detectives Matar\u00f3 Maresme: MJ Detectives\" \/>\n<meta name=\"twitter:card\" content=\"summary_large_image\" \/>\n<meta name=\"twitter:label1\" content=\"Temps estimat de lectura\" \/>\n\t<meta name=\"twitter:data1\" content=\"1 minut\" \/>\n<script type=\"application\/ld+json\" class=\"yoast-schema-graph\">{\"@context\":\"https:\\\/\\\/schema.org\",\"@graph\":[{\"@type\":\"WebPage\",\"@id\":\"https:\\\/\\\/detectivesmj.es\\\/aviso-legal\\\/\",\"url\":\"https:\\\/\\\/detectivesmj.es\\\/aviso-legal\\\/\",\"name\":\"Aviso Legal - Detectives Matar\u00f3 Maresme: MJ Detectives\",\"isPartOf\":{\"@id\":\"https:\\\/\\\/detectivesmj.es\\\/#website\"},\"datePublished\":\"2025-08-31T07:50:20+00:00\",\"breadcrumb\":{\"@id\":\"https:\\\/\\\/detectivesmj.es\\\/aviso-legal\\\/#breadcrumb\"},\"inLanguage\":\"ca\",\"potentialAction\":[{\"@type\":\"ReadAction\",\"target\":[\"https:\\\/\\\/detectivesmj.es\\\/aviso-legal\\\/\"]}]},{\"@type\":\"BreadcrumbList\",\"@id\":\"https:\\\/\\\/detectivesmj.es\\\/aviso-legal\\\/#breadcrumb\",\"itemListElement\":[{\"@type\":\"ListItem\",\"position\":1,\"name\":\"Portada\",\"item\":\"https:\\\/\\\/detectivesmj.es\\\/\"},{\"@type\":\"ListItem\",\"position\":2,\"name\":\"Aviso Legal\"}]},{\"@type\":\"WebSite\",\"@id\":\"https:\\\/\\\/detectivesmj.es\\\/#website\",\"url\":\"https:\\\/\\\/detectivesmj.es\\\/\",\"name\":\"Detectives Matar\u00f3 Maresme: MJ Detectives\",\"description\":\"Attorney &amp; Lawyers WordPress Theme\",\"potentialAction\":[{\"@type\":\"SearchAction\",\"target\":{\"@type\":\"EntryPoint\",\"urlTemplate\":\"https:\\\/\\\/detectivesmj.es\\\/?s={search_term_string}\"},\"query-input\":{\"@type\":\"PropertyValueSpecification\",\"valueRequired\":true,\"valueName\":\"search_term_string\"}}],\"inLanguage\":\"ca\"}]}<\/script>\n<!-- \/ Yoast SEO plugin. -->","yoast_head_json":{"title":"ca-0-Aviso Legal - Detectives Matar\u00f3 Maresme: MJ Detectives","robots":{"index":"index","follow":"follow","max-snippet":"max-snippet:-1","max-image-preview":"max-image-preview:large","max-video-preview":"max-video-preview:-1"},"canonical":"https:\/\/detectivesmj.es\/ca\/wp-json\/wp\/v2\/pages\/8878\/","og_locale":"ca_ES","og_type":"article","og_title":"Aviso Legal - Detectives Matar\u00f3 Maresme: MJ Detectives","og_description":"Informaci\u00f3n general para dar cumplimento a la ley 34\/2002 LSSICE. Titular del web: M\u00aa Jos\u00e9 Vicente L\u00f3pez (MJ DETECTIVES)Nombre Comercial: MJ DETECTIVES. Matar\u00f3 (Espa\u00f1a)Tel. 639 169 989Email: info@detectivesmj.es","og_url":"https:\/\/detectivesmj.es\/ca\/aviso-legal\/","og_site_name":"Detectives Matar\u00f3 Maresme: MJ Detectives","twitter_card":"summary_large_image","twitter_misc":{"Temps estimat de lectura":"1 minut"},"schema":{"@context":"https:\/\/schema.org","@graph":[{"@type":"WebPage","@id":"https:\/\/detectivesmj.es\/aviso-legal\/","url":"https:\/\/detectivesmj.es\/aviso-legal\/","name":"Aviso Legal - Detectives Matar\u00f3 Maresme: MJ Detectives","isPartOf":{"@id":"https:\/\/detectivesmj.es\/#website"},"datePublished":"2025-08-31T07:50:20+00:00","breadcrumb":{"@id":"https:\/\/detectivesmj.es\/aviso-legal\/#breadcrumb"},"inLanguage":"ca","potentialAction":[{"@type":"ReadAction","target":["https:\/\/detectivesmj.es\/aviso-legal\/"]}]},{"@type":"BreadcrumbList","@id":"https:\/\/detectivesmj.es\/aviso-legal\/#breadcrumb","itemListElement":[{"@type":"ListItem","position":1,"name":"Portada","item":"https:\/\/detectivesmj.es\/"},{"@type":"ListItem","position":2,"name":"Aviso Legal"}]},{"@type":"WebSite","@id":"https:\/\/detectivesmj.es\/#website","url":"https:\/\/detectivesmj.es\/","name":"Detectives Matar\u00f3 Maresme: MJ Detectives","description":"Attorney &amp; Lawyers WordPress Theme","potentialAction":[{"@type":"SearchAction","target":{"@type":"EntryPoint","urlTemplate":"https:\/\/detectivesmj.es\/?s={search_term_string}"},"query-input":{"@type":"PropertyValueSpecification","valueRequired":true,"valueName":"search_term_string"}}],"inLanguage":"ca"}]}},"_links":{"self":[{"href":"https:\/\/detectivesmj.es\/ca\/wp-json\/wp\/v2\/pages\/8878","targetHints":{"allow":["GET"]}}],"collection":[{"href":"https:\/\/detectivesmj.es\/ca\/wp-json\/wp\/v2\/pages"}],"about":[{"href":"https:\/\/detectivesmj.es\/ca\/wp-json\/wp\/v2\/types\/page"}],"author":[{"embeddable":true,"href":"https:\/\/detectivesmj.es\/ca\/wp-json\/wp\/v2\/users\/1"}],"replies":[{"embeddable":true,"href":"https:\/\/detectivesmj.es\/ca\/wp-json\/wp\/v2\/comments?post=8878"}],"version-history":[{"count":1,"href":"https:\/\/detectivesmj.es\/ca\/wp-json\/wp\/v2\/pages\/8878\/revisions"}],"predecessor-version":[{"id":8879,"href":"https:\/\/detectivesmj.es\/ca\/wp-json\/wp\/v2\/pages\/8878\/revisions\/8879"}],"wp:attachment":[{"href":"https:\/\/detectivesmj.es\/ca\/wp-json\/wp\/v2\/media?parent=8878"}],"curies":[{"name":"wp","href":"https:\/\/api.w.org\/{rel}","templated":true}]}}