{"id":8888,"date":"2025-08-31T07:52:32","date_gmt":"2025-08-31T07:52:32","guid":{"rendered":"https:\/\/detectivesmj.es\/?page_id=8888"},"modified":"2026-02-04T19:03:42","modified_gmt":"2026-02-04T19:03:42","slug":"datos-legales","status":"publish","type":"page","link":"https:\/\/detectivesmj.es\/ca\/datos-legales\/","title":{"rendered":"Dades legals"},"content":{"rendered":"<p><strong>Aviso Legal<\/strong><br>Informaci\u00f3n general para dar cumplimento a la ley 34\/2002 LSSICE.<\/p>\n\n\n\n<p>Titular del web: M\u00aa Jos\u00e9 Vicente L\u00f3pez (MJ DETECTIVES)<br>Nombre Comercial: MJ DETECTIVES.<\/p>\n\n\n\n<p>Matar\u00f3 (Espa\u00f1a)<br>Tel. 639 169 989<br>Email: info@detectivesmj.es<\/p>\n\n\n\n<p><strong>Propiedad Intelectual e Industrial<br><\/strong>Todos los contenidos de la presente p\u00e1gina web, incluyendo sin car\u00e1cter limitativo, textos, gr\u00e1ficos, im\u00e1genes, su dise\u00f1o y los derechos de propiedad intelectual que pudieran corresponder a estos contenidos, as\u00ed como todas las marcas, nombres comerciales o cualquiera otro signo distintivo son propiedad de M\u00aa Jos\u00e9 Vicente L\u00f3pez (MJ DETECTIVES) o de su leg\u00edtimo propietario, quedando reservados todos los derechos sobre los mismos y est\u00e1n protegidos por la normativa de Propiedad Intelectual e Industrial, en particular por el RDL 1\/96 que aprueba el Texto Refundido de la Ley de Propiedad Intelectual y por la Ley de Marcas 17\/2001. Los derechos sobre los contenidos pertenecen a M\u00aa Jos\u00e9 Vicente L\u00f3pez (MJ DETECTIVES), o si procede, a terceros.<\/p>\n\n\n\n<p>Queda prohibido cualquier acto de reproducci\u00f3n de los contenidos, en todo o en parte, en cualquier forma o medio, sea mec\u00e1nico, electr\u00f3nico, reprogr\u00e1fico u otro, as\u00ed como cualquier acto de difusi\u00f3n, comunicaci\u00f3n p\u00fablica o distribuci\u00f3n, sin la previa autorizaci\u00f3n por escrito de M\u00aa Jos\u00e9 Vicente L\u00f3pez (MJ DETECTIVES) o de su leg\u00edtimo propietario.<\/p>\n\n\n\n<p>M\u00aa Jos\u00e9 Vicente L\u00f3pez (MJ DETECTIVES) o su leg\u00edtimo propietario, no ser\u00e1 responsable de los da\u00f1os o perjuicios que pudieran derivarse de la utilizaci\u00f3n de los contenidos por parte de los usuarios o de la infracci\u00f3n por parte de estos de cualquier disposici\u00f3n legal vigente.<\/p>\n\n\n\n<p><strong>Proteci\u00f3n de Datos<\/strong><br>De conformidad con la Ley Org\u00e1nica 15\/1999 de Protecci\u00f3n de Datos Personales y a trav\u00e9s de la cumplimentaci\u00f3n del presente formulario, Vd. presta su consentimiento para el tratamiento de sus datos personales facilitados, que ser\u00e1n incorporados al fichero, titularidad de Mar\u00eda Jose Vicente Lopez o de su legitimo propietario, inscrito en el Registro General de la Agencia Espa\u00f1ola de Protecci\u00f3n de Datos, cuya finalidad es la gesti\u00f3n fiscal, contable y administrativa de la relaci\u00f3n contractual, as\u00ed como el env\u00edo de informaci\u00f3n comercial servicios. Igualmente le informamos que podr\u00e1 ejercer los derechos de acceso, rectificaci\u00f3n, cancelaci\u00f3n y oposici\u00f3n establecidos en dicha Ley a trav\u00e9s de carta certificada, adjuntando fotocopia de su DNI\/Pasaporte, en la siguiente direcci\u00f3n: Departamento de Atenci\u00f3n al Cliente LOPD (MJ Detectives Privados) info@detectivesmj.es<\/p>\n\n\n\n<p><strong>Pol\u00edtica de privacidad<br><\/strong>Nota importante sobre el tratamiento de datos y Google Analytics<br>Esta p\u00e1gina web utiliza Google Analytics, un servicio de an\u00e1lisis web de Google Ireland Limited. En caso de que el responsable del tratamiento de datos sobre esta p\u00e1gina web resida en un pa\u00eds fuera del Espacio Econ\u00f3mico Europeo o Suiza, el tratamiento de datos de Google Analytics se realiza a trav\u00e9s de Google LLC. Google LLC y Google Ireland Limited ser\u00e1n referidos en lo sucesivo como \u201cGoogle\u201d.<\/p>\n\n\n\n<p>Google Analytics utiliza las llamadas \u201cCookies\u201d, archivos de texto que se almacenan en el dispositivo del visitante de la p\u00e1gina y que posibilitan un an\u00e1lisis del uso de la p\u00e1gina web del visitante. La informaci\u00f3n generada por la Cookie sobre el uso de esta p\u00e1gina web por el visitante (incluyendo la direcci\u00f3n IP acortada) se transmite y se almacena normalmente en<br>un servidor de Google.<\/p>\n\n\n\n<p>Google Analytics se utiliza en esta p\u00e1gina web \u00fanicamente con la extensi\u00f3n &#8220;_anonymizeIp()&#8221;. Esta extensi\u00f3n asegura la anonimizaci\u00f3n de la direcci\u00f3n IP mediante el acortamiento y excluye cualquier referencia personal directa. Mediante la extensi\u00f3n, la direcci\u00f3n IP es acortada previamente por Google dentro de los pa\u00edses miembros de la Uni\u00f3n Europea o en otros pa\u00edses parte del acuerdo del Espacio Econ\u00f3mico Europeo. Solo en casos excepcionales se transmite la direcci\u00f3n IP completa a un servidor de Google en EE.UU. y, una vez all\u00ed, es acortada. La direcci\u00f3n IP transmitida por el navegador correspondiente, en el marco de las acciones de Google Analytics, no se combina con otros datos de Google.<\/p>\n\n\n\n<p>En nombre del due\u00f1o de la p\u00e1gina, Google utilizar\u00e1 la informaci\u00f3n generada para valorar el uso de la p\u00e1gina, realizar informes sobre las actividades de la p\u00e1gina web y para llevar a cabo otros servicios relacionados con el uso de Internet o<br>de la p\u00e1gina web para el due\u00f1o de la p\u00e1gina (Art. 6 apart. 1 letra f) RGPD). El inter\u00e9s leg\u00edtimo del tratamiento de datos radica en la optimizaci\u00f3n de la p\u00e1gina web, el an\u00e1lisis del uso de la p\u00e1gina web y la adaptaci\u00f3n del contenido. Los intereses del usuario est\u00e1n garantizados adecuadamente mediante la pseudominizaci\u00f3n.<\/p>\n\n\n\n<p>Google LLC est\u00e1 certificado conforme al llamado Privacy Shield y, por tanto, queda garantizado un adecuado nivel de protecci\u00f3n de datos. Los datos enviados y los datos vinculados con Cookies, reconocimiento de usuario (p.ej. ID de usuario) o ID de publicidad se eliminan autom\u00e1ticamente transcurridos 50 meses. La eliminaci\u00f3n de datos, cuyo periodo de mantenimiento haya finalizado, se realiza autom\u00e1ticamente una vez al mes.<\/p>\n\n\n\n<p>El registro realizado por Google Analytics puede impedirse si el visitante de la p\u00e1gina configura los ajustes de Cookies para esta p\u00e1gina web. El registro y almacenamiento de la direcci\u00f3n IP y de los datos generados por las Cookies pueden anularse en cualquier momento sin efectos retroactivos. El correspondiente plugin del navegador puede descargarse e instalarse a trav\u00e9s del siguiente enlace https:\/\/tools.google.com\/dlpage\/gaoptout.<\/p>\n\n\n\n<p>El visitante de la p\u00e1gina puede desactivar el uso de datos de Google Analytics haciendo clic en este enlace.<br>A continuaci\u00f3n, se activar\u00e1 una Opt-Out-Cookie que bloquear\u00e1 el uso de sus datos al visitar esta p\u00e1gina web.<\/p>\n\n\n\n<p>M\u00e1s informaci\u00f3n sobre el uso de datos por Google, las opciones de configuraci\u00f3n y anulaci\u00f3n se puede encontrar en la Pol\u00edtica de Privacidad de Google, as\u00ed como en los ajustes para la publicidad de Google.<\/p>\n\n\n\n<p><strong>Pol\u00edtica de cookies<\/strong><br>Mediante esta pol\u00edtica de cookies, el propietario de la p\u00e1gina web le informa acerca del uso de cookies o de similares herramientas para el almacenamiento de datos (en adelante, \u201ccookies\u201d) en esta p\u00e1gina web.<\/p>\n\n\n\n<p><strong>\u00bfQu\u00e9 son cookies?<br><\/strong>Las cookies son peque\u00f1os archivos de texto que su navegador almacena en su dispositivo para guardar cierta informaci\u00f3n o archivos de im\u00e1genes, como los p\u00edxeles. La pr\u00f3xima vez que el usuario visite una p\u00e1gina web desde el mismo dispositivo, la informaci\u00f3n guardada en las cookies se transmitir\u00e1 posteriormente al sitio web visitado (&#8220;cookie de origen&#8221;) o a otra web a la que pertenezca la cookie (&#8220;cookie de terceros&#8221;).<\/p>\n\n\n\n<p>Gracias a la informaci\u00f3n almacenada, la respectiva p\u00e1gina web reconoce que el usuario ya ha accedido a ella desde el mismo navegador y dispositivo. Esta informaci\u00f3n es utilizada para poder dise\u00f1ar as\u00ed como ofrecerle este sitio web de forma \u00f3ptima y de acuerdo a sus preferencias.<\/p>\n\n\n\n<p>En ese sentido, solo la cookie se identifica en su dispositivo. M\u00e1s all\u00e1 de este alcance, sus datos personales solo quedar\u00e1n almacenados bajo su expreso consentimiento o en caso de ser estrictamente necesario para poder utilizar el servicio ofrecido por la p\u00e1gina web.<\/p>\n\n\n\n<p>Consentimiento para el uso de cookies<br>Las cookies que no son estrictamente necesarias para ofrecerle los servicios de nuestra p\u00e1gina web solamente ser\u00e1n empleadas bajo su consentimiento. Al continuar navegando por este sitio web despu\u00e9s de que aparezca el aviso sobre el uso de cookies. el usuario estar\u00e1 expresando su consentimiento sobre el uso de cookies en esta p\u00e1gina web.<\/p>\n\n\n\n<p>Por supuesto, el usuario puede dise\u00f1ar en todo momento la configuraci\u00f3n de cookies en esta web, activando y desactivando para ello las categor\u00edas de cookies.<\/p>\n\n\n\n<p>En el punto \u201cDesactivaci\u00f3n y eliminaci\u00f3n de todas las cookies\u201d de esta pol\u00edtica de cookies, el usuario puede desactivar en su navegador determinadas categor\u00edas de cookies o eliminar el uso de cookies en general (incluyendo las cookies esenciales).<\/p>\n\n\n\n<p>Base legal<br>Debido a los usos descritos anteriormente, la base legal para el procesamiento de datos personales mediante el uso de cookies queda establecida en el art. 6 (1) (f) del RGPD. Cuando el usuario\/visitante exprese su consentimiento para el uso de cookies mediante un aviso publicado por nosotros en nuestras p\u00e1ginas web (\u201caviso de uso de cookies\u201d), la legalidad del uso de cookies queda regulada por el art. 6 (1) (f) del RGPD.<\/p>\n\n\n\n<p><strong>Cookies<\/strong><br>Cookies estrictamente necesarias &#8220;<strong>SI&#8221;<\/strong><br>Las cookies estrictamente necesarias garantizan funcionalidades sin las que el usuario no podr\u00eda navegar correctamente por esta p\u00e1gina web. Estas cookies son utilizadas exclusivamente por nosotros y, por lo tanto, son cookies de origen. Esto significa que toda la informaci\u00f3n almacenada en las cookies solo se almacena en este sitio web.<\/p>\n\n\n\n<p><strong>En nuestra p\u00e1gina web utilizamos las siguientes cookies estrictamente necesarias:<\/strong><br><strong>No utlizamos cookies de seguimiento.<br><\/strong><br><strong>Nombre Descripci\u00f3n \/ finalidad Duraci\u00f3n<\/strong><br>Su consentimiento expreso no es necesario para el uso de cookies estrictamente necesarias en esta p\u00e1gina web. Por este motivo, el usuario no puede activar o desactivar las cookies estrictamente necesarias. Esta opci\u00f3n solo est\u00e1 disponible para las cookies que requieren su consentimiento, es decir, las cookies funcionales, de rendimiento y publicitarias. Sin embargo, en cualquier momento el usuario podr\u00e1 desactivar las cookies en su navegador (ver punto \u201cDesactivaci\u00f3n y eliminaci\u00f3n de todas las cookies\u201d).<\/p>\n\n\n\n<p><strong>Nombre Descripci\u00f3n \/ finalidad Duraci\u00f3n<br><\/strong>cookielaw Gracias a esta cookie, el aviso sobre el uso de cookies no se mostrar\u00e1 m\u00e1s una vez que el visitante las hayas aceptado. 1 a\u00f1o<br>shd Permite identificar al usuario en su siguiente visita 1 a\u00f1o<br>has_close_teaser Indica si un usuario ha cerrado un \u201cteaser\u201d, para que no se le vuelva a mostrar. Sesi\u00f3n<br>El usuario puede desautorizar siempre que lo desee el uso de cookies funcionales, desactiv\u00e1ndolas para ello en nuestra configuraci\u00f3n de cookies.<\/p>\n\n\n\n<p><strong>Desactivaci\u00f3n y eliminaci\u00f3n de todas las cookies<br><\/strong>El usuario puede configurar su navegador web de tal forma que nunca se almacenen las cookies en su dispositivo y\/o que la activaci\u00f3n de cookies solamente pueda producirse bajo su consentimiento. En cualquier momento, el usuario puede eliminar las cookies que hayan vuelto a quedar habilitadas. Mediante las opciones de ayuda de su navegador, el usuario puede encontrar todos los detalles al respecto.<\/p>\n\n\n\n<p>Tenga en cuenta que, en general, la desactivaci\u00f3n de cookies puede generar limitaciones en la oferta de funciones de nuestra p\u00e1gina web.<\/p>","protected":false},"excerpt":{"rendered":"<p>Aviso LegalInformaci\u00f3n general para dar cumplimento a la ley 34\/2002 LSSICE. Titular del web: M\u00aa Jos\u00e9 Vicente L\u00f3pez (MJ DETECTIVES)Nombre Comercial: MJ DETECTIVES. Matar\u00f3 (Espa\u00f1a)Tel. 639 169 989Email: info@detectivesmj.es Propiedad Intelectual e IndustrialTodos los contenidos de la presente p\u00e1gina web, incluyendo sin car\u00e1cter limitativo, textos, gr\u00e1ficos, im\u00e1genes, su dise\u00f1o y los derechos de propiedad intelectual [&hellip;]<\/p>\n","protected":false},"author":1,"featured_media":0,"parent":0,"menu_order":0,"comment_status":"closed","ping_status":"closed","template":"","meta":{"footnotes":""},"class_list":["post-8888","page","type-page","status-publish","hentry","kng-no-post-thumbnail"],"yoast_head":"<!-- This site is optimized with the Yoast SEO plugin v27.3 - https:\/\/yoast.com\/product\/yoast-seo-wordpress\/ -->\n<title>ca-0-Datos legales - Detectives Matar\u00f3 Maresme: MJ Detectives<\/title>\n<meta name=\"description\" content=\"Informaci\u00f3n legal sobre MJ Detectives: aviso legal, t\u00e9rminos de uso, pol\u00edtica de privacidad y protecci\u00f3n de datos (RGPD) para garantizar una navegaci\u00f3n segura y transparente en nuestra web.\" \/>\n<meta name=\"robots\" content=\"index, follow, max-snippet:-1, max-image-preview:large, max-video-preview:-1\" \/>\n<link rel=\"canonical\" href=\"https:\/\/detectivesmj.es\/ca\/wp-json\/wp\/v2\/pages\/8888\/\" \/>\n<meta property=\"og:locale\" content=\"ca_ES\" \/>\n<meta property=\"og:type\" content=\"article\" \/>\n<meta property=\"og:title\" content=\"Datos legales - Detectives Matar\u00f3 Maresme: MJ Detectives\" \/>\n<meta property=\"og:description\" content=\"Informaci\u00f3n legal sobre MJ Detectives: aviso legal, t\u00e9rminos de uso, pol\u00edtica de privacidad y protecci\u00f3n de datos (RGPD) para garantizar una navegaci\u00f3n segura y transparente en nuestra web.\" \/>\n<meta property=\"og:url\" content=\"https:\/\/detectivesmj.es\/ca\/datos-legales\/\" \/>\n<meta property=\"og:site_name\" content=\"Detectives Matar\u00f3 Maresme: MJ Detectives\" \/>\n<meta property=\"article:modified_time\" content=\"2026-02-04T19:03:42+00:00\" \/>\n<meta name=\"twitter:card\" content=\"summary_large_image\" \/>\n<meta name=\"twitter:label1\" content=\"Temps estimat de lectura\" \/>\n\t<meta name=\"twitter:data1\" content=\"8 minuts\" \/>\n<script type=\"application\/ld+json\" class=\"yoast-schema-graph\">{\"@context\":\"https:\\\/\\\/schema.org\",\"@graph\":[{\"@type\":\"WebPage\",\"@id\":\"https:\\\/\\\/detectivesmj.es\\\/datos-legales\\\/\",\"url\":\"https:\\\/\\\/detectivesmj.es\\\/datos-legales\\\/\",\"name\":\"Datos legales - Detectives Matar\u00f3 Maresme: MJ Detectives\",\"isPartOf\":{\"@id\":\"https:\\\/\\\/detectivesmj.es\\\/#website\"},\"datePublished\":\"2025-08-31T07:52:32+00:00\",\"dateModified\":\"2026-02-04T19:03:42+00:00\",\"description\":\"Informaci\u00f3n legal sobre MJ Detectives: aviso legal, t\u00e9rminos de uso, pol\u00edtica de privacidad y protecci\u00f3n de datos (RGPD) para garantizar una navegaci\u00f3n segura y transparente en nuestra web.\",\"breadcrumb\":{\"@id\":\"https:\\\/\\\/detectivesmj.es\\\/datos-legales\\\/#breadcrumb\"},\"inLanguage\":\"ca\",\"potentialAction\":[{\"@type\":\"ReadAction\",\"target\":[\"https:\\\/\\\/detectivesmj.es\\\/datos-legales\\\/\"]}]},{\"@type\":\"BreadcrumbList\",\"@id\":\"https:\\\/\\\/detectivesmj.es\\\/datos-legales\\\/#breadcrumb\",\"itemListElement\":[{\"@type\":\"ListItem\",\"position\":1,\"name\":\"Portada\",\"item\":\"https:\\\/\\\/detectivesmj.es\\\/\"},{\"@type\":\"ListItem\",\"position\":2,\"name\":\"Datos legales\"}]},{\"@type\":\"WebSite\",\"@id\":\"https:\\\/\\\/detectivesmj.es\\\/#website\",\"url\":\"https:\\\/\\\/detectivesmj.es\\\/\",\"name\":\"Detectives Matar\u00f3 Maresme: MJ Detectives\",\"description\":\"Attorney &amp; Lawyers WordPress Theme\",\"potentialAction\":[{\"@type\":\"SearchAction\",\"target\":{\"@type\":\"EntryPoint\",\"urlTemplate\":\"https:\\\/\\\/detectivesmj.es\\\/?s={search_term_string}\"},\"query-input\":{\"@type\":\"PropertyValueSpecification\",\"valueRequired\":true,\"valueName\":\"search_term_string\"}}],\"inLanguage\":\"ca\"}]}<\/script>\n<!-- \/ Yoast SEO plugin. -->","yoast_head_json":{"title":"ca-0-Datos legales - Detectives Matar\u00f3 Maresme: MJ Detectives","description":"Informaci\u00f3n legal sobre MJ Detectives: aviso legal, t\u00e9rminos de uso, pol\u00edtica de privacidad y protecci\u00f3n de datos (RGPD) para garantizar una navegaci\u00f3n segura y transparente en nuestra web.","robots":{"index":"index","follow":"follow","max-snippet":"max-snippet:-1","max-image-preview":"max-image-preview:large","max-video-preview":"max-video-preview:-1"},"canonical":"https:\/\/detectivesmj.es\/ca\/wp-json\/wp\/v2\/pages\/8888\/","og_locale":"ca_ES","og_type":"article","og_title":"Datos legales - Detectives Matar\u00f3 Maresme: MJ Detectives","og_description":"Informaci\u00f3n legal sobre MJ Detectives: aviso legal, t\u00e9rminos de uso, pol\u00edtica de privacidad y protecci\u00f3n de datos (RGPD) para garantizar una navegaci\u00f3n segura y transparente en nuestra web.","og_url":"https:\/\/detectivesmj.es\/ca\/datos-legales\/","og_site_name":"Detectives Matar\u00f3 Maresme: MJ Detectives","article_modified_time":"2026-02-04T19:03:42+00:00","twitter_card":"summary_large_image","twitter_misc":{"Temps estimat de lectura":"8 minuts"},"schema":{"@context":"https:\/\/schema.org","@graph":[{"@type":"WebPage","@id":"https:\/\/detectivesmj.es\/datos-legales\/","url":"https:\/\/detectivesmj.es\/datos-legales\/","name":"Datos legales - Detectives Matar\u00f3 Maresme: MJ Detectives","isPartOf":{"@id":"https:\/\/detectivesmj.es\/#website"},"datePublished":"2025-08-31T07:52:32+00:00","dateModified":"2026-02-04T19:03:42+00:00","description":"Informaci\u00f3n legal sobre MJ Detectives: aviso legal, t\u00e9rminos de uso, pol\u00edtica de privacidad y protecci\u00f3n de datos (RGPD) para garantizar una navegaci\u00f3n segura y transparente en nuestra web.","breadcrumb":{"@id":"https:\/\/detectivesmj.es\/datos-legales\/#breadcrumb"},"inLanguage":"ca","potentialAction":[{"@type":"ReadAction","target":["https:\/\/detectivesmj.es\/datos-legales\/"]}]},{"@type":"BreadcrumbList","@id":"https:\/\/detectivesmj.es\/datos-legales\/#breadcrumb","itemListElement":[{"@type":"ListItem","position":1,"name":"Portada","item":"https:\/\/detectivesmj.es\/"},{"@type":"ListItem","position":2,"name":"Datos legales"}]},{"@type":"WebSite","@id":"https:\/\/detectivesmj.es\/#website","url":"https:\/\/detectivesmj.es\/","name":"Detectives Matar\u00f3 Maresme: MJ Detectives","description":"Attorney &amp; Lawyers WordPress Theme","potentialAction":[{"@type":"SearchAction","target":{"@type":"EntryPoint","urlTemplate":"https:\/\/detectivesmj.es\/?s={search_term_string}"},"query-input":{"@type":"PropertyValueSpecification","valueRequired":true,"valueName":"search_term_string"}}],"inLanguage":"ca"}]}},"_links":{"self":[{"href":"https:\/\/detectivesmj.es\/ca\/wp-json\/wp\/v2\/pages\/8888","targetHints":{"allow":["GET"]}}],"collection":[{"href":"https:\/\/detectivesmj.es\/ca\/wp-json\/wp\/v2\/pages"}],"about":[{"href":"https:\/\/detectivesmj.es\/ca\/wp-json\/wp\/v2\/types\/page"}],"author":[{"embeddable":true,"href":"https:\/\/detectivesmj.es\/ca\/wp-json\/wp\/v2\/users\/1"}],"replies":[{"embeddable":true,"href":"https:\/\/detectivesmj.es\/ca\/wp-json\/wp\/v2\/comments?post=8888"}],"version-history":[{"count":1,"href":"https:\/\/detectivesmj.es\/ca\/wp-json\/wp\/v2\/pages\/8888\/revisions"}],"predecessor-version":[{"id":8889,"href":"https:\/\/detectivesmj.es\/ca\/wp-json\/wp\/v2\/pages\/8888\/revisions\/8889"}],"wp:attachment":[{"href":"https:\/\/detectivesmj.es\/ca\/wp-json\/wp\/v2\/media?parent=8888"}],"curies":[{"name":"wp","href":"https:\/\/api.w.org\/{rel}","templated":true}]}}