{"id":8896,"date":"2025-08-31T08:08:42","date_gmt":"2025-08-31T08:08:42","guid":{"rendered":"https:\/\/detectivesmj.es\/?page_id=8896"},"modified":"2026-02-04T19:03:24","modified_gmt":"2026-02-04T19:03:24","slug":"declaracion-de-accesibilidad","status":"publish","type":"page","link":"https:\/\/detectivesmj.es\/ca\/declaracion-de-accesibilidad\/","title":{"rendered":"Declaraci\u00f3 d'accesibilitat"},"content":{"rendered":"\n<p>El\u00a0<strong>detectivesmj.es<\/strong>\u00a0se ha comprometido a hacer accesibles sus sitios web, de conformidad con el\u00a0<strong><a href=\"https:\/\/www.boe.es\/buscar\/act.php?id=BOE-A-2018-12699\" target=\"_blank\" rel=\"noreferrer noopener\">Real Decreto 1112\/2018<\/a><\/strong>, de 7 de septiembre, sobre accesibilidad de los sitios web y aplicaciones para dispositivos m\u00f3viles del sector p\u00fablico, por la que se traspone al ordenamiento jur\u00eddico espa\u00f1ol la\u00a0<a href=\"http:\/\/eur-lex.europa.eu\/legal-content\/ES\/TXT\/?uri=uriserv:OJ.L_.2016.327.01.0001.01.SPA&amp;toc=OJ:L:2016:327:FULL\" target=\"_blank\" rel=\"noreferrer noopener\">Directiva (UE) 2016\/2102 del Parlamento Europeo y del Consejo<\/a>.<\/p>\n\n\n\n<p>La presente declaraci\u00f3n de accesibilidad se aplica al portal institucional\u00a0<a href=\"https:\/\/detectivesmj.es\/\">www.detectivesmj.es<\/a>.<\/p>\n\n\n\n<h2 class=\"wp-block-heading\">Situaci\u00f3n de cumplimiento<\/h2>\n\n\n\n<p>Este sitio web es&nbsp;<strong>parcialmente conforme<\/strong>&nbsp;con el&nbsp;<a href=\"https:\/\/www.boe.es\/diario_boe\/txt.php?id=BOE-A-2018-12699\" target=\"_blank\" rel=\"noreferrer noopener\"><strong>RD 1112\/2018<\/strong><\/a>&nbsp;debido a las excepciones y a la falta de conformidad de los aspectos que se indican a continuaci\u00f3n.<\/p>\n\n\n\n<h2 class=\"wp-block-heading\">Contenido no accesible<\/h2>\n\n\n\n<p>El contenido que se recoge a continuaci\u00f3n no es accesible por lo siguiente:<\/p>\n\n\n\n<ol class=\"wp-block-list\">\n<li><strong>Falta de conformidad con el RD 1112\/2018<\/strong>\n<ul class=\"wp-block-list\">\n<li>Debido a la automatizaci\u00f3n de algunas de las publicaciones podr\u00edan existir p\u00e1ginas con un incorrecto anidamiento de etiquetas HTML.<\/li>\n\n\n\n<li>Existen documentos en formato PDF que no cumplen con la normativa existiendo en algunos de ellos, una alternativa textual HTML que cumple la normativa.<\/li>\n\n\n\n<li>Podr\u00edan existir fallos puntuales de edici\u00f3n en alguna p\u00e1gina web.<\/li>\n<\/ul>\n<\/li>\n\n\n\n<li><strong>Carga desproporcionada<\/strong>\n<ul class=\"wp-block-list\">\n<li>No aplica.<\/li>\n<\/ul>\n<\/li>\n\n\n\n<li><strong>Contenido que no entra dentro del \u00e1mbito de la legislaci\u00f3n aplicable<\/strong>\n<ul class=\"wp-block-list\">\n<li>Archivos ofim\u00e1ticos en PDF u otros formatos, as\u00ed como aplicaciones publicadas antes del 1 de junio de 2023 que no cumplan en su totalidad todos los requisitos de accesibilidad.<\/li>\n\n\n\n<li>Contenidos multimedia en directo.<\/li>\n\n\n\n<li>Contenido multimedia pregrabado de base temporal\u00a0<em>del pleno y ruedas de prensa<\/em>, o publicado antes de la entrada en vigor del Real Decreto.<\/li>\n\n\n\n<li>Servicios de mapa y cartograf\u00eda en l\u00ednea.<\/li>\n<\/ul>\n<\/li>\n<\/ol>\n\n\n\n<h2 class=\"wp-block-heading\">Preparaci\u00f3n de la presente declaraci\u00f3n de accesibilidad<\/h2>\n\n\n\n<p>La presente declaraci\u00f3n fue preparada el 14 de junio de 2023 y est\u00e1 basada en los Informes de Accesibilidad Web del&nbsp;<a href=\"https:\/\/administracionelectronica.gob.es\/pae_Home\/pae_Estrategias\/pae_Accesibilidad.html\" target=\"_blank\" rel=\"noreferrer noopener\"><strong>Observatorio de Accesibilidad<\/strong><\/a>.<\/p>\n\n\n\n<p>La fecha de la \u00faltima revisi\u00f3n ha sido el 14 de junio de 2023.<\/p>\n\n\n\n<h2 class=\"wp-block-heading\">Observaciones y datos de contacto<\/h2>\n\n\n\n<p>Puede realizar&nbsp;<strong>comunicaciones<\/strong>&nbsp;sobre requisitos de accesibilidad (art\u00edculo 10.2 del RD 1112\/2018) como por ejemplo:<\/p>\n\n\n\n<ul class=\"wp-block-list\">\n<li>informar sobre cualquier posible incumplimiento por parte de este sitio web<\/li>\n\n\n\n<li>transmitir otras\u00a0<strong>dificultades de acceso<\/strong>\u00a0al contenido<\/li>\n\n\n\n<li>formular cualquier otra\u00a0<strong>consulta o sugerencia de mejora<\/strong>\u00a0relativa a la accesibilidad del sitio web<\/li>\n<\/ul>\n\n\n\n<p>a trav\u00e9s del&nbsp;<a href=\"https:\/\/www.sevilla.org\/contacto\/contact-info\">formulario de contacto<\/a>&nbsp;de este sitio web.<\/p>\n\n\n\n<p>Las comunicaciones ser\u00e1n recibidas y tratadas por\u00a0detectivesmj.es<\/p>\n\n\n\n<h2 class=\"wp-block-heading\">Procedimiento de aplicaci\u00f3n<\/h2>\n\n\n\n<p>Se pondr\u00e1 en marcha un procedimiento de aplicaci\u00f3n adecuado y eficaz al que debe recurrirse en caso de que la respuesta a la comunicaci\u00f3n o a la solicitud sea insatisfactoria. [<strong>Pendiente<\/strong>]<\/p>\n\n\n\n<h2 class=\"wp-block-heading\">Contenido opcional<\/h2>\n\n\n\n<p>Este sitio web:<\/p>\n\n\n\n<ul class=\"wp-block-list\">\n<li>Se ha dise\u00f1ado adapt\u00e1ndose a los est\u00e1ndares y normativas vigentes en relaci\u00f3n a la accesibilidad, cumpliendo con los puntos de verificaci\u00f3n de prioridad 2 (AA) definidos en la especificaci\u00f3n de Pautas de Accesibilidad al Contenido en la Web (WCAG 2.1).<\/li>\n\n\n\n<li>Cumple con los requisitos de la Norma\u00a0<a href=\"https:\/\/administracionelectronica.gob.es\/pae_Home\/dam\/jcr:2352eaaf-2ee8-4501-a67b-bb682c6de934\/Norma_UNE-EN_301549.pdf\" target=\"_blank\" rel=\"noreferrer noopener\">UNE-EN 301549 v1.1.2:2015<\/a>, considerando las excepciones del Real Decreto 1112\/2018.<\/li>\n\n\n\n<li>Est\u00e1 dise\u00f1ado para su correcta visualizaci\u00f3n en dispositivos de escritorio, tablet y m\u00f3viles para una resoluci\u00f3n m\u00ednima de\u00a0<strong>1280\u00d71024<\/strong>.<\/li>\n\n\n\n<li>Se ha realizado utilizando HTML5 como lenguaje de marcado y hojas de estilo CSS 3 para su dise\u00f1o.<\/li>\n\n\n\n<li>Est\u00e1 dise\u00f1ado para su uso con javascript no intrusivo ofreciendo, en el caso de que su navegador no lo soporte, su correspondiente alternativa no javascript.<\/li>\n<\/ul>\n\n\n\n<p><\/p>\n","protected":false},"excerpt":{"rendered":"<p>El\u00a0detectivesmj.es\u00a0se ha comprometido a hacer accesibles sus sitios web, de conformidad con el\u00a0Real Decreto 1112\/2018, de 7 de septiembre, sobre accesibilidad de los sitios web y aplicaciones para dispositivos m\u00f3viles del sector p\u00fablico, por la que se traspone al ordenamiento jur\u00eddico espa\u00f1ol la\u00a0Directiva (UE) 2016\/2102 del Parlamento Europeo y del Consejo. La presente declaraci\u00f3n de [&hellip;]<\/p>\n","protected":false},"author":1,"featured_media":0,"parent":0,"menu_order":0,"comment_status":"closed","ping_status":"closed","template":"","meta":{"footnotes":""},"class_list":["post-8896","page","type-page","status-publish","hentry","kng-no-post-thumbnail"],"yoast_head":"<!-- This site is optimized with the Yoast SEO plugin v27.3 - https:\/\/yoast.com\/product\/yoast-seo-wordpress\/ -->\n<title>ca-0-Declaraci\u00f3n de accesibilidad - Detectives Matar\u00f3 Maresme: MJ Detectives<\/title>\n<meta name=\"description\" content=\"Declaraci\u00f3n de accesibilidad de MJ Detectives. Detalles sobre el cumplimiento del Real Decreto 1112\/2018 para garantizar que nuestro sitio web sea accesible para todos los usuarios.\" \/>\n<meta name=\"robots\" content=\"index, follow, max-snippet:-1, max-image-preview:large, max-video-preview:-1\" \/>\n<link rel=\"canonical\" href=\"https:\/\/detectivesmj.es\/ca\/wp-json\/wp\/v2\/pages\/8896\/\" \/>\n<meta property=\"og:locale\" content=\"ca_ES\" \/>\n<meta property=\"og:type\" content=\"article\" \/>\n<meta property=\"og:title\" content=\"Declaraci\u00f3n de accesibilidad - Detectives Matar\u00f3 Maresme: MJ Detectives\" \/>\n<meta property=\"og:description\" content=\"Declaraci\u00f3n de accesibilidad de MJ Detectives. Detalles sobre el cumplimiento del Real Decreto 1112\/2018 para garantizar que nuestro sitio web sea accesible para todos los usuarios.\" \/>\n<meta property=\"og:url\" content=\"https:\/\/detectivesmj.es\/ca\/declaracion-de-accesibilidad\/\" \/>\n<meta property=\"og:site_name\" content=\"Detectives Matar\u00f3 Maresme: MJ Detectives\" \/>\n<meta property=\"article:modified_time\" content=\"2026-02-04T19:03:24+00:00\" \/>\n<meta name=\"twitter:card\" content=\"summary_large_image\" \/>\n<meta name=\"twitter:label1\" content=\"Temps estimat de lectura\" \/>\n\t<meta name=\"twitter:data1\" content=\"3 minuts\" \/>\n<script type=\"application\/ld+json\" class=\"yoast-schema-graph\">{\"@context\":\"https:\\\/\\\/schema.org\",\"@graph\":[{\"@type\":\"WebPage\",\"@id\":\"https:\\\/\\\/detectivesmj.es\\\/declaracion-de-accesibilidad\\\/\",\"url\":\"https:\\\/\\\/detectivesmj.es\\\/declaracion-de-accesibilidad\\\/\",\"name\":\"Declaraci\u00f3n de accesibilidad - Detectives Matar\u00f3 Maresme: MJ Detectives\",\"isPartOf\":{\"@id\":\"https:\\\/\\\/detectivesmj.es\\\/#website\"},\"datePublished\":\"2025-08-31T08:08:42+00:00\",\"dateModified\":\"2026-02-04T19:03:24+00:00\",\"description\":\"Declaraci\u00f3n de accesibilidad de MJ Detectives. Detalles sobre el cumplimiento del Real Decreto 1112\\\/2018 para garantizar que nuestro sitio web sea accesible para todos los usuarios.\",\"breadcrumb\":{\"@id\":\"https:\\\/\\\/detectivesmj.es\\\/declaracion-de-accesibilidad\\\/#breadcrumb\"},\"inLanguage\":\"ca\",\"potentialAction\":[{\"@type\":\"ReadAction\",\"target\":[\"https:\\\/\\\/detectivesmj.es\\\/declaracion-de-accesibilidad\\\/\"]}]},{\"@type\":\"BreadcrumbList\",\"@id\":\"https:\\\/\\\/detectivesmj.es\\\/declaracion-de-accesibilidad\\\/#breadcrumb\",\"itemListElement\":[{\"@type\":\"ListItem\",\"position\":1,\"name\":\"Portada\",\"item\":\"https:\\\/\\\/detectivesmj.es\\\/\"},{\"@type\":\"ListItem\",\"position\":2,\"name\":\"Declaraci\u00f3n de accesibilidad\"}]},{\"@type\":\"WebSite\",\"@id\":\"https:\\\/\\\/detectivesmj.es\\\/#website\",\"url\":\"https:\\\/\\\/detectivesmj.es\\\/\",\"name\":\"Detectives Matar\u00f3 Maresme: MJ Detectives\",\"description\":\"Attorney &amp; Lawyers WordPress Theme\",\"potentialAction\":[{\"@type\":\"SearchAction\",\"target\":{\"@type\":\"EntryPoint\",\"urlTemplate\":\"https:\\\/\\\/detectivesmj.es\\\/?s={search_term_string}\"},\"query-input\":{\"@type\":\"PropertyValueSpecification\",\"valueRequired\":true,\"valueName\":\"search_term_string\"}}],\"inLanguage\":\"ca\"}]}<\/script>\n<!-- \/ Yoast SEO plugin. -->","yoast_head_json":{"title":"ca-0-Declaraci\u00f3n de accesibilidad - Detectives Matar\u00f3 Maresme: MJ Detectives","description":"Declaraci\u00f3n de accesibilidad de MJ Detectives. Detalles sobre el cumplimiento del Real Decreto 1112\/2018 para garantizar que nuestro sitio web sea accesible para todos los usuarios.","robots":{"index":"index","follow":"follow","max-snippet":"max-snippet:-1","max-image-preview":"max-image-preview:large","max-video-preview":"max-video-preview:-1"},"canonical":"https:\/\/detectivesmj.es\/ca\/wp-json\/wp\/v2\/pages\/8896\/","og_locale":"ca_ES","og_type":"article","og_title":"Declaraci\u00f3n de accesibilidad - Detectives Matar\u00f3 Maresme: MJ Detectives","og_description":"Declaraci\u00f3n de accesibilidad de MJ Detectives. Detalles sobre el cumplimiento del Real Decreto 1112\/2018 para garantizar que nuestro sitio web sea accesible para todos los usuarios.","og_url":"https:\/\/detectivesmj.es\/ca\/declaracion-de-accesibilidad\/","og_site_name":"Detectives Matar\u00f3 Maresme: MJ Detectives","article_modified_time":"2026-02-04T19:03:24+00:00","twitter_card":"summary_large_image","twitter_misc":{"Temps estimat de lectura":"3 minuts"},"schema":{"@context":"https:\/\/schema.org","@graph":[{"@type":"WebPage","@id":"https:\/\/detectivesmj.es\/declaracion-de-accesibilidad\/","url":"https:\/\/detectivesmj.es\/declaracion-de-accesibilidad\/","name":"Declaraci\u00f3n de accesibilidad - Detectives Matar\u00f3 Maresme: MJ Detectives","isPartOf":{"@id":"https:\/\/detectivesmj.es\/#website"},"datePublished":"2025-08-31T08:08:42+00:00","dateModified":"2026-02-04T19:03:24+00:00","description":"Declaraci\u00f3n de accesibilidad de MJ Detectives. Detalles sobre el cumplimiento del Real Decreto 1112\/2018 para garantizar que nuestro sitio web sea accesible para todos los usuarios.","breadcrumb":{"@id":"https:\/\/detectivesmj.es\/declaracion-de-accesibilidad\/#breadcrumb"},"inLanguage":"ca","potentialAction":[{"@type":"ReadAction","target":["https:\/\/detectivesmj.es\/declaracion-de-accesibilidad\/"]}]},{"@type":"BreadcrumbList","@id":"https:\/\/detectivesmj.es\/declaracion-de-accesibilidad\/#breadcrumb","itemListElement":[{"@type":"ListItem","position":1,"name":"Portada","item":"https:\/\/detectivesmj.es\/"},{"@type":"ListItem","position":2,"name":"Declaraci\u00f3n de accesibilidad"}]},{"@type":"WebSite","@id":"https:\/\/detectivesmj.es\/#website","url":"https:\/\/detectivesmj.es\/","name":"Detectives Matar\u00f3 Maresme: MJ Detectives","description":"Attorney &amp; Lawyers WordPress Theme","potentialAction":[{"@type":"SearchAction","target":{"@type":"EntryPoint","urlTemplate":"https:\/\/detectivesmj.es\/?s={search_term_string}"},"query-input":{"@type":"PropertyValueSpecification","valueRequired":true,"valueName":"search_term_string"}}],"inLanguage":"ca"}]}},"_links":{"self":[{"href":"https:\/\/detectivesmj.es\/ca\/wp-json\/wp\/v2\/pages\/8896","targetHints":{"allow":["GET"]}}],"collection":[{"href":"https:\/\/detectivesmj.es\/ca\/wp-json\/wp\/v2\/pages"}],"about":[{"href":"https:\/\/detectivesmj.es\/ca\/wp-json\/wp\/v2\/types\/page"}],"author":[{"embeddable":true,"href":"https:\/\/detectivesmj.es\/ca\/wp-json\/wp\/v2\/users\/1"}],"replies":[{"embeddable":true,"href":"https:\/\/detectivesmj.es\/ca\/wp-json\/wp\/v2\/comments?post=8896"}],"version-history":[{"count":4,"href":"https:\/\/detectivesmj.es\/ca\/wp-json\/wp\/v2\/pages\/8896\/revisions"}],"predecessor-version":[{"id":8901,"href":"https:\/\/detectivesmj.es\/ca\/wp-json\/wp\/v2\/pages\/8896\/revisions\/8901"}],"wp:attachment":[{"href":"https:\/\/detectivesmj.es\/ca\/wp-json\/wp\/v2\/media?parent=8896"}],"curies":[{"name":"wp","href":"https:\/\/api.w.org\/{rel}","templated":true}]}}